{"id":939,"date":"2021-03-28T18:00:37","date_gmt":"2021-03-28T18:00:37","guid":{"rendered":"https:\/\/gralsbotschaft.net\/continut\/"},"modified":"2023-03-27T18:22:34","modified_gmt":"2023-03-27T18:22:34","slug":"continut","status":"publish","type":"page","link":"https:\/\/gralsbotschaft.net\/ro\/continut\/","title":{"rendered":"Con\u021binut"},"content":{"rendered":"<p>[et_pb_section fb_built=&#8221;1&#8243; _builder_version=&#8221;4.16&#8243; _module_preset=&#8221;default&#8221; use_background_color_gradient=&#8221;on&#8221; background_color_gradient_type=&#8221;circular&#8221; background_color_gradient_stops=&#8221;#ffffff 0%|#4b6f20 85%&#8221; background_color_gradient_start=&#8221;#ffffff&#8221; background_color_gradient_end=&#8221;#4b6f20&#8243; background_color_gradient_end_position=&#8221;85%&#8221; global_colors_info=&#8221;{}&#8221;][et_pb_row column_structure=&#8221;1_4,1_2,1_4&#8243; make_equal=&#8221;on&#8221; _builder_version=&#8221;4.16&#8243; _module_preset=&#8221;default&#8221; width=&#8221;85%&#8221; max_width=&#8221;85%&#8221; global_colors_info=&#8221;{}&#8221;][et_pb_column type=&#8221;1_4&#8243; _builder_version=&#8221;4.16&#8243; _module_preset=&#8221;default&#8221; global_colors_info=&#8221;{}&#8221;][\/et_pb_column][et_pb_column type=&#8221;1_2&#8243; _builder_version=&#8221;4.16&#8243; _module_preset=&#8221;default&#8221; global_colors_info=&#8221;{}&#8221;][et_pb_image src=&#8221;https:\/\/gralsbotschaft.net\/wp-content\/uploads\/2021\/03\/Mesajul-Graalului-In-Lumina-Adevarului-2.png&#8221; title_text=&#8221;Mesajul-Graalului-\u00cen-Lumina-Adev\u0103rului&#8221; _builder_version=&#8221;4.16&#8243; _module_preset=&#8221;default&#8221; width=&#8221;35%&#8221; max_width=&#8221;35%&#8221; module_alignment=&#8221;center&#8221; global_colors_info=&#8221;{}&#8221;][\/et_pb_image][et_pb_text _builder_version=&#8221;4.16&#8243; _module_preset=&#8221;default&#8221; text_font=&#8221;Georgia||||||||&#8221; text_text_color=&#8221;#333333&#8243; text_font_size=&#8221;18px&#8221; custom_margin=&#8221;||5px||false|false&#8221; global_colors_info=&#8221;{}&#8221;]<\/p>\n<p>Cuprinsul Mesajului Graalului \u201e\u00cen Lumina Adev\u0103rului\u201d<\/p>\n<p>[\/et_pb_text][et_pb_divider color=&#8221;#333333&#8243; _builder_version=&#8221;4.16&#8243; _module_preset=&#8221;default&#8221; custom_margin=&#8221;||5px||false|false&#8221; global_colors_info=&#8221;{}&#8221;][\/et_pb_divider][et_pb_text _builder_version=&#8221;4.20.2&#8243; _module_preset=&#8221;default&#8221; text_font=&#8221;Georgia||||||||&#8221; text_text_color=&#8221;#333333&#8243; text_font_size=&#8221;18px&#8221; header_2_line_height=&#8221;1.5em&#8221; custom_margin=&#8221;||16px||false|false&#8221; custom_css_main_element=&#8221;height:450px;||overflow:auto;&#8221; global_colors_info=&#8221;{}&#8221;]<\/p>\n<h2><\/h2>\n<h2>Volumul I<\/h2>\n<p>Spre \u00eendrumare!<\/p>\n<ol class=\"iv\">\n<li class=\"iv\">Ce c\u0103uta\u021bi voi?<\/li>\n<li class=\"iv\">Strig\u0103tul dup\u0103 Cel care ajut\u0103<\/li>\n<li class=\"iv\">Antichristul<\/li>\n<li class=\"iv\">Moralitate<\/li>\n<li class=\"iv\">Trezi\u021bi-v\u0103!<\/li>\n<li class=\"iv\">T\u0103cerea<\/li>\n<li class=\"iv\">\u00cen\u0103l\u021bare<\/li>\n<li class=\"iv\">Cult<\/li>\n<li class=\"iv\">\u00cencremenire<\/li>\n<li class=\"iv\">Naivitate copil\u0103reasc\u0103<\/li>\n<li class=\"iv\">Castitate<\/li>\n<li class=\"iv\">Primul pas<\/li>\n<li class=\"iv\">Lumea<\/li>\n<li class=\"iv\">Steaua Bethlehemului<\/li>\n<li class=\"iv\">Conflictul<\/li>\n<li class=\"iv\">\u0218tiin\u021bele umane moderne<\/li>\n<li class=\"iv\">C\u0103i gre\u0219ite<\/li>\n<li class=\"iv\">Ce-i separ\u0103 ast\u0103zi de Lumin\u0103 pe at\u00e2\u021bia oameni?<\/li>\n<li class=\"iv\">A fost odat\u0103\u2026 !<\/li>\n<li class=\"iv\">Erori pornite din ne\u00een\u021belegere<\/li>\n<li class=\"iv\">Cuv\u00e2ntul omenesc<\/li>\n<li class=\"iv\">Femeia Postcrea\u021biei<\/li>\n<li class=\"iv\">Supunere<\/li>\n<li class=\"iv\">Tr\u00e2nd\u0103vie spiritual\u0103<\/li>\n<li class=\"iv\">Omul p\u0103m\u00e2ntesc \u00een fa\u021ba Dumnezeului s\u0103u<\/li>\n<li class=\"iv\">S\u0103 se trezeasc\u0103 tot ce e mort \u00een Crea\u021bie ca s\u0103 se judece!<\/li>\n<li class=\"iv\">Cartea Vie\u021bii<\/li>\n<li class=\"iv\">\u00cemp\u0103r\u0103\u021bia de o mie de ani<\/li>\n<li class=\"iv\">Un cuv\u00e2nt necesar<\/li>\n<li class=\"iv\">Marea comet\u0103<\/li>\n<li class=\"iv\">\u00cenv\u0103\u021b\u0103torul lumii<\/li>\n<li class=\"iv\">Str\u0103inul<\/li>\n<li class=\"iv\">Salvare! M\u00e2ntuire!<\/li>\n<li class=\"iv\">Graiul Domnului<\/li>\n<\/ol>\n<h2>Volumul al II-lea<\/h2>\n<ol class=\"iv\">\n<li class=\"iv\">Responsabilitate<\/li>\n<li class=\"iv\">Soart\u0103<\/li>\n<li class=\"iv\">Crearea omului<\/li>\n<li class=\"iv\">Omul \u00een Crea\u021bie<\/li>\n<li class=\"iv\">P\u0103cat ereditar<\/li>\n<li class=\"iv\">Dumnezeu<\/li>\n<li class=\"iv\">Vocea interioar\u0103<\/li>\n<li class=\"iv\">Religia iubirii<\/li>\n<li class=\"iv\">M\u00e2ntuitorul<\/li>\n<li class=\"iv\">Misterul na\u0219terii<\/li>\n<li class=\"iv\">E de recomandat antrenamentul ocult?<\/li>\n<li class=\"iv\">Spiritism<\/li>\n<li class=\"iv\">Legat de p\u0103m\u00e2nt<\/li>\n<li class=\"iv\">Promoveaz\u0103 continen\u021ba sexual\u0103 evolu\u021bia spiritual\u0103?<\/li>\n<li class=\"iv\">Forme de g\u00e2nduri<\/li>\n<li class=\"iv\">Vegheaz\u0103 \u0219i roag\u0103-te!<\/li>\n<li class=\"iv\">C\u0103s\u0103toria<\/li>\n<li class=\"iv\">Dreptul copiilor asupra p\u0103rin\u021bilor<\/li>\n<li class=\"iv\">Rug\u0103ciunea<\/li>\n<li class=\"iv\">Tat\u0103l nostru<\/li>\n<li class=\"iv\">Adorarea lui Dumnezeu<\/li>\n<li class=\"iv\">Omul \u0219i liberul s\u0103u arbitru<\/li>\n<li class=\"iv\">Oameni ideali<\/li>\n<li class=\"iv\">Arunca\u021bi asupra Lui toat\u0103 vina<\/li>\n<li class=\"iv\">Crima hipnozei<\/li>\n<li class=\"iv\">Astrologie<\/li>\n<li class=\"iv\">Simbolica \u00een soarta oamenilor<\/li>\n<li class=\"iv\">Credin\u021b\u0103<\/li>\n<li class=\"iv\">Bunuri p\u0103m\u00e2nte\u0219ti<\/li>\n<li class=\"iv\">Moartea<\/li>\n<li class=\"iv\">Decedat<\/li>\n<li class=\"iv\">Minuni<\/li>\n<li class=\"iv\">Botezul<\/li>\n<li class=\"iv\">Sf\u00e2ntul Graal<\/li>\n<li class=\"iv\">Misterul Lucifer<\/li>\n<li class=\"iv\">Regiunile \u00eentunericului \u0219i pierzania<\/li>\n<li class=\"iv\">Domeniile Luminii \u0219i Paradisul<\/li>\n<li class=\"iv\">Evenimente ale lumii<\/li>\n<li class=\"iv\">Diferen\u021ba de ob\u00e2r\u0219ie \u00eentre om \u0219i animal<\/li>\n<li class=\"iv\">Separarea \u00eentre omenire \u0219i \u0219tiin\u021b\u0103<\/li>\n<li class=\"iv\">Spirit<\/li>\n<li class=\"iv\">Dezvoltarea Crea\u021biei<\/li>\n<li class=\"iv\">Eu sunt Domnul, Dumnezeul t\u0103u!<\/li>\n<li class=\"iv\">Concep\u021bia neprih\u0103nit\u0103 \u0219i na\u0219terea Fiului lui Dumnezeu<\/li>\n<li class=\"iv\">Moartea pe cruce a Fiului lui Dumnezeu \u0219i Cina cea de tain\u0103<\/li>\n<li class=\"iv\">D\u0103-te jos de pe cruce!<\/li>\n<li class=\"iv\">Acesta e trupul meu! Acesta e s\u00e2ngele meu!<\/li>\n<li class=\"iv\">\u00cenvierea corpului p\u0103m\u00e2ntesc al lui Christos<\/li>\n<li class=\"iv\">Opiniile oamenilor \u0219i Voin\u021ba lui Dumnezeu \u00een Legea Efectului Reciproc<\/li>\n<li class=\"iv\">Fiul Omului<\/li>\n<li class=\"iv\">Semnifica\u021bia puterii generative pentru ascensiunea spiritual\u0103<\/li>\n<li class=\"iv\">Eu sunt \u00cenvierea \u0219i Via\u021ba, nimeni nu vine la Tat\u0103l dec\u00e2t prin mine!<\/li>\n<li class=\"iv\">Materie fizic\u0103, materie eteric\u0103, radia\u021bii, spa\u021biu \u0219i timp<\/li>\n<li class=\"iv\">Eroarea clarviziunii<\/li>\n<li class=\"iv\">Diferitele feluri de clarviziune<\/li>\n<li class=\"iv\">\u00cen domeniul demonilor \u0219i fantomelor<\/li>\n<li class=\"iv\">\u00cenv\u0103\u021b\u0103tur\u0103 ocult\u0103, diet\u0103 cu carne \u0219i diet\u0103 vegetarian\u0103<\/li>\n<li class=\"iv\">Vindecare prin magnetism<\/li>\n<li class=\"iv\">Tr\u0103i\u021bi \u00een prezent!<\/li>\n<li class=\"iv\">Ce trebuie s\u0103 fac\u0103 omul ca s\u0103 poate s\u0103\u00a0intre \u00een \u00cemp\u0103r\u0103\u021bia lui Dumnezeu?<\/li>\n<li class=\"iv\">Vezi a\u0219chia din ochiul fratelui t\u0103u \u0219i nu dai nici o aten\u021bie b\u00e2rnei din ochiul t\u0103u!<\/li>\n<li class=\"iv\">Lupta \u00een natur\u0103<\/li>\n<li class=\"iv\">Rev\u0103rsarea Sf\u00e2ntului Duh<\/li>\n<li class=\"iv\">Sex<\/li>\n<li class=\"iv\">Poate s\u0103 constituie v\u00e2rsta o piedic\u0103 pentru ascensiunea spiritual\u0103?<\/li>\n<li class=\"iv\">Tat\u0103, iart\u0103-i, pentru c\u0103 nu \u0219tiu ce fac!<\/li>\n<li class=\"iv\">Zei \u2013 Olimp \u2013 Walhalla<\/li>\n<li class=\"iv\">Creatura om<\/li>\n<li class=\"iv\">\u0218i o mie de ani sunt ca o zi!<\/li>\n<li class=\"iv\">Sim\u021bire l\u0103untric\u0103<\/li>\n<li class=\"iv\">Via\u021ba<\/li>\n<\/ol>\n<h2>Volumul al III-lea<\/h2>\n<ol class=\"iv\">\n<li class=\"iv\">\u00cen \u021binutul crepusculului<\/li>\n<li class=\"iv\">Dus pe g\u00e2nduri<\/li>\n<li class=\"iv\">Martiri de bun\u0103 voie, fanatici religio\u0219i<\/li>\n<li class=\"iv\">Preo\u021bi<\/li>\n<li class=\"iv\">Instinctul animalelor<\/li>\n<li class=\"iv\">S\u0103rutul amical<\/li>\n<li class=\"iv\">Unealta deformat\u0103<\/li>\n<li class=\"iv\">Copilul<\/li>\n<li class=\"iv\">Datoria femeii<\/li>\n<li class=\"iv\">Omniprezen\u021b\u0103<\/li>\n<li class=\"iv\">Christos a spus \u2026!<\/li>\n<li class=\"iv\">\u201eMi\u0219carea\u201d ca lege a Crea\u021biei<\/li>\n<li class=\"iv\">Corpul p\u0103m\u00e2ntesc<\/li>\n<li class=\"iv\">Misterul s\u00e2ngelui<\/li>\n<li class=\"iv\">Temperamentul<\/li>\n<li class=\"iv\">Uite, omule, cum trebuie s\u0103 str\u0103ba\u021bi aceast\u0103 Crea\u021bie \u00een a\u0219a fel \u00eenc\u00e2t firele destinului s\u0103 nu-\u021bi \u00eempiedice, ci s\u0103-\u021bi faciliteze ascensiunea<\/li>\n<li class=\"iv\">O nou\u0103 lege<\/li>\n<li class=\"iv\">Datorie \u0219i loialitate<\/li>\n<li class=\"iv\">Frumuse\u021bea popoarelor<\/li>\n<li class=\"iv\">S-a \u00eemplinit!<\/li>\n<li class=\"iv\">La limita materiei brute<\/li>\n<li class=\"iv\">Recunoa\u0219terea lui Dumnezeu<\/li>\n<li class=\"iv\">Numele<\/li>\n<li class=\"iv\">Esen\u021bialitate<\/li>\n<li class=\"iv\">Micile f\u0103pturi esen\u021biale<\/li>\n<li class=\"iv\">\u00cen atelierul material-brut al f\u0103pturilor esen\u021biale<\/li>\n<li class=\"iv\">Un suflet pribege\u0219te \u2026<\/li>\n<li class=\"iv\">Femeie \u0219i b\u0103rbat<\/li>\n<li class=\"iv\">Suflete deformate<\/li>\n<li class=\"iv\">Ghidul spiritual al omului<\/li>\n<li class=\"iv\">Fire de lumin\u0103 peste voi!<\/li>\n<li class=\"iv\">Regina Primordial\u0103<\/li>\n<li class=\"iv\">Ciclul radia\u021biilor<\/li>\n<li class=\"iv\">Ocoli\u021bi fariseii!<\/li>\n<li class=\"iv\">Posedat<\/li>\n<li class=\"iv\">Cere\u021bi, astfel vi se va da!<\/li>\n<li class=\"iv\">Gratitudine<\/li>\n<li class=\"iv\">S\u0103 se fac\u0103 Lumin\u0103!<\/li>\n<li class=\"iv\">Nesubstan\u021bializat<\/li>\n<li class=\"iv\">Cr\u0103ciunul<\/li>\n<li class=\"iv\">Nu <em>c\u0103de\u021bi<\/em> \u00een ispit\u0103!<\/li>\n<li class=\"iv\">Sim\u021bul apartenen\u021bei la o familie<\/li>\n<li class=\"iv\">C\u0103minul intim<\/li>\n<li class=\"iv\">Credincio\u0219i din obi\u0219nuin\u021b\u0103<\/li>\n<li class=\"iv\">Vezi ce-\u021bi este de folos!<\/li>\n<li class=\"iv\">\u00cen\u021belepciune suprem\u0103<\/li>\n<li class=\"iv\">Sexul slab<\/li>\n<li class=\"iv\">Puntea distrus\u0103<\/li>\n<li class=\"iv\">Protectoarea fl\u0103c\u0103rii<\/li>\n<li class=\"iv\">Privire de ansamblu asupra Crea\u021biei<\/li>\n<li class=\"iv\">Suflet<\/li>\n<li class=\"iv\">Natur\u0103<\/li>\n<li class=\"iv\">Germeni de spirit<\/li>\n<li class=\"iv\">Germeni cu origine \u00een substan\u021ba animistic\u0103<\/li>\n<li class=\"iv\">Inelul substan\u021bialit\u0103\u021bii animistice<\/li>\n<li class=\"iv\">Planurile Spirituale Primordiale I<\/li>\n<li class=\"iv\">Planurile Spirituale Primordiale II<\/li>\n<li class=\"iv\">Planurile Spirituale Primordiale III<\/li>\n<li class=\"iv\">Planurile Spirituale Primordiale IV<\/li>\n<li class=\"iv\">Planurile Spirituale Primordiale V<\/li>\n<li class=\"iv\">Planurile Spirituale Primordiale VI<\/li>\n<li class=\"iv\">Planurile Spirituale Primordiale VII<\/li>\n<li class=\"iv\">Epilog: Cum s\u0103 fie absorbit Mesajul<\/li>\n<\/ol>\n<p>[\/et_pb_text][\/et_pb_column][et_pb_column type=&#8221;1_4&#8243; _builder_version=&#8221;4.16&#8243; _module_preset=&#8221;default&#8221; custom_css_main_element=&#8221;margin-top:auto;&#8221; global_colors_info=&#8221;{}&#8221;][\/et_pb_column][\/et_pb_row][\/et_pb_section]<\/p>\n","protected":false},"excerpt":{"rendered":"<p>Cuprinsul Mesajului Graalului \u201e\u00cen Lumina Adev\u0103rului\u201d Volumul I Spre \u00eendrumare! Ce c\u0103uta\u021bi voi? Strig\u0103tul dup\u0103 Cel care ajut\u0103 Antichristul Moralitate Trezi\u021bi-v\u0103! T\u0103cerea \u00cen\u0103l\u021bare Cult \u00cencremenire Naivitate copil\u0103reasc\u0103 Castitate Primul pas Lumea Steaua Bethlehemului Conflictul \u0218tiin\u021bele umane moderne C\u0103i gre\u0219ite Ce-i separ\u0103 ast\u0103zi de Lumin\u0103 pe at\u00e2\u021bia oameni? A fost odat\u0103\u2026 ! Erori pornite din ne\u00een\u021belegere [&hellip;]<\/p>\n","protected":false},"author":2,"featured_media":0,"parent":0,"menu_order":0,"comment_status":"closed","ping_status":"closed","template":"","meta":{"_et_pb_use_builder":"on","_et_pb_old_content":"","_et_gb_content_width":"","footnotes":""},"class_list":["post-939","page","type-page","status-publish","hentry"],"aioseo_notices":[],"_links":{"self":[{"href":"https:\/\/gralsbotschaft.net\/ro\/wp-json\/wp\/v2\/pages\/939","targetHints":{"allow":["GET"]}}],"collection":[{"href":"https:\/\/gralsbotschaft.net\/ro\/wp-json\/wp\/v2\/pages"}],"about":[{"href":"https:\/\/gralsbotschaft.net\/ro\/wp-json\/wp\/v2\/types\/page"}],"author":[{"embeddable":true,"href":"https:\/\/gralsbotschaft.net\/ro\/wp-json\/wp\/v2\/users\/2"}],"replies":[{"embeddable":true,"href":"https:\/\/gralsbotschaft.net\/ro\/wp-json\/wp\/v2\/comments?post=939"}],"version-history":[{"count":5,"href":"https:\/\/gralsbotschaft.net\/ro\/wp-json\/wp\/v2\/pages\/939\/revisions"}],"predecessor-version":[{"id":2218,"href":"https:\/\/gralsbotschaft.net\/ro\/wp-json\/wp\/v2\/pages\/939\/revisions\/2218"}],"wp:attachment":[{"href":"https:\/\/gralsbotschaft.net\/ro\/wp-json\/wp\/v2\/media?parent=939"}],"curies":[{"name":"wp","href":"https:\/\/api.w.org\/{rel}","templated":true}]}}