{"id":871,"date":"2021-03-28T17:18:45","date_gmt":"2021-03-28T17:18:45","guid":{"rendered":"https:\/\/gralsbotschaft.net\/cuvant-inainte\/"},"modified":"2023-03-28T15:56:44","modified_gmt":"2023-03-28T15:56:44","slug":"cuvant-inainte","status":"publish","type":"page","link":"https:\/\/gralsbotschaft.net\/ro\/cuvant-inainte\/","title":{"rendered":"Cuv\u00e2nt \u00eenainte"},"content":{"rendered":"<p>[et_pb_section fb_built=&#8221;1&#8243; _builder_version=&#8221;4.16&#8243; _module_preset=&#8221;default&#8221; background_color=&#8221;RGBA(0,0,0,0)&#8221; module_alignment=&#8221;center&#8221; custom_margin=&#8221;0px||0px||false|false&#8221; custom_padding=&#8221;0px||0px||false|false&#8221; global_colors_info=&#8221;{}&#8221;][et_pb_row column_structure=&#8221;1_4,1_2,1_4&#8243; make_equal=&#8221;on&#8221; _builder_version=&#8221;4.16&#8243; _module_preset=&#8221;default&#8221; width=&#8221;85%&#8221; max_width=&#8221;85%&#8221; custom_padding=&#8221;60px||101px||false|false&#8221; global_colors_info=&#8221;{}&#8221;][et_pb_column type=&#8221;1_4&#8243; _builder_version=&#8221;4.16&#8243; _module_preset=&#8221;default&#8221; global_colors_info=&#8221;{}&#8221;][\/et_pb_column][et_pb_column type=&#8221;1_2&#8243; _builder_version=&#8221;4.16&#8243; _module_preset=&#8221;default&#8221; global_colors_info=&#8221;{}&#8221;][et_pb_image src=&#8221;https:\/\/gralsbotschaft.net\/wp-content\/uploads\/2021\/03\/Mesajul-Graalului-In-Lumina-Adevarului-1.png&#8221; title_text=&#8221;Mesajul-Graalului-\u00cen-Lumina-Adev\u0103rului (1)&#8221; align=&#8221;center&#8221; _builder_version=&#8221;4.16&#8243; _module_preset=&#8221;default&#8221; width=&#8221;35%&#8221; max_width=&#8221;35%&#8221; module_alignment=&#8221;center&#8221; global_colors_info=&#8221;{}&#8221;][\/et_pb_image][et_pb_text _builder_version=&#8221;4.16&#8243; _module_preset=&#8221;default&#8221; text_font=&#8221;Georgia||||||||&#8221; text_text_color=&#8221;#333333&#8243; text_font_size=&#8221;18px&#8221; custom_margin=&#8221;||5px||false|false&#8221; global_colors_info=&#8221;{}&#8221;]<\/p>\n<p>Cuv\u00e2nt \u00eenainte<\/p>\n<p>[\/et_pb_text][et_pb_divider color=&#8221;#333333&#8243; _builder_version=&#8221;4.16&#8243; _module_preset=&#8221;default&#8221; custom_margin=&#8221;||5px||false|false&#8221; global_colors_info=&#8221;{}&#8221;][\/et_pb_divider][et_pb_text _builder_version=&#8221;4.20.2&#8243; _module_preset=&#8221;default&#8221; text_font=&#8221;Georgia||||||||&#8221; text_text_color=&#8221;#333333&#8243; text_font_size=&#8221;18px&#8221; text_line_height=&#8221;1.6em&#8221; header_3_text_align=&#8221;center&#8221; header_3_font_size=&#8221;17px&#8221; custom_margin=&#8221;||16px||false|false&#8221; hover_enabled=&#8221;0&#8243; custom_css_main_element=&#8221;height:450px;||overflow:auto;&#8221; global_colors_info=&#8221;{}&#8221; sticky_enabled=&#8221;0&#8243;]<\/p>\n<h3><\/h3>\n<h3>DEZLEAG\u0102-TE DE TOT \u00ceNTUNERICUL!<\/h3>\n<p>&nbsp;<\/p>\n<h4>SPRE \u00ceNDRUMARE!<\/h4>\n<p>&nbsp;<\/p>\n<p>Leg\u0103tura de pe ochi cade \u0219i credin\u021ba devine convingere. Doar \u00een convingere st\u0103 eliberarea \u0219i m\u00e2ntuirea!<\/p>\n<p>Eu le vorbesc doar celor care caut\u0103 cu seriozitate. Ei trebuie s\u0103 fie capabili \u0219i s\u0103 vrea s\u0103 examineze \u00een mod obiectiv aceast\u0103 expunere obiectiv\u0103! Fanaticii religio\u0219i \u0219i fanta\u0219tii labili s\u0103 se \u021bin\u0103 departe de ea, pentru c\u0103 sunt nocivi adev\u0103rului. Cei r\u0103uvoitori, \u00eens\u0103, \u0219i cei p\u0103rtinitori trebuie s\u0103-\u0219i g\u0103seasc\u0103 sentin\u021ba \u00een cuvintele \u00eensele.<\/p>\n<p>Mesajul \u00eei va atinge doar pe cei care \u00eenc\u0103 mai poart\u0103 \u00een ei o sc\u00e2nteie de adev\u0103r \u0219i n\u0103zuin\u021ba de a fi cu adev\u0103rat oameni. Tuturor acestora le va fi lumin\u0103 \u0219i toiag. F\u0103r\u0103 ocoli\u0219uri \u00eei va conduce afar\u0103 din haosul confuziei prezente.<\/p>\n<p>Cuv\u00e2ntul care urmeaz\u0103 nu aduce o nou\u0103 religie, ci ar trebui s\u0103 fie pentru to\u021bi ascult\u0103torii sau cititorii serio\u0219i f\u0103clia care \u00eei ajut\u0103 s\u0103 g\u0103seasc\u0103 drumul bun ce \u00eei conduce spre \u00een\u0103l\u021bimea mult dorit\u0103.<\/p>\n<p>Doar cel care se mi\u0219c\u0103 singur poate s\u0103 avanseze spiritual. Neghiobul care face uz de mijloace str\u0103ine sub forma opiniilor luate de-a gata \u00ee\u0219i urmeaz\u0103 calea doar ca \u00een c\u00e2rje, pentru c\u0103 nu-\u0219i folose\u0219te propriile picioare pentru asta.<\/p>\n<p>Imediat \u00eens\u0103 ce-\u0219i \u00eentrebuin\u021beaz\u0103 cu \u00eendr\u0103zneal\u0103 drept echipament pentru ascensiune toate abilit\u0103\u021bile care dormiteaz\u0103 \u00een el a\u0219tept\u00e2ndu-i chemarea, el face uz de talantul \u00eencredin\u021bat lui conform Voin\u021bei Creatorului s\u0103u \u0219i va dep\u0103\u0219i ca \u00een joac\u0103 toate piedicile care vor s\u0103-l devieze t\u0103indu-i calea.<\/p>\n<p>De aceea, trezi\u021bi-v\u0103! Doar \u00een convingere se afl\u0103 credin\u021ba just\u0103, iar la convingere se ajunge doar prin cump\u0103nire \u0219i examinare intransigent\u0103! Fi\u021bi plini de via\u021b\u0103 \u00een minunata Crea\u021bie a Dumnezeului vostru!<\/p>\n<p>Abd-ru-shin<\/p>\n<p>&nbsp;<\/p>\n<p>[\/et_pb_text][\/et_pb_column][et_pb_column type=&#8221;1_4&#8243; _builder_version=&#8221;4.16&#8243; _module_preset=&#8221;default&#8221; custom_css_main_element=&#8221;margin-top:auto;&#8221; global_colors_info=&#8221;{}&#8221;][\/et_pb_column][\/et_pb_row][\/et_pb_section]<\/p>\n","protected":false},"excerpt":{"rendered":"<p>Cuv\u00e2nt \u00eenainte DEZLEAG\u0102-TE DE TOT \u00ceNTUNERICUL! &nbsp; SPRE \u00ceNDRUMARE! &nbsp; Leg\u0103tura de pe ochi cade \u0219i credin\u021ba devine convingere. Doar \u00een convingere st\u0103 eliberarea \u0219i m\u00e2ntuirea! Eu le vorbesc doar celor care caut\u0103 cu seriozitate. Ei trebuie s\u0103 fie capabili \u0219i s\u0103 vrea s\u0103 examineze \u00een mod obiectiv aceast\u0103 expunere obiectiv\u0103! Fanaticii religio\u0219i \u0219i fanta\u0219tii [&hellip;]<\/p>\n","protected":false},"author":2,"featured_media":0,"parent":0,"menu_order":0,"comment_status":"closed","ping_status":"closed","template":"","meta":{"_et_pb_use_builder":"on","_et_pb_old_content":"","_et_gb_content_width":"","footnotes":""},"class_list":["post-871","page","type-page","status-publish","hentry"],"aioseo_notices":[],"_links":{"self":[{"href":"https:\/\/gralsbotschaft.net\/ro\/wp-json\/wp\/v2\/pages\/871","targetHints":{"allow":["GET"]}}],"collection":[{"href":"https:\/\/gralsbotschaft.net\/ro\/wp-json\/wp\/v2\/pages"}],"about":[{"href":"https:\/\/gralsbotschaft.net\/ro\/wp-json\/wp\/v2\/types\/page"}],"author":[{"embeddable":true,"href":"https:\/\/gralsbotschaft.net\/ro\/wp-json\/wp\/v2\/users\/2"}],"replies":[{"embeddable":true,"href":"https:\/\/gralsbotschaft.net\/ro\/wp-json\/wp\/v2\/comments?post=871"}],"version-history":[{"count":7,"href":"https:\/\/gralsbotschaft.net\/ro\/wp-json\/wp\/v2\/pages\/871\/revisions"}],"predecessor-version":[{"id":2226,"href":"https:\/\/gralsbotschaft.net\/ro\/wp-json\/wp\/v2\/pages\/871\/revisions\/2226"}],"wp:attachment":[{"href":"https:\/\/gralsbotschaft.net\/ro\/wp-json\/wp\/v2\/media?parent=871"}],"curies":[{"name":"wp","href":"https:\/\/api.w.org\/{rel}","templated":true}]}}