{"id":715,"date":"2021-03-28T11:32:40","date_gmt":"2021-03-28T11:32:40","guid":{"rendered":"https:\/\/gralsbotschaft.net\/despre-autor\/"},"modified":"2023-03-27T18:23:05","modified_gmt":"2023-03-27T18:23:05","slug":"despre-autor","status":"publish","type":"page","link":"https:\/\/gralsbotschaft.net\/ro\/despre-autor\/","title":{"rendered":"Despre autor"},"content":{"rendered":"<p>[et_pb_section fb_built=&#8221;1&#8243; _builder_version=&#8221;4.16&#8243; _module_preset=&#8221;default&#8221; use_background_color_gradient=&#8221;on&#8221; background_color_gradient_type=&#8221;circular&#8221; background_color_gradient_stops=&#8221;#ffffff 0%|#4b6f20 85%&#8221; background_color_gradient_start=&#8221;#ffffff&#8221; background_color_gradient_end=&#8221;#4b6f20&#8243; background_color_gradient_end_position=&#8221;85%&#8221; height=&#8221;1050px&#8221; height_tablet=&#8221;&#8221; height_phone=&#8221;&#8221; height_last_edited=&#8221;on|phone&#8221; global_colors_info=&#8221;{}&#8221;][et_pb_row column_structure=&#8221;1_4,1_2,1_4&#8243; make_equal=&#8221;on&#8221; _builder_version=&#8221;4.16&#8243; _module_preset=&#8221;default&#8221; width=&#8221;85%&#8221; max_width=&#8221;85%&#8221; custom_padding=&#8221;||150px||false|false&#8221; global_colors_info=&#8221;{}&#8221;][et_pb_column type=&#8221;1_4&#8243; _builder_version=&#8221;4.16&#8243; _module_preset=&#8221;default&#8221; global_colors_info=&#8221;{}&#8221;][\/et_pb_column][et_pb_column type=&#8221;1_2&#8243; _builder_version=&#8221;4.16&#8243; _module_preset=&#8221;default&#8221; global_colors_info=&#8221;{}&#8221;][et_pb_image src=&#8221;https:\/\/gralsbotschaft.net\/wp-content\/uploads\/2021\/03\/abd-ru-shin.png&#8221; title_text=&#8221;abd-ru-shin&#8221; align=&#8221;center&#8221; _builder_version=&#8221;4.16&#8243; _module_preset=&#8221;default&#8221; width=&#8221;35%&#8221; width_tablet=&#8221;&#8221; width_phone=&#8221;60%&#8221; width_last_edited=&#8221;on|phone&#8221; max_width=&#8221;35%&#8221; max_width_tablet=&#8221;&#8221; max_width_phone=&#8221;60%&#8221; max_width_last_edited=&#8221;on|phone&#8221; module_alignment=&#8221;center&#8221; global_colors_info=&#8221;{}&#8221;][\/et_pb_image][et_pb_divider color=&#8221;#333333&#8243; _builder_version=&#8221;4.16&#8243; _module_preset=&#8221;default&#8221; custom_margin=&#8221;||5px||false|false&#8221; global_colors_info=&#8221;{}&#8221;][\/et_pb_divider][et_pb_text module_class=&#8221;change-txt&#8221; _builder_version=&#8221;4.20.2&#8243; _module_preset=&#8221;default&#8221; text_font=&#8221;Georgia||||||||&#8221; text_text_color=&#8221;#333333&#8243; text_font_size=&#8221;18px&#8221; text_orientation=&#8221;center&#8221; custom_margin=&#8221;||16px||false|false&#8221; global_colors_info=&#8221;{}&#8221;]<\/p>\n<h1 style=\"text-align: center;\"><a href=\"http:\/\/abdrushin-autor.net\/\">Abd-ru-shin<\/a><\/h1>\n<p>Oskar Ernst Bernhardt a fost<br \/>numele civil al lui Abd-ru-shin.<\/p>\n<p>Din 1923 p\u00e2n\u0103 \u00een 1938 Abd-ru-shin a oferit conferin\u021be publice,<br \/>pe care mai apoi le-a cules \u00een lucrarea<\/p>\n<h3>\u00cen Lumina Adev\u0103rului.<\/h3>\n<p>Abd-ru-shin s-a adresat cititorilor s\u0103i cu urm\u0103toarele cuvinte:<br \/>\u201e\u00cenc\u0103 din 1927 am indicat faptul c\u0103 cititorii trebuie s\u0103 acorde aten\u021bie numai cuv\u00e2ntului \u00eensu\u0219i \u0219i nu aduc\u0103torului acestuia. Sfatul meu expres este ca fiecare s\u0103 evalueze \u00een mod serios lucrarea \u0219i s\u0103 ia din ea numai ceea ce poate s\u0103 recunoasc\u0103 drept just cu real\u0103 convingere, pentru c\u0103 doar pornind de la acest fundament poate ob\u021bine foloase din ea.\u201c<\/p>\n<p><a href=\"#\" class=\"nxt-btn\" style=\"color: #333300; font-size: 18px; border: 1px solid #000; padding: 5px 25px;\">mai departe<\/a><\/p>\n<p>[\/et_pb_text][et_pb_code _builder_version=&#8221;4.16&#8243; _module_preset=&#8221;default&#8221; global_colors_info=&#8221;{}&#8221;]<script><!-- [et_pb_line_break_holder] -->jQuery(document).ready(function(){<!-- [et_pb_line_break_holder] -->jQuery(\".nxt-btn\").click(function(){<!-- [et_pb_line_break_holder] -->\tjQuery(\".change-txt\").html('<\/p>\n<div class=\"et_pb_module et_pb_text et_pb_text_1 change-txt  et_pb_text_align_center et_pb_bg_layout_light\">\n<div class=\"et_pb_text_inner\">\n<h1 style=\"text-align: center;\"><a href=\"http:\/\/abdrushin-autor.net\/\">Abd-ru-shin<\/a><\/h1>\n<pee>\u021aelul meu este de natur\u0103 spiritual\u0103!<\/pee><pee>Eu nu aduc totu\u0219i nici o religie nou\u0103 \u0219i nu vreau s\u0103 fundez nici o biseric\u0103 nou\u0103, cu at\u00e2t mai pu\u021bin vreo sect\u0103, ci ofer cu toat\u0103 simplitatea o imagine clar\u0103 a activit\u0103\u021bii fire\u0219ti a Crea\u021biei, care manifest\u0103 Voin\u021ba lui Dumnezeu, \u0219i din care omul poate \u00een mod clar s\u0103 recunoasc\u0103 c\u0103ile bune pentru el.\u201c<\/pee><\/div>\n<\/div>\n<p>');<!-- [et_pb_line_break_holder] -->\tjQuery(\".nxt-btn\").hide();<!-- [et_pb_line_break_holder] -->})<!-- [et_pb_line_break_holder] -->});<!-- [et_pb_line_break_holder] --><\/script>[\/et_pb_code][\/et_pb_column][et_pb_column type=&#8221;1_4&#8243; _builder_version=&#8221;4.16&#8243; _module_preset=&#8221;default&#8221; custom_css_main_element=&#8221;margin-top:auto;&#8221; global_colors_info=&#8221;{}&#8221;][\/et_pb_column][\/et_pb_row][\/et_pb_section]<\/p>\n","protected":false},"excerpt":{"rendered":"<p>Abd-ru-shin Oskar Ernst Bernhardt a fostnumele civil al lui Abd-ru-shin. Din 1923 p\u00e2n\u0103 \u00een 1938 Abd-ru-shin a oferit conferin\u021be publice,pe care mai apoi le-a cules \u00een lucrarea \u00cen Lumina Adev\u0103rului. Abd-ru-shin s-a adresat cititorilor s\u0103i cu urm\u0103toarele cuvinte:\u201e\u00cenc\u0103 din 1927 am indicat faptul c\u0103 cititorii trebuie s\u0103 acorde aten\u021bie numai cuv\u00e2ntului \u00eensu\u0219i \u0219i nu aduc\u0103torului [&hellip;]<\/p>\n","protected":false},"author":2,"featured_media":0,"parent":0,"menu_order":0,"comment_status":"closed","ping_status":"closed","template":"","meta":{"_et_pb_use_builder":"on","_et_pb_old_content":"","_et_gb_content_width":"","footnotes":""},"class_list":["post-715","page","type-page","status-publish","hentry"],"aioseo_notices":[],"_links":{"self":[{"href":"https:\/\/gralsbotschaft.net\/ro\/wp-json\/wp\/v2\/pages\/715","targetHints":{"allow":["GET"]}}],"collection":[{"href":"https:\/\/gralsbotschaft.net\/ro\/wp-json\/wp\/v2\/pages"}],"about":[{"href":"https:\/\/gralsbotschaft.net\/ro\/wp-json\/wp\/v2\/types\/page"}],"author":[{"embeddable":true,"href":"https:\/\/gralsbotschaft.net\/ro\/wp-json\/wp\/v2\/users\/2"}],"replies":[{"embeddable":true,"href":"https:\/\/gralsbotschaft.net\/ro\/wp-json\/wp\/v2\/comments?post=715"}],"version-history":[{"count":8,"href":"https:\/\/gralsbotschaft.net\/ro\/wp-json\/wp\/v2\/pages\/715\/revisions"}],"predecessor-version":[{"id":2219,"href":"https:\/\/gralsbotschaft.net\/ro\/wp-json\/wp\/v2\/pages\/715\/revisions\/2219"}],"wp:attachment":[{"href":"https:\/\/gralsbotschaft.net\/ro\/wp-json\/wp\/v2\/media?parent=715"}],"curies":[{"name":"wp","href":"https:\/\/api.w.org\/{rel}","templated":true}]}}