{"id":564,"date":"2021-03-27T18:47:30","date_gmt":"2021-03-27T18:47:30","guid":{"rendered":"https:\/\/gralsbotschaft.net\/pagina-de-inceput\/"},"modified":"2025-02-17T15:10:18","modified_gmt":"2025-02-17T15:10:18","slug":"pagina-de-inceput","status":"publish","type":"page","link":"https:\/\/gralsbotschaft.net\/ro\/","title":{"rendered":"Pagina de \u00eenceput"},"content":{"rendered":"<p>[et_pb_section fb_built=&#8221;1&#8243; _builder_version=&#8221;4.16&#8243; _module_preset=&#8221;default&#8221; background_color=&#8221;RGBA(0,0,0,0)&#8221; module_alignment=&#8221;center&#8221; height_tablet=&#8221;auto&#8221; height_phone=&#8221;&#8221; height_last_edited=&#8221;on|phone&#8221; custom_margin=&#8221;0px||0px||false|false&#8221; custom_padding=&#8221;0px||0px||false|false&#8221; global_colors_info=&#8221;{}&#8221;][et_pb_row column_structure=&#8221;1_4,1_2,1_4&#8243; make_equal=&#8221;on&#8221; _builder_version=&#8221;4.16&#8243; _module_preset=&#8221;default&#8221; width=&#8221;85%&#8221; max_width=&#8221;85%&#8221; min_height_tablet=&#8221;&#8221; min_height_phone=&#8221;&#8221; min_height_last_edited=&#8221;on|tablet&#8221; height_tablet=&#8221;&#8221; height_phone=&#8221;&#8221; height_last_edited=&#8221;on|tablet&#8221; max_height_tablet=&#8221;&#8221; max_height_phone=&#8221;&#8221; max_height_last_edited=&#8221;on|tablet&#8221; custom_padding=&#8221;91px||135px||false|false&#8221; global_colors_info=&#8221;{}&#8221;][et_pb_column type=&#8221;1_4&#8243; _builder_version=&#8221;4.16&#8243; _module_preset=&#8221;default&#8221; global_colors_info=&#8221;{}&#8221;][\/et_pb_column][et_pb_column type=&#8221;1_2&#8243; _builder_version=&#8221;4.16&#8243; _module_preset=&#8221;default&#8221; global_colors_info=&#8221;{}&#8221;][et_pb_sidebar show_border=&#8221;off&#8221; _builder_version=&#8221;4.22.2&#8243; _module_preset=&#8221;default&#8221; header_font=&#8221;Georgia||||||||&#8221; header_text_color=&#8221;#041e11&#8243; header_font_size=&#8221;22px&#8221; body_font=&#8221;Georgia||||||||&#8221; body_text_color=&#8221;#FFFFFF&#8221; body_font_size=&#8221;20px&#8221; position_origin_a=&#8221;bottom_left&#8221; position_origin_f=&#8221;bottom_left&#8221; vertical_offset=&#8221;-180px&#8221; horizontal_offset=&#8221;600px&#8221; width=&#8221;56.2%&#8221; min_height=&#8221;330.3px&#8221; custom_margin=&#8221;-85px||0px||false|false&#8221; custom_padding=&#8221;0px||0px||false|false&#8221; global_colors_info=&#8221;{}&#8221;][\/et_pb_sidebar][et_pb_image src=&#8221;https:\/\/gralsbotschaft.net\/wp-content\/uploads\/2021\/03\/Mesajul-Graalului-In-Lumina-Adevarului-1-1.png&#8221; title_text=&#8221;Mesajul-Graalului-\u00cen-Lumina-Adev\u0103rului (1)&#8221; align=&#8221;center&#8221; _builder_version=&#8221;4.22.2&#8243; _module_preset=&#8221;default&#8221; width=&#8221;100%&#8221; width_tablet=&#8221;100%&#8221; width_phone=&#8221;100%&#8221; width_last_edited=&#8221;on|desktop&#8221; custom_margin=&#8221;-225px||||false|false&#8221; global_colors_info=&#8221;{}&#8221;][\/et_pb_image][et_pb_slider show_arrows=&#8221;off&#8221; show_pagination=&#8221;off&#8221; arrows_custom_color=&#8221;#000000&#8243; dot_nav_custom_color=&#8221;#000000&#8243; _builder_version=&#8221;4.22.2&#8243; _module_preset=&#8221;default&#8221; body_font=&#8221;Georgia||||||||&#8221; body_text_align=&#8221;center&#8221; body_text_color=&#8221;#000000&#8243; body_font_size=&#8221;18px&#8221; background_color=&#8221;RGBA(0,0,0,0)&#8221; custom_margin=&#8221;-54px||104px||false|false&#8221; custom_padding=&#8221;0px||0px||true|false&#8221; animation_style=&#8221;slide&#8221; auto=&#8221;on&#8221; auto_speed=&#8221;13000&#8243; global_colors_info=&#8221;{}&#8221;][et_pb_slide _builder_version=&#8221;4.20.2&#8243; _module_preset=&#8221;default&#8221; custom_padding=&#8221;|0px||0px|false|true&#8221; global_colors_info=&#8221;{}&#8221; sticky_transition=&#8221;on&#8221;]<\/p>\n<p>Mesajul \u00eei va atinge doar pe cei care mai poart\u0103 \u00een ei o sc\u00e2nteie de adev\u0103r \u0219i n\u0103zuin\u021ba de a fi cu adev\u0103rat oameni.<\/p>\n<p>(<span>Citat din <\/span><i>Cuv\u00e2nt \u00eenainte<\/i><span> la Mesajul Graalului \u201e\u00cen Lumina Adev\u0103rului\u201d<\/span>)<\/p>\n<p>[\/et_pb_slide][et_pb_slide use_bg_overlay=&#8221;off&#8221; use_text_overlay=&#8221;off&#8221; arrows_custom_color=&#8221;RGBA(0,0,0,0)&#8221; dot_nav_custom_color=&#8221;RGBA(0,0,0,0)&#8221; _builder_version=&#8221;4.20.2&#8243; _module_preset=&#8221;default&#8221; custom_padding=&#8221;|0px||0px|false|true&#8221; global_colors_info=&#8221;{}&#8221; sticky_transition=&#8221;on&#8221;]<\/p>\n<p>Mesajul \u00eei va atinge doar pe cei care mai poart\u0103 \u00een ei o sc\u00e2nteie de adev\u0103r \u0219i n\u0103zuin\u021ba de a fi cu adev\u0103rat oameni.<\/p>\n<p>(<span>Citat din <\/span><i>Cuv\u00e2nt \u00eenainte<\/i><span> la Mesajul Graalului \u201e\u00cen Lumina Adev\u0103rului\u201d<\/span>)<\/p>\n<p>[\/et_pb_slide][et_pb_slide use_bg_overlay=&#8221;off&#8221; use_text_overlay=&#8221;off&#8221; arrows_custom_color=&#8221;RGBA(0,0,0,0)&#8221; dot_nav_custom_color=&#8221;RGBA(0,0,0,0)&#8221; _builder_version=&#8221;4.20.2&#8243; _module_preset=&#8221;default&#8221; custom_padding=&#8221;|0px||0px|false|true&#8221; global_colors_info=&#8221;{}&#8221; sticky_transition=&#8221;on&#8221;]<\/p>\n<p>Mesajul \u00eei va atinge doar pe cei care mai poart\u0103 \u00een ei o sc\u00e2nteie de adev\u0103r \u0219i n\u0103zuin\u021ba de a fi cu adev\u0103rat oameni.<\/p>\n<p>(<span>Citat din <\/span><i>Cuv\u00e2nt \u00eenainte<\/i><span> la Mesajul Graalului \u201e\u00cen Lumina Adev\u0103rului\u201d<\/span>)<\/p>\n<p>[\/et_pb_slide][et_pb_slide use_bg_overlay=&#8221;off&#8221; use_text_overlay=&#8221;off&#8221; arrows_custom_color=&#8221;RGBA(0,0,0,0)&#8221; dot_nav_custom_color=&#8221;RGBA(0,0,0,0)&#8221; _builder_version=&#8221;4.20.2&#8243; _module_preset=&#8221;default&#8221; custom_padding=&#8221;|0px||0px|false|true&#8221; global_colors_info=&#8221;{}&#8221; sticky_transition=&#8221;on&#8221;]<\/p>\n<p>Mesajul \u00eei va atinge doar pe cei care mai poart\u0103 \u00een ei o sc\u00e2nteie de adev\u0103r \u0219i n\u0103zuin\u021ba de a fi cu adev\u0103rat oameni.<\/p>\n<p>(Cuv\u00e2nt \u00eenainte din prefa\u021ba la Mesajul Graalului \u201e\u00cen Lumina Adev\u0103rului\u201d)<\/p>\n<p>[\/et_pb_slide][et_pb_slide use_bg_overlay=&#8221;off&#8221; use_text_overlay=&#8221;off&#8221; arrows_custom_color=&#8221;RGBA(0,0,0,0)&#8221; dot_nav_custom_color=&#8221;RGBA(0,0,0,0)&#8221; _builder_version=&#8221;4.20.2&#8243; _module_preset=&#8221;default&#8221; custom_padding=&#8221;|0px||0px|false|true&#8221; global_colors_info=&#8221;{}&#8221; sticky_transition=&#8221;on&#8221;]<\/p>\n<p>Mesajul \u00eei va atinge doar pe cei care mai poart\u0103 \u00een ei o sc\u00e2nteie de adev\u0103r \u0219i n\u0103zuin\u021ba de a fi cu adev\u0103rat oameni.<\/p>\n<p>(<span>Citat din <\/span><i>Cuv\u00e2nt \u00eenainte<\/i><span> la Mesajul Graalului \u201e\u00cen Lumina Adev\u0103rului\u201d<\/span>)<\/p>\n<p>[\/et_pb_slide][\/et_pb_slider][\/et_pb_column][et_pb_column type=&#8221;1_4&#8243; _builder_version=&#8221;4.16&#8243; _module_preset=&#8221;default&#8221; custom_css_main_element=&#8221;margin-top:auto;&#8221; global_colors_info=&#8221;{}&#8221;][\/et_pb_column][\/et_pb_row][\/et_pb_section]<\/p>\n","protected":false},"excerpt":{"rendered":"<p>Mesajul \u00eei va atinge doar pe cei care mai poart\u0103 \u00een ei o sc\u00e2nteie de adev\u0103r \u0219i n\u0103zuin\u021ba de a fi cu adev\u0103rat oameni. (Citat din Cuv\u00e2nt \u00eenainte la Mesajul Graalului \u201e\u00cen Lumina Adev\u0103rului\u201d)Mesajul \u00eei va atinge doar pe cei care mai poart\u0103 \u00een ei o sc\u00e2nteie de adev\u0103r \u0219i n\u0103zuin\u021ba de a fi cu [&hellip;]<\/p>\n","protected":false},"author":2,"featured_media":0,"parent":0,"menu_order":0,"comment_status":"closed","ping_status":"closed","template":"","meta":{"_et_pb_use_builder":"on","_et_pb_old_content":"","_et_gb_content_width":"","footnotes":""},"class_list":["post-564","page","type-page","status-publish","hentry"],"aioseo_notices":[],"_links":{"self":[{"href":"https:\/\/gralsbotschaft.net\/ro\/wp-json\/wp\/v2\/pages\/564","targetHints":{"allow":["GET"]}}],"collection":[{"href":"https:\/\/gralsbotschaft.net\/ro\/wp-json\/wp\/v2\/pages"}],"about":[{"href":"https:\/\/gralsbotschaft.net\/ro\/wp-json\/wp\/v2\/types\/page"}],"author":[{"embeddable":true,"href":"https:\/\/gralsbotschaft.net\/ro\/wp-json\/wp\/v2\/users\/2"}],"replies":[{"embeddable":true,"href":"https:\/\/gralsbotschaft.net\/ro\/wp-json\/wp\/v2\/comments?post=564"}],"version-history":[{"count":22,"href":"https:\/\/gralsbotschaft.net\/ro\/wp-json\/wp\/v2\/pages\/564\/revisions"}],"predecessor-version":[{"id":2426,"href":"https:\/\/gralsbotschaft.net\/ro\/wp-json\/wp\/v2\/pages\/564\/revisions\/2426"}],"wp:attachment":[{"href":"https:\/\/gralsbotschaft.net\/ro\/wp-json\/wp\/v2\/media?parent=564"}],"curies":[{"name":"wp","href":"https:\/\/api.w.org\/{rel}","templated":true}]}}