{"id":1143,"date":"2021-03-28T19:28:13","date_gmt":"2021-03-28T19:28:13","guid":{"rendered":"https:\/\/gralsbotschaft.net\/etapele-redactarii-mesajului-graalului\/"},"modified":"2021-04-01T12:24:44","modified_gmt":"2021-04-01T12:24:44","slug":"etapele-redactarii-mesajului-graalului","status":"publish","type":"page","link":"https:\/\/gralsbotschaft.net\/ro\/etapele-redactarii-mesajului-graalului\/","title":{"rendered":"Etapele redact\u0103rii Mesajului Graalului"},"content":{"rendered":"<p>[et_pb_section fb_built=&#8221;1&#8243; _builder_version=&#8221;4.9.2&#8243; _module_preset=&#8221;default&#8221; use_background_color_gradient=&#8221;on&#8221; background_color_gradient_start=&#8221;#ffffff&#8221; background_color_gradient_end=&#8221;#4b6f20&#8243; background_color_gradient_type=&#8221;radial&#8221; background_color_gradient_end_position=&#8221;85%&#8221;][et_pb_row column_structure=&#8221;1_4,1_2,1_4&#8243; make_equal=&#8221;on&#8221; _builder_version=&#8221;4.9.2&#8243; _module_preset=&#8221;default&#8221; width=&#8221;85%&#8221; max_width=&#8221;85%&#8221;][et_pb_column type=&#8221;1_4&#8243; _builder_version=&#8221;4.9.2&#8243; _module_preset=&#8221;default&#8221;][\/et_pb_column][et_pb_column type=&#8221;1_2&#8243; _builder_version=&#8221;4.9.2&#8243; _module_preset=&#8221;default&#8221;][et_pb_image src=&#8221;https:\/\/gralsbotschaft.net\/wp-content\/uploads\/2021\/03\/Mesajul-Graalului-In-Lumina-Adevarului-2-1.png&#8221; title_text=&#8221;Mesajul-Graalului-\u00cen-Lumina-Adev\u0103rului (2)&#8221; align=&#8221;center&#8221; _builder_version=&#8221;4.9.2&#8243; _module_preset=&#8221;default&#8221; width=&#8221;35%&#8221; max_width=&#8221;35%&#8221; module_alignment=&#8221;center&#8221;][\/et_pb_image][et_pb_text _builder_version=&#8221;4.9.2&#8243; _module_preset=&#8221;default&#8221; text_font=&#8221;Georgia||||||||&#8221; text_text_color=&#8221;#333333&#8243; text_font_size=&#8221;18px&#8221; custom_margin=&#8221;||5px||false|false&#8221;]<\/p>\n<p>Edi\u021biile succesive ale Mesajului Graalului<\/p>\n<p>[\/et_pb_text][et_pb_divider color=&#8221;#333333&#8243; _builder_version=&#8221;4.9.2&#8243; _module_preset=&#8221;default&#8221; custom_margin=&#8221;||0px||false|false&#8221;][\/et_pb_divider][\/et_pb_column][et_pb_column type=&#8221;1_4&#8243; _builder_version=&#8221;4.9.2&#8243; _module_preset=&#8221;default&#8221; custom_css_main_element=&#8221;margin-top:auto;&#8221;][\/et_pb_column][\/et_pb_row][et_pb_row column_structure=&#8221;2_3,1_3&#8243; _builder_version=&#8221;4.9.2&#8243; _module_preset=&#8221;default&#8221; background_color=&#8221;RGBA(0,0,0,0)&#8221; width=&#8221;40%&#8221; max_width=&#8221;40%&#8221; module_alignment=&#8221;center&#8221; custom_margin=&#8221;-30px||30px||false|false&#8221; hover_enabled=&#8221;0&#8243; custom_css_main_element=&#8221;height:450px;||overflow:auto;&#8221; width_last_edited=&#8221;on|tablet&#8221; sticky_enabled=&#8221;0&#8243; width_tablet=&#8221;65%&#8221; max_width_last_edited=&#8221;on|tablet&#8221; max_width_tablet=&#8221;65%&#8221;][et_pb_column type=&#8221;2_3&#8243; _builder_version=&#8221;4.9.2&#8243; _module_preset=&#8221;default&#8221;][et_pb_text _builder_version=&#8221;4.9.2&#8243; _module_preset=&#8221;default&#8221; text_font=&#8221;Georgia||||||||&#8221; text_font_size=&#8221;18px&#8221; header_3_font=&#8221;Georgia||||||||&#8221; header_3_font_size=&#8221;24px&#8221; text_orientation=&#8221;center&#8221; min_height=&#8221;165px&#8221; height=&#8221;165px&#8221; max_height=&#8221;165px&#8221; hover_enabled=&#8221;0&#8243; custom_margin_last_edited=&#8221;on|tablet&#8221; custom_margin_tablet=&#8221;||0px||false|false&#8221; sticky_enabled=&#8221;0&#8243;]<\/p>\n<h3 style=\"text-align: center;\">1926<\/h3>\n<p>Abd-ru-shin adun\u0103 laolalt\u0103 conferin\u021bele pe care le-a oferit public \u00eencep\u00e2nd cu anul 1923. Aceast\u0103 edi\u021bie mic\u0103 violet\u0103 con\u021bine 43 conferin\u021be.[\/et_pb_text][et_pb_image src=&#8221;https:\/\/gralsbotschaft.net\/wp-content\/uploads\/2021\/03\/botschaft1926-1.png&#8221; title_text=&#8221;botschaft1926&#8243; align=&#8221;center&#8221; disabled_on=&#8221;off|off|on&#8221; _builder_version=&#8221;4.9.2&#8243; _module_preset=&#8221;default&#8221; module_alignment=&#8221;center&#8221; min_height=&#8221;165px&#8221; height=&#8221;165px&#8221; max_height=&#8221;165px&#8221;][\/et_pb_image][et_pb_text _builder_version=&#8221;4.9.2&#8243; _module_preset=&#8221;default&#8221; text_font=&#8221;Georgia||||||||&#8221; text_font_size=&#8221;18px&#8221; header_3_font=&#8221;Georgia||||||||&#8221; header_3_font_size=&#8221;24px&#8221; text_orientation=&#8221;center&#8221; min_height=&#8221;165px&#8221; height=&#8221;165px&#8221; max_height=&#8221;165px&#8221;]<\/p>\n<h3 style=\"text-align: center;\">1931<\/h3>\n<p>apare urm\u0103toarea edi\u021bie a Mesajului Graalului, \u00een care Abd-ru-shin schimb\u0103 ordinea conferin\u021belor anterioare \u0219i introduce altele noi. Aceast\u0103 edi\u021bie mai voluminoas\u0103 con\u021bine 91 conferin\u021be.[\/et_pb_text][et_pb_image src=&#8221;https:\/\/gralsbotschaft.net\/wp-content\/uploads\/2021\/03\/gralsbotschaft-1931-1.png&#8221; title_text=&#8221;gralsbotschaft-1931&#8243; align=&#8221;center&#8221; disabled_on=&#8221;off|off|on&#8221; _builder_version=&#8221;4.9.2&#8243; _module_preset=&#8221;default&#8221; width=&#8221;50%&#8221; max_width=&#8221;50%&#8221; module_alignment=&#8221;center&#8221; min_height=&#8221;165px&#8221; height=&#8221;165px&#8221; max_height=&#8221;165px&#8221;][\/et_pb_image][et_pb_text _builder_version=&#8221;4.9.2&#8243; _module_preset=&#8221;default&#8221; text_font=&#8221;Georgia||||||||&#8221; text_font_size=&#8221;18px&#8221; header_3_font=&#8221;Georgia||||||||&#8221; header_3_font_size=&#8221;24px&#8221; text_orientation=&#8221;center&#8221; min_height=&#8221;165px&#8221; min_height_tablet=&#8221;auto&#8221; min_height_phone=&#8221;&#8221; min_height_last_edited=&#8221;on|tablet&#8221; height=&#8221;165px&#8221; height_tablet=&#8221;&#8221; height_phone=&#8221;&#8221; height_last_edited=&#8221;on|tablet&#8221; max_height=&#8221;165px&#8221; max_height_tablet=&#8221;&#8221; max_height_phone=&#8221;&#8221; max_height_last_edited=&#8221;on|tablet&#8221; custom_margin_tablet=&#8221;||||false|false&#8221; custom_margin_phone=&#8221;&#8221; custom_margin_last_edited=&#8221;on|tablet&#8221;]<\/p>\n<h3 style=\"text-align: center;\">1934<\/h3>\n<p>sunt publicate 61 noi conferin\u021be \u00een cartea \u201eEcouri la Mesajul Graalului\u201d.[\/et_pb_text][et_pb_image src=&#8221;https:\/\/gralsbotschaft.net\/wp-content\/uploads\/2021\/03\/gralsbotschaft-1934-1.png&#8221; title_text=&#8221;gralsbotschaft-1934&#8243; align=&#8221;center&#8221; disabled_on=&#8221;off|off|on&#8221; _builder_version=&#8221;4.9.2&#8243; _module_preset=&#8221;default&#8221; module_alignment=&#8221;center&#8221; min_height=&#8221;165px&#8221; height=&#8221;165px&#8221; max_height=&#8221;165px&#8221;][\/et_pb_image][et_pb_text _builder_version=&#8221;4.9.2&#8243; _module_preset=&#8221;default&#8221; text_font=&#8221;Georgia||||||||&#8221; text_font_size=&#8221;18px&#8221; header_3_font=&#8221;Georgia||||||||&#8221; header_3_font_size=&#8221;24px&#8221; text_orientation=&#8221;center&#8221;]<\/p>\n<h3 style=\"text-align: center;\">1941<\/h3>\n<p>Abd-ru-shin \u00eencheie revizuirea Mesajului Graalului, c\u0103ruia \u00eei d\u0103 o form\u0103 nou\u0103 \u0219i cu aceasta definitiv\u0103. Edi\u021bia definitiv\u0103 \u00een trei volume cuprinde conferin\u021be din edi\u021biile anterioare \u0219i altele noi \u2014 \u00een total 168 conferin\u021be.[\/et_pb_text][\/et_pb_column][et_pb_column type=&#8221;1_3&#8243; _builder_version=&#8221;4.9.2&#8243; _module_preset=&#8221;default&#8221;][et_pb_image src=&#8221;https:\/\/gralsbotschaft.net\/wp-content\/uploads\/2021\/03\/ausgabe-letzter-hand-gralsbotschaft-1941.png&#8221; title_text=&#8221;ausgabe-letzter-hand-gralsbotschaft-1941&#8243; show_bottom_space=&#8221;off&#8221; align=&#8221;center&#8221; disabled_on=&#8221;off|off|on&#8221; _builder_version=&#8221;4.9.2&#8243; _module_preset=&#8221;default&#8221; module_alignment=&#8221;center&#8221; min_height=&#8221;165px&#8221; height=&#8221;165px&#8221; max_height=&#8221;165px&#8221;][\/et_pb_image][et_pb_image src=&#8221;https:\/\/gralsbotschaft.net\/wp-content\/uploads\/2021\/03\/botschaft1926-1.png&#8221; title_text=&#8221;botschaft1926&#8243; align=&#8221;center&#8221; disabled_on=&#8221;on|on|off&#8221; _builder_version=&#8221;4.9.2&#8243; _module_preset=&#8221;default&#8221; module_alignment=&#8221;center&#8221; min_height=&#8221;165px&#8221; height=&#8221;165px&#8221; max_height=&#8221;165px&#8221;][\/et_pb_image][et_pb_image src=&#8221;https:\/\/gralsbotschaft.net\/wp-content\/uploads\/2021\/03\/gralsbotschaft-1931-1.png&#8221; title_text=&#8221;gralsbotschaft-1931&#8243; align=&#8221;center&#8221; disabled_on=&#8221;on|on|off&#8221; _builder_version=&#8221;4.9.2&#8243; _module_preset=&#8221;default&#8221; width=&#8221;50%&#8221; max_width=&#8221;50%&#8221; module_alignment=&#8221;center&#8221; min_height=&#8221;165px&#8221; height=&#8221;165px&#8221; max_height=&#8221;165px&#8221;][\/et_pb_image][et_pb_image src=&#8221;https:\/\/gralsbotschaft.net\/wp-content\/uploads\/2021\/03\/gralsbotschaft-1934-1.png&#8221; title_text=&#8221;gralsbotschaft-1934&#8243; align=&#8221;center&#8221; disabled_on=&#8221;on|on|off&#8221; _builder_version=&#8221;4.9.2&#8243; _module_preset=&#8221;default&#8221; module_alignment=&#8221;center&#8221; min_height=&#8221;165px&#8221; height=&#8221;165px&#8221; max_height=&#8221;165px&#8221;][\/et_pb_image][et_pb_image src=&#8221;https:\/\/gralsbotschaft.net\/wp-content\/uploads\/2021\/03\/ausgabe-letzter-hand-gralsbotschaft-1941.png&#8221; title_text=&#8221;ausgabe-letzter-hand-gralsbotschaft-1941&#8243; align=&#8221;center&#8221; disabled_on=&#8221;on|on|off&#8221; _builder_version=&#8221;4.9.2&#8243; _module_preset=&#8221;default&#8221; module_alignment=&#8221;center&#8221; min_height=&#8221;165px&#8221; height=&#8221;165px&#8221; max_height=&#8221;165px&#8221;][\/et_pb_image][\/et_pb_column][\/et_pb_row][\/et_pb_section]<\/p>\n","protected":false},"excerpt":{"rendered":"<p>Edi\u021biile succesive ale Mesajului Graalului1926 Abd-ru-shin adun\u0103 laolalt\u0103 conferin\u021bele pe care le-a oferit public \u00eencep\u00e2nd cu anul 1923. Aceast\u0103 edi\u021bie mic\u0103 violet\u0103 con\u021bine 43 conferin\u021be.1931 apare urm\u0103toarea edi\u021bie a Mesajului Graalului, \u00een care Abd-ru-shin schimb\u0103 ordinea conferin\u021belor anterioare \u0219i introduce altele noi. Aceast\u0103 edi\u021bie mai voluminoas\u0103 con\u021bine 91 conferin\u021be.1934 sunt publicate 61 noi conferin\u021be \u00een [&hellip;]<\/p>\n","protected":false},"author":2,"featured_media":0,"parent":0,"menu_order":0,"comment_status":"closed","ping_status":"closed","template":"","meta":{"_et_pb_use_builder":"on","_et_pb_old_content":"","_et_gb_content_width":"","footnotes":""},"class_list":["post-1143","page","type-page","status-publish","hentry"],"aioseo_notices":[],"_links":{"self":[{"href":"https:\/\/gralsbotschaft.net\/ro\/wp-json\/wp\/v2\/pages\/1143","targetHints":{"allow":["GET"]}}],"collection":[{"href":"https:\/\/gralsbotschaft.net\/ro\/wp-json\/wp\/v2\/pages"}],"about":[{"href":"https:\/\/gralsbotschaft.net\/ro\/wp-json\/wp\/v2\/types\/page"}],"author":[{"embeddable":true,"href":"https:\/\/gralsbotschaft.net\/ro\/wp-json\/wp\/v2\/users\/2"}],"replies":[{"embeddable":true,"href":"https:\/\/gralsbotschaft.net\/ro\/wp-json\/wp\/v2\/comments?post=1143"}],"version-history":[{"count":5,"href":"https:\/\/gralsbotschaft.net\/ro\/wp-json\/wp\/v2\/pages\/1143\/revisions"}],"predecessor-version":[{"id":1785,"href":"https:\/\/gralsbotschaft.net\/ro\/wp-json\/wp\/v2\/pages\/1143\/revisions\/1785"}],"wp:attachment":[{"href":"https:\/\/gralsbotschaft.net\/ro\/wp-json\/wp\/v2\/media?parent=1143"}],"curies":[{"name":"wp","href":"https:\/\/api.w.org\/{rel}","templated":true}]}}