{"id":1123,"date":"2021-03-28T19:17:55","date_gmt":"2021-03-28T19:17:55","guid":{"rendered":"https:\/\/gralsbotschaft.net\/citate-pe-diverse-teme\/"},"modified":"2023-03-27T18:24:08","modified_gmt":"2023-03-27T18:24:08","slug":"citate-pe-diverse-teme","status":"publish","type":"page","link":"https:\/\/gralsbotschaft.net\/ro\/citate-pe-diverse-teme\/","title":{"rendered":"Citate pe diverse teme"},"content":{"rendered":"<p>[et_pb_section fb_built=&#8221;1&#8243; _builder_version=&#8221;4.16&#8243; _module_preset=&#8221;default&#8221; use_background_color_gradient=&#8221;on&#8221; background_color_gradient_type=&#8221;circular&#8221; background_color_gradient_stops=&#8221;#ffffff 0%|#4b6f20 85%&#8221; background_color_gradient_start=&#8221;#ffffff&#8221; background_color_gradient_end=&#8221;#4b6f20&#8243; background_color_gradient_end_position=&#8221;85%&#8221; global_colors_info=&#8221;{}&#8221;][et_pb_row column_structure=&#8221;1_4,1_2,1_4&#8243; make_equal=&#8221;on&#8221; _builder_version=&#8221;4.16&#8243; _module_preset=&#8221;default&#8221; width=&#8221;85%&#8221; max_width=&#8221;85%&#8221; global_colors_info=&#8221;{}&#8221;][et_pb_column type=&#8221;1_4&#8243; _builder_version=&#8221;4.16&#8243; _module_preset=&#8221;default&#8221; global_colors_info=&#8221;{}&#8221;][\/et_pb_column][et_pb_column type=&#8221;1_2&#8243; _builder_version=&#8221;4.16&#8243; _module_preset=&#8221;default&#8221; global_colors_info=&#8221;{}&#8221;][et_pb_image src=&#8221;https:\/\/gralsbotschaft.net\/wp-content\/uploads\/2021\/03\/Mesajul-Graalului-In-Lumina-Adevarului-1-1.png&#8221; title_text=&#8221;Mesajul-Graalului-\u00cen-Lumina-Adev\u0103rului (1)&#8221; _builder_version=&#8221;4.16&#8243; _module_preset=&#8221;default&#8221; width=&#8221;40%&#8221; max_width=&#8221;40%&#8221; module_alignment=&#8221;center&#8221; global_colors_info=&#8221;{}&#8221;][\/et_pb_image][et_pb_text _builder_version=&#8221;4.16&#8243; _module_preset=&#8221;default&#8221; text_font=&#8221;Georgia||||||||&#8221; text_text_color=&#8221;#333333&#8243; text_font_size=&#8221;18px&#8221; custom_margin=&#8221;||5px||false|false&#8221; global_colors_info=&#8221;{}&#8221;]<\/p>\n<p>Citate pe diverse teme<\/p>\n<p>[\/et_pb_text][et_pb_divider color=&#8221;#333333&#8243; _builder_version=&#8221;4.16&#8243; _module_preset=&#8221;default&#8221; custom_margin=&#8221;||5px||false|false&#8221; global_colors_info=&#8221;{}&#8221;][\/et_pb_divider][et_pb_text _builder_version=&#8221;4.20.2&#8243; _module_preset=&#8221;default&#8221; text_font=&#8221;Georgia||||||||&#8221; text_text_color=&#8221;#333333&#8243; text_font_size=&#8221;18px&#8221; custom_margin=&#8221;||16px||false|false&#8221; custom_css_main_element=&#8221;height:450px;||overflow:auto;&#8221; global_colors_info=&#8221;{}&#8221;]<\/p>\n<p class=\"quote\">\u00a0 \u00a0 \u00a0 \u00a0 \u00a0\u00a0<strong>A<\/strong>scult\u0103torul \u0219i cititorul conferin\u021belor mele s\u0103 lucreze mereu \u00een sine \u00eensu\u0219i, s\u0103 sondeze \u0219i s\u0103 construiasc\u0103 poduri at\u00e2t de la o conferin\u021b\u0103 la alta, c\u00e2t \u0219i \u00een exterior, \u00een cursul evenimentelor mari \u0219i mici din lume! Abia atunci va putea s\u0103 \u00een\u021beleag\u0103 Mesajul Graalului \u0219i va descoperi c\u0103 acesta se \u00eenchide cu timpul \u00eentr-un \u00eentreg des\u0103v\u00e2r\u0219it, f\u0103r\u0103 s\u0103 lase nici o lacun\u0103.<\/p>\n<p style=\"text-align: right;\"><span>Conferin\u021ba <\/span>\u201eCreatura om\u201d<\/p>\n<p class=\"quote\">\u00a0 \u00a0 \u00a0 \u00a0 \u00a0\u00a0<strong>G<\/strong>\u00e2ndurile voastre sunt solii pe care \u00eei trimite\u021bi \u00een lume \u0219i care se \u00eentorc \u00eenc\u0103rca\u021bi greu cu cele g\u00e2ndite de voi, fie acestea bune sau rele. F\u0103r\u0103 t\u0103gad\u0103! G\u00e2ndi\u021bi-v\u0103 la faptul c\u0103 g\u00e2ndurile voastre sunt lucruri, c\u0103 se formeaz\u0103 spiritual, c\u0103 adesea formeaz\u0103 structuri care d\u0103inuiesc dincolo de sf\u00e2r\u0219itul vie\u021bii corpului vostru \u2014 astfel se clarific\u0103 multe pentru voi. A\u0219a se explic\u0103 de ce e corect\u0103 afirma\u021bia: \u201ec\u0103ci faptele lor vin cu ei!\u201d Crea\u021biile mentale sunt lucr\u0103ri care odat\u0103 \u0219i odat\u0103 v\u0103 ajung din urm\u0103! Care formeaz\u0103 inele luminoase sau \u00eentunecate \u00een jurul vostru, inele pe care trebuie s\u0103 le str\u0103bate\u021bi pentru a p\u0103trunde \u00een lumea spiritual\u0103. Nici un ad\u0103post, nici o interven\u021bie nu poate s\u0103 v\u0103 ajute \u00een privin\u021ba asta, pentru c\u0103 ave\u021bi dreptul la autodeterminare. De aceea trebuie ca ois \u0103 face\u021bi primul pas \u00een toate. Primul pas nu e greu, depinde doar de voin\u021b\u0103, care se veste\u0219te prin g\u00e2nduri. \u00cen felul acesta duce\u021bi at\u00e2t cerul, c\u00e2t \u0219i iadul \u00een voi \u00een\u0219iv\u0103.<\/p>\n<p style=\"text-align: right;\">Conferin\u021ba \u201eTrezi\u021bi-v\u0103!\u201d<\/p>\n<p class=\"quote\">\u00a0 \u00a0 \u00a0 \u00a0 \u00a0\u00a0<strong>C<\/strong>uvintele pe care voi le forma\u021bi, frazele, alc\u0103tuiesc soarta voastr\u0103 exterioar\u0103 pe acest P\u0103m\u00e2nt. Ele sunt ca semin\u021bele \u00eentr-o gr\u0103din\u0103 cu care voi v\u0103 \u00eenconjura\u021bi; pentru c\u0103 fiecare cuv\u00e2nt omenesc \u021bine de lucr\u0103rile cele mai vii pe care voi pute\u021bi s\u0103 le \u00eenf\u0103ptui\u021bi pentru voi \u00een aceast\u0103 Crea\u021bie.<\/p>\n<p style=\"text-align: right;\">Conferin\u021ba \u201eCuv\u00e2ntul omenesc\u201d<\/p>\n<p class=\"quote\">\u00a0 \u00a0 \u00a0 \u00a0 \u00a0\u00a0<strong>\u201eC<\/strong>e seam\u0103n\u0103 omul, aceea va culege \u00eenmul\u021bit!\u201d<br \/>Aceste pu\u021bine cuvinte con\u021bin \u0219i exprim\u0103 mult mai mult dec\u00e2t \u00ee\u0219i imagineaz\u0103 unii. Ele corespund cu cea mai mare precizie \u0219i exactitate evenimentelor reale ale ac\u021biunii reciproce din Crea\u021bie. Nu se poate g\u0103si o expresie mai nimerit\u0103 \u00een aceast\u0103 privin\u021b\u0103. A\u0219a cum la recolt\u0103 se culege multiplul a ceea ce s-a sem\u0103nat, exact la fel, corespunz\u0103tor felului voin\u021bei sale, \u00eel ajunge de fiecare dat\u0103 pe om ceea ce el a trezit la via\u021b\u0103 \u0219i a trimis \u00een lume.<br \/>Prin urmare, omul suport\u0103 spiritual responsabilitatea\u00a0pentru tot ce face. Aceast\u0103 responsabilitate se instituie deja odat\u0103 cu decizia, nu abia cu fapta \u00eemplinit\u0103 \u2014 care nu e dec\u00e2t o consecin\u021b\u0103 a deciziei. Iar decizia este trezirea unei voin\u021be serioase!<\/p>\n<p style=\"text-align: right;\">Conferin\u021ba \u201eResponsabilitate\u201d<\/p>\n<p class=\"quote\">\u00a0 \u00a0 \u00a0 \u00a0 \u00a0<strong>\u00a0O<\/strong>amenii vorbesc despre soart\u0103 meritat\u0103 sau nemeritat\u0103, despre recompens\u0103 \u0219i pedeaps\u0103, r\u0103splat\u0103 \u0219i karma. Toate acestea sunt doar denumiri incomplete pentru o lege a Crea\u021bie,\u00a0Legea Ac\u021biunii Reciproce!\u00a0O lege care se afl\u0103 \u00een \u00eentreaga Crea\u021bie de la \u00eenceputul \u00eenceputurilor \u0219i care \u00een marea, infinita devenire a fost \u00eempletit\u0103 indestructibil ca parte necesar\u0103 a cre\u0103rii \u00eens\u0103\u0219i \u0219i a dezvolt\u0103rii. Aceast\u0103 lege sus\u021bine \u0219i vivific\u0103 ca un sistem gigantic format din cele mai fine fibre nervoase imensul Univers \u0219i \u00eencurajeaz\u0103 mi\u0219care continu\u0103, un etern d\u0103-prime\u0219te! Simplu \u0219i firesc, \u0219i totu\u0219i at\u00e2t de precis exprimat deja de Iisus Christos:\u00a0\u201eCe seam\u0103n\u0103 omul, aceea va culege!\u201d<\/p>\n<p style=\"text-align: right;\"><span>Conferin\u021ba<\/span> <span>\u201eSoart\u0103\u201d<\/span><\/p>\n<p class=\"quote\">\u00a0 \u00a0 \u00a0 \u00a0 \u00a0<strong>\u00a0E<\/strong> o mare gre\u0219eal\u0103 s\u0103 se cread\u0103 c\u0103 odat\u0103 cu na\u0219terea \u00eencepe o nou\u0103 via\u021ba, c\u0103 un copil este \u201enevinovat\u201d la na\u0219tere \u0219i c\u0103 toate evenimentele pot fi luate \u00een calcul numai din perspectiva scurtei existen\u021be p\u0103m\u00e2nte\u0219ti. Dac\u0103 ar fi \u00eentr-adev\u0103r a\u0219a, atunci conform legilor actuale e de la sine \u00een\u021beles c\u0103 \u00eencheierea efectelor tuturor cauzelor ar trebui s\u0103 aib\u0103 loc pe parcursul unei vie\u021bi p\u0103m\u00e2nte\u0219ti.<\/p>\n<p style=\"text-align: right;\">Conferin\u021ba \u201eSoart\u0103\u201d<\/p>\n<p class=\"quote\">\u00a0 \u00a0 \u00a0 \u00a0 \u00a0\u00a0<strong>N<\/strong>u exist\u0103 un al doilea eveniment, altul dec\u00e2t moartea, care datorit\u0103 inevitabilit\u0103\u021bii sale s\u0103 fie tot mereu dat la o parte \u00een g\u00e2nd. Totu\u0219i nu exist\u0103 un alt eveniment at\u00e2t de semnificativ \u00een via\u021ba p\u0103m\u00e2nteasc\u0103, cu excep\u021bia na\u0219terii. E totu\u0219i b\u0103t\u0103tor la ochi faptul c\u0103 omul vrea s\u0103 se ocupe at\u00e2t de pu\u021bin chiar cu \u00eenceputul \u0219i sf\u0103r\u0219itul vie\u021bii sale p\u0103m\u00e2nte\u0219ti, \u00een timp ce caut\u0103 s\u0103 asocieze o semnifica\u021bie profund\u0103 tuturor celorlalte evenimente, chiar lucrurilor cele mai neglijabile.<\/p>\n<p style=\"text-align: right;\">Conferin\u021ba \u201eSoart\u0103\u201d<\/p>\n<p class=\"quote\">\u00a0 \u00a0 \u00a0 \u00a0 \u00a0<strong>\u00a0M<\/strong>oartea ca eveniment \u00een sine nu este nimic altceva dec\u00e2t na\u0219terea \u00een lumea de materie fin\u0103 \u2014 asem\u0103n\u0103tor procesului na\u0219terii \u00een lumea de materie brut\u0103.<\/p>\n<p style=\"text-align: right;\">\u00cen Lumina Adev\u0103rului, Conferin\u021ba \u201eSoart\u0103\u201d<\/p>\n<p>[\/et_pb_text][\/et_pb_column][et_pb_column type=&#8221;1_4&#8243; _builder_version=&#8221;4.16&#8243; _module_preset=&#8221;default&#8221; custom_css_main_element=&#8221;margin-top:auto;&#8221; global_colors_info=&#8221;{}&#8221;][\/et_pb_column][\/et_pb_row][\/et_pb_section]<\/p>\n","protected":false},"excerpt":{"rendered":"<p>Citate pe diverse teme\u00a0 \u00a0 \u00a0 \u00a0 \u00a0\u00a0Ascult\u0103torul \u0219i cititorul conferin\u021belor mele s\u0103 lucreze mereu \u00een sine \u00eensu\u0219i, s\u0103 sondeze \u0219i s\u0103 construiasc\u0103 poduri at\u00e2t de la o conferin\u021b\u0103 la alta, c\u00e2t \u0219i \u00een exterior, \u00een cursul evenimentelor mari \u0219i mici din lume! Abia atunci va putea s\u0103 \u00een\u021beleag\u0103 Mesajul Graalului \u0219i va descoperi c\u0103 [&hellip;]<\/p>\n","protected":false},"author":2,"featured_media":0,"parent":0,"menu_order":0,"comment_status":"closed","ping_status":"closed","template":"","meta":{"_et_pb_use_builder":"on","_et_pb_old_content":"","_et_gb_content_width":"","footnotes":""},"class_list":["post-1123","page","type-page","status-publish","hentry"],"aioseo_notices":[],"_links":{"self":[{"href":"https:\/\/gralsbotschaft.net\/ro\/wp-json\/wp\/v2\/pages\/1123","targetHints":{"allow":["GET"]}}],"collection":[{"href":"https:\/\/gralsbotschaft.net\/ro\/wp-json\/wp\/v2\/pages"}],"about":[{"href":"https:\/\/gralsbotschaft.net\/ro\/wp-json\/wp\/v2\/types\/page"}],"author":[{"embeddable":true,"href":"https:\/\/gralsbotschaft.net\/ro\/wp-json\/wp\/v2\/users\/2"}],"replies":[{"embeddable":true,"href":"https:\/\/gralsbotschaft.net\/ro\/wp-json\/wp\/v2\/comments?post=1123"}],"version-history":[{"count":5,"href":"https:\/\/gralsbotschaft.net\/ro\/wp-json\/wp\/v2\/pages\/1123\/revisions"}],"predecessor-version":[{"id":2220,"href":"https:\/\/gralsbotschaft.net\/ro\/wp-json\/wp\/v2\/pages\/1123\/revisions\/2220"}],"wp:attachment":[{"href":"https:\/\/gralsbotschaft.net\/ro\/wp-json\/wp\/v2\/media?parent=1123"}],"curies":[{"name":"wp","href":"https:\/\/api.w.org\/{rel}","templated":true}]}}