{"id":936,"date":"2021-03-28T17:54:49","date_gmt":"2021-03-28T17:54:49","guid":{"rendered":"https:\/\/gralsbotschaft.net\/turinys\/"},"modified":"2023-09-30T16:36:51","modified_gmt":"2023-09-30T16:36:51","slug":"turinys-gralio-zinia","status":"publish","type":"page","link":"https:\/\/gralsbotschaft.net\/lt\/turinys-gralio-zinia\/","title":{"rendered":"Turinys"},"content":{"rendered":"<p>[et_pb_section fb_built=&#8221;1&#8243; _builder_version=&#8221;4.16&#8243; _module_preset=&#8221;default&#8221; use_background_color_gradient=&#8221;on&#8221; background_color_gradient_type=&#8221;circular&#8221; background_color_gradient_stops=&#8221;#ffffff 0%|#4b6f20 85%&#8221; background_color_gradient_start=&#8221;#ffffff&#8221; background_color_gradient_end=&#8221;#4b6f20&#8243; background_color_gradient_end_position=&#8221;85%&#8221; global_colors_info=&#8221;{}&#8221;][et_pb_row column_structure=&#8221;1_4,1_2,1_4&#8243; make_equal=&#8221;on&#8221; _builder_version=&#8221;4.16&#8243; _module_preset=&#8221;default&#8221; width=&#8221;85%&#8221; max_width=&#8221;85%&#8221; global_colors_info=&#8221;{}&#8221;][et_pb_column type=&#8221;1_4&#8243; _builder_version=&#8221;4.16&#8243; _module_preset=&#8221;default&#8221; global_colors_info=&#8221;{}&#8221;][\/et_pb_column][et_pb_column type=&#8221;1_2&#8243; _builder_version=&#8221;4.16&#8243; _module_preset=&#8221;default&#8221; global_colors_info=&#8221;{}&#8221;][et_pb_image src=&#8221;https:\/\/gralsbotschaft.net\/wp-content\/uploads\/2021\/03\/Gralio-Zinia-3.png&#8221; title_text=&#8221;Gralio-Zinia&#8221; _builder_version=&#8221;4.16&#8243; _module_preset=&#8221;default&#8221; width=&#8221;35%&#8221; max_width=&#8221;35%&#8221; module_alignment=&#8221;center&#8221; global_colors_info=&#8221;{}&#8221;][\/et_pb_image][et_pb_text _builder_version=&#8221;4.16&#8243; _module_preset=&#8221;default&#8221; text_font=&#8221;Georgia||||||||&#8221; text_text_color=&#8221;#333333&#8243; text_font_size=&#8221;18px&#8221; custom_margin=&#8221;||5px||false|false&#8221; global_colors_info=&#8221;{}&#8221;]<\/p>\n<p>Turinys<\/p>\n<p>[\/et_pb_text][et_pb_divider color=&#8221;#333333&#8243; _builder_version=&#8221;4.16&#8243; _module_preset=&#8221;default&#8221; custom_margin=&#8221;||5px||false|false&#8221; global_colors_info=&#8221;{}&#8221;][\/et_pb_divider][et_pb_text _builder_version=&#8221;4.22.2&#8243; _module_preset=&#8221;default&#8221; text_font=&#8221;Georgia||||||||&#8221; text_text_color=&#8221;#333333&#8243; text_font_size=&#8221;18px&#8221; header_2_line_height=&#8221;1.5em&#8221; custom_margin=&#8221;||16px||false|false&#8221; hover_enabled=&#8221;0&#8243; custom_css_main_element=&#8221;height:450px;||overflow:auto;&#8221; global_colors_info=&#8221;{}&#8221; sticky_enabled=&#8221;0&#8243;]<\/p>\n<h2>Tiesos \u0160viesoje<\/h2>\n<h3>I Tomas<\/h3>\n<p>Vietoj pratarm\u0117s<\/p>\n<ol class=\"iv\">\n<li class=\"iv\"><span style=\"color: #000000;\">Ko ie\u0161kote j\u016bs?<\/span><\/li>\n<li class=\"iv\"><span style=\"color: #000000;\">Vedlio \u0161aukimasis<\/span><\/li>\n<li class=\"iv\"><span style=\"color: #000000;\">Antikristas<\/span><\/li>\n<li class=\"iv\"><span style=\"color: #000000;\">Dorov\u0117<\/span><\/li>\n<li class=\"iv\"><span style=\"color: #000000;\">Pabuskite!<\/span><\/li>\n<li class=\"iv\"><span style=\"color: #000000;\">Tyl\u0117jimas<\/span><\/li>\n<li class=\"iv\"><span style=\"color: #000000;\">Kilimas<\/span><\/li>\n<li class=\"iv\">Kultas<\/li>\n<li class=\"iv\">S\u0105stingis<\/li>\n<li class=\"iv\">Vaiki\u0161kumas<\/li>\n<li class=\"iv\">Skaistyb\u0117<\/li>\n<li class=\"iv\">Pirmasis \u017eingsnis<\/li>\n<li class=\"iv\">Pasaulis<\/li>\n<li class=\"iv\">Betliejaus \u017evaig\u017ed\u0117<\/li>\n<li class=\"iv\">Kova<\/li>\n<li class=\"iv\">\u0160iuolaikinis dvasinis mokslas<\/li>\n<li class=\"iv\">Klystkeliai<\/li>\n<li class=\"iv\">Kas \u0161iandien atskiria \u017emones nuo \u0160viesos?<\/li>\n<li class=\"iv\">Tai buvo seniai\u2026!<\/li>\n<li class=\"iv\">Paklydimai<\/li>\n<li class=\"iv\">\u017dmogaus \u017eodis<\/li>\n<li class=\"iv\">Moters vaidmuo K\u016brinijoje<\/li>\n<li class=\"iv\">Atsidavimas<\/li>\n<li class=\"iv\">Dvasios tingumas<\/li>\n<li class=\"iv\">\u017dem\u0117s \u017emogus savojo Dievo akivaizdoje<\/li>\n<li class=\"iv\">Visa, kas negyva K\u016brinijoje, bus atgaivinta<\/li>\n<li class=\"iv\">Gyvenimo Knyga<\/li>\n<li class=\"iv\">T\u016bkstan\u010dio met\u0173 Karalyst\u0117<\/li>\n<li class=\"iv\">B\u016btinas \u017eodis<\/li>\n<li class=\"iv\">Did\u017eioji kometa<\/li>\n<li class=\"iv\">Pasauli\u0173 Mokytojas<\/li>\n<li class=\"iv\">Ateivis<\/li>\n<li class=\"iv\">I\u0161sigelb\u0117jimas! I\u0161ganymas!<\/li>\n<li class=\"iv\">Vie\u0161paties kalba<\/li>\n<\/ol>\n<h3>II Tomas<\/h3>\n<ol class=\"iv\">\n<li class=\"iv\">Atsakomyb\u0117<\/li>\n<li class=\"iv\">Likimas<\/li>\n<li class=\"iv\">\u017dmogaus suk\u016brimas<\/li>\n<li class=\"iv\">\u017dmogus K\u016brinijoje<\/li>\n<li class=\"iv\">Prigimtin\u0117 nuod\u0117m\u0117<\/li>\n<li class=\"iv\">Dievas<\/li>\n<li class=\"iv\">Vidinis balsas<\/li>\n<li class=\"iv\">Meil\u0117s religija<\/li>\n<li class=\"iv\">I\u0161ganytojas<\/li>\n<li class=\"iv\">Gimimo paslaptis<\/li>\n<li class=\"iv\">Ar rekomenduojamos okultin\u0117s pratybos?<\/li>\n<li class=\"iv\">Spiritizmas<\/li>\n<li class=\"iv\">Priri\u0161tas prie \u017dem\u0117s<\/li>\n<li class=\"iv\">Ar lytinis susilaikymas padeda vystyti dvasi\u0105?<\/li>\n<li class=\"iv\">Min\u010di\u0173 formos<\/li>\n<li class=\"iv\">B\u016bk budrus ir melskis!<\/li>\n<li class=\"iv\">Santuoka<\/li>\n<li class=\"iv\">Vaiko teis\u0117 \u012f t\u0117vus<\/li>\n<li class=\"iv\">Malda<\/li>\n<li class=\"iv\">T\u0117ve m\u016bs\u0173<\/li>\n<li class=\"iv\">Dievo garbinimas<\/li>\n<li class=\"iv\">\u017dmogus ir jo laisva valia<\/li>\n<li class=\"iv\">Ideal\u016bs \u017emon\u0117s<\/li>\n<li class=\"iv\">Perkelkit Jam visas kaltes<\/li>\n<li class=\"iv\">Hipnoz\u0117 \u2013 tai nusikaltimas<\/li>\n<li class=\"iv\">Astrologija<\/li>\n<li class=\"iv\">Simbolika \u017emogaus likime<\/li>\n<li class=\"iv\">Tik\u0117jimas<\/li>\n<li class=\"iv\">\u017demi\u0161kos g\u0117ryb\u0117s<\/li>\n<li class=\"iv\">Mirtis<\/li>\n<li class=\"iv\">Atsiskyr\u0119s<\/li>\n<li class=\"iv\">Stebuklas<\/li>\n<li class=\"iv\">Krik\u0161tas<\/li>\n<li class=\"iv\">\u0160ventasis Gralis<\/li>\n<li class=\"iv\">Liuciferio paslaptis<\/li>\n<li class=\"iv\">Tamsos sferos ir prakeikimas<\/li>\n<li class=\"iv\">\u0160viesos sferos ir rojus<\/li>\n<li class=\"iv\">Pasaulio vyksmas<\/li>\n<li class=\"iv\">\u017dmogaus ir gyv\u016bno kilm\u0117s skirtumas<\/li>\n<li class=\"iv\">Atskirtis tarp mokslo ir \u017emonijos<\/li>\n<li class=\"iv\">Dvasia<\/li>\n<li class=\"iv\">K\u016brinijos raida<\/li>\n<li class=\"iv\">A\u0161 esu Vie\u0161pats, Tavo Dievas!<\/li>\n<li class=\"iv\">Nekaltas prasid\u0117jimas ir Dievo S\u016bnaus gimimas<\/li>\n<li class=\"iv\">Dievo S\u016bnaus mirtis ant kry\u017eiaus ir Paskutin\u0117 vakarien\u0117<\/li>\n<li class=\"iv\">Nu\u017eenk nuo kry\u017eiaus!<\/li>\n<li class=\"iv\">Tai yra mano k\u016bnas! Tai yra mano kraujas!<\/li>\n<li class=\"iv\">Kristaus \u017eemi\u0161kojo k\u016bno prisik\u0117limas<\/li>\n<li class=\"iv\">\u017dmogi\u0161kasis suvokimas ir Dievo Valia prie\u017easties pasekm\u0117s d\u0117snyje<\/li>\n<li class=\"iv\">\u017dmogaus S\u016bnus<\/li>\n<li class=\"iv\">Seksualin\u0117s energijos reik\u0161m\u0117 dvasiniam tobul\u0117jimui<\/li>\n<li class=\"iv\">A\u0161 esu prisik\u0117limas ir gyvenimas, niekas nenueis pas T\u0117v\u0105 kitaip, kaip tik per mane!<\/li>\n<li class=\"iv\">Grubioji materija, subtilioji materija, spinduliavimai, erdv\u0117 ir laikas<\/li>\n<li class=\"iv\">Ai\u0161kiaregyst\u0117s klaida<\/li>\n<li class=\"iv\">Ai\u0161kiaregyst\u0117s r\u016b\u0161ys<\/li>\n<li class=\"iv\">Demon\u0173 ir fantom\u0173 karalyst\u0117je<\/li>\n<li class=\"iv\">Okultin\u0117s pratybos, m\u0117si\u0161kas ir augalinis maistas<\/li>\n<li class=\"iv\">I\u0161gijimo magnetizmas<\/li>\n<li class=\"iv\">Gyvenkite dabartimi!<\/li>\n<li class=\"iv\">K\u0105 turi padaryti \u017emogus, kad gal\u0117t\u0173 patekti \u012f Dievo karalyst\u0119?<\/li>\n<li class=\"iv\">Matai krisl\u0105 savo brolio aky, bet nepastebi pagalio savo akyse!<\/li>\n<li class=\"iv\">Gamtoje vykstanti kova<\/li>\n<li class=\"iv\">\u0160ventosios Dvasios atsiv\u0117rimas<\/li>\n<li class=\"iv\">Lytis<\/li>\n<li class=\"iv\">Ar am\u017eius gali b\u016bti dvasinio kilimo kli\u016btimi?<\/li>\n<li class=\"iv\">T\u0117ve, atleisk jiems, nes jie ne\u017eino, k\u0105 daro!<\/li>\n<li class=\"iv\">Dievai \u2013 Olimpas \u2013 Valhala<\/li>\n<li class=\"iv\">\u017dmogus \u2013 kaip sutv\u0117rimas<\/li>\n<li class=\"iv\">T\u016bkstantis met\u0173 \u2013 kaip viena diena!<\/li>\n<li class=\"iv\">Poj\u016btis<\/li>\n<li class=\"iv\">Gyvenimas<\/li>\n<\/ol>\n<h3>III Tomas<\/h3>\n<ol class=\"iv\">\n<li>Prie\u0161au\u0161rio \u017eem\u0117je<\/li>\n<li class=\"iv\">Susim\u0105st\u0117liai<\/li>\n<li class=\"iv\">Savanoriai kankiniai, religiniai fanatikai<\/li>\n<li class=\"iv\">Dievo tarnai<\/li>\n<li class=\"iv\">Gyv\u016bn\u0173 instinktas<\/li>\n<li class=\"iv\">Draugyst\u0117s bu\u010dinys<\/li>\n<li class=\"iv\">I\u0161kreiptas \u012frankis<\/li>\n<li class=\"iv\">Vaikas<\/li>\n<li class=\"iv\">\u017demi\u0161ko moteri\u0161kumo u\u017edavinys<\/li>\n<li>Visur esati Esatis<\/li>\n<li class=\"iv\">Kristus sak\u0117\u2026 !<\/li>\n<li class=\"iv\">K\u016brinijos \u012estatymas\u00a0 \u00abJud\u0117jimas\u00bb<\/li>\n<li class=\"iv\">\u017demi\u0161kas k\u016bnas<\/li>\n<li class=\"iv\">Kraujo paslaptis<\/li>\n<li class=\"iv\">Temperamentas<\/li>\n<li>\u017di\u016br\u0117k, \u017emogau, kaip privalai keliauti per \u0161i\u0105 K\u016brinij\u0105, kad likimo gijos ne stabdyt\u0173 tavo kelim\u0105, o j\u012f skatint\u0173!<\/li>\n<li>Naujas \u012estatymas<\/li>\n<li class=\"iv\">Pareiga ir i\u0161tikimyb\u0117<\/li>\n<li class=\"iv\">Taut\u0173 gro\u017eis<\/li>\n<li class=\"iv\">Atlikta!<\/li>\n<li class=\"iv\">Ties grubiosios materijos riba<\/li>\n<li class=\"iv\">Dievo atpa\u017einimas<\/li>\n<li class=\"iv\">Vardas<\/li>\n<li class=\"iv\">Esybi\u0161kumas<\/li>\n<li class=\"iv\">Ma\u017eosios esyb\u0117s<\/li>\n<li class=\"iv\">Esybi\u0173 grubiosios materijos dirbtuv\u0117se<\/li>\n<li class=\"iv\">Siela keliauja\u2026<\/li>\n<li class=\"iv\">Moteris ir vyras<\/li>\n<li class=\"iv\">I\u0161kreiptos sielos<\/li>\n<li class=\"iv\">\u017dmogaus dvasinis vedlys<\/li>\n<li class=\"iv\">\u0160viesos gijos vir\u0161 j\u016bs\u0173!<\/li>\n<li>Did\u017eioji Karalien\u0117<\/li>\n<li class=\"iv\">Spinduliavim\u0173 apytakos ratas<\/li>\n<li class=\"iv\">Venkite fariziej\u0173!<\/li>\n<li class=\"iv\">Aps\u0117stieji<\/li>\n<li class=\"iv\">Pra\u0161ykite ir jums bus duota!<\/li>\n<li class=\"iv\">Pad\u0117ka<\/li>\n<li class=\"iv\">Teb\u016bnie \u0160viesa!<\/li>\n<li class=\"iv\">Beesmis<\/li>\n<li class=\"iv\">Kal\u0117dos<\/li>\n<li><em>Nesileiskite<\/em> gundami!<\/li>\n<li class=\"iv\">\u0160eimos jausmas<\/li>\n<li class=\"iv\">Brangieji namai<\/li>\n<li class=\"iv\">Tikintieji i\u0161 \u012fpro\u010dio<\/li>\n<li>Pa\u017evelk, kas tau naudinga!<\/li>\n<li class=\"iv\">Visa apimanti I\u0161mintis<\/li>\n<li class=\"iv\">Silpnoji lytis<\/li>\n<li class=\"iv\">Sugriautas tiltas<\/li>\n<li class=\"iv\">Liepsnos serg\u0117otoja<\/li>\n<li class=\"iv\">K\u016brinijos ap\u017evalga<\/li>\n<li class=\"iv\">Siela<\/li>\n<li class=\"iv\">Gamta<\/li>\n<li class=\"iv\">Dvasios daigai<\/li>\n<li class=\"iv\">Esybi\u0161ki\u0117ji daigai<\/li>\n<li class=\"iv\">Esybi\u0161kumo \u017eiedas<\/li>\n<li class=\"iv\">Pirminio dvasi\u0161kumo lygmenys I<\/li>\n<li class=\"iv\">Pirminio dvasi\u0161kumo lygmenys II<\/li>\n<li class=\"iv\">Pirminio dvasi\u0161kumo lygmenys III<\/li>\n<li class=\"iv\">Pirminio dvasi\u0161kumo lygmenys IV<\/li>\n<li class=\"iv\">Pirminio dvasi\u0161kumo lygmenys V<\/li>\n<li class=\"iv\">Pirminio dvasi\u0161kumo lygmenys VI<\/li>\n<li class=\"iv\">Pirminio dvasi\u0161kumo lygmenys VII<\/li>\n<li class=\"iv\">Baigiamasis \u017eodis: Kaip priimti \u017dini\u0105\n<ol><\/ol>\n<ol start=\"10\"><\/ol>\n<\/li>\n<\/ol>\n<p>[\/et_pb_text][\/et_pb_column][et_pb_column type=&#8221;1_4&#8243; _builder_version=&#8221;4.16&#8243; _module_preset=&#8221;default&#8221; custom_css_main_element=&#8221;margin-top:auto;&#8221; global_colors_info=&#8221;{}&#8221;][\/et_pb_column][\/et_pb_row][\/et_pb_section]<\/p>\n","protected":false},"excerpt":{"rendered":"<p>TurinysTiesos \u0160viesoje I Tomas Vietoj pratarm\u0117s Ko ie\u0161kote j\u016bs? Vedlio \u0161aukimasis Antikristas Dorov\u0117 Pabuskite! Tyl\u0117jimas Kilimas Kultas S\u0105stingis Vaiki\u0161kumas Skaistyb\u0117 Pirmasis \u017eingsnis Pasaulis Betliejaus \u017evaig\u017ed\u0117 Kova \u0160iuolaikinis dvasinis mokslas Klystkeliai Kas \u0161iandien atskiria \u017emones nuo \u0160viesos? Tai buvo seniai\u2026! Paklydimai \u017dmogaus \u017eodis Moters vaidmuo K\u016brinijoje Atsidavimas Dvasios tingumas \u017dem\u0117s \u017emogus savojo Dievo akivaizdoje Visa, kas [&hellip;]<\/p>\n","protected":false},"author":2,"featured_media":0,"parent":0,"menu_order":0,"comment_status":"closed","ping_status":"closed","template":"","meta":{"_et_pb_use_builder":"on","_et_pb_old_content":"","_et_gb_content_width":"","footnotes":""},"class_list":["post-936","page","type-page","status-publish","hentry"],"aioseo_notices":[],"_links":{"self":[{"href":"https:\/\/gralsbotschaft.net\/lt\/wp-json\/wp\/v2\/pages\/936","targetHints":{"allow":["GET"]}}],"collection":[{"href":"https:\/\/gralsbotschaft.net\/lt\/wp-json\/wp\/v2\/pages"}],"about":[{"href":"https:\/\/gralsbotschaft.net\/lt\/wp-json\/wp\/v2\/types\/page"}],"author":[{"embeddable":true,"href":"https:\/\/gralsbotschaft.net\/lt\/wp-json\/wp\/v2\/users\/2"}],"replies":[{"embeddable":true,"href":"https:\/\/gralsbotschaft.net\/lt\/wp-json\/wp\/v2\/comments?post=936"}],"version-history":[{"count":10,"href":"https:\/\/gralsbotschaft.net\/lt\/wp-json\/wp\/v2\/pages\/936\/revisions"}],"predecessor-version":[{"id":2334,"href":"https:\/\/gralsbotschaft.net\/lt\/wp-json\/wp\/v2\/pages\/936\/revisions\/2334"}],"wp:attachment":[{"href":"https:\/\/gralsbotschaft.net\/lt\/wp-json\/wp\/v2\/media?parent=936"}],"curies":[{"name":"wp","href":"https:\/\/api.w.org\/{rel}","templated":true}]}}