{"id":854,"date":"2021-03-28T17:11:53","date_gmt":"2021-03-28T17:11:53","guid":{"rendered":"https:\/\/gralsbotschaft.net\/izanga\/"},"modified":"2023-03-07T11:51:39","modified_gmt":"2023-03-07T11:51:39","slug":"izanga-gralio-zinia","status":"publish","type":"page","link":"https:\/\/gralsbotschaft.net\/lt\/izanga-gralio-zinia\/","title":{"rendered":"\u012e\u017eanga"},"content":{"rendered":"<p>[et_pb_section fb_built=&#8221;1&#8243; _builder_version=&#8221;4.16&#8243; _module_preset=&#8221;default&#8221; background_color=&#8221;RGBA(0,0,0,0)&#8221; module_alignment=&#8221;center&#8221; custom_margin=&#8221;0px||0px||false|false&#8221; custom_padding=&#8221;0px||0px||false|false&#8221; global_colors_info=&#8221;{}&#8221;][et_pb_row column_structure=&#8221;1_4,1_2,1_4&#8243; make_equal=&#8221;on&#8221; _builder_version=&#8221;4.16&#8243; _module_preset=&#8221;default&#8221; width=&#8221;85%&#8221; max_width=&#8221;85%&#8221; custom_padding=&#8221;60px||101px||false|false&#8221; global_colors_info=&#8221;{}&#8221;][et_pb_column type=&#8221;1_4&#8243; _builder_version=&#8221;4.16&#8243; _module_preset=&#8221;default&#8221; global_colors_info=&#8221;{}&#8221;][\/et_pb_column][et_pb_column type=&#8221;1_2&#8243; _builder_version=&#8221;4.16&#8243; _module_preset=&#8221;default&#8221; global_colors_info=&#8221;{}&#8221;][et_pb_image src=&#8221;https:\/\/gralsbotschaft.net\/wp-content\/uploads\/2021\/03\/Gralio-Zinia-1.png&#8221; title_text=&#8221;Gralio-Zinia (1)&#8221; align=&#8221;center&#8221; _builder_version=&#8221;4.16&#8243; _module_preset=&#8221;default&#8221; width=&#8221;35%&#8221; max_width=&#8221;35%&#8221; module_alignment=&#8221;center&#8221; global_colors_info=&#8221;{}&#8221;][\/et_pb_image][et_pb_text _builder_version=&#8221;4.16&#8243; _module_preset=&#8221;default&#8221; text_font=&#8221;Georgia||||||||&#8221; text_text_color=&#8221;#333333&#8243; text_font_size=&#8221;18px&#8221; custom_margin=&#8221;||5px||false|false&#8221; global_colors_info=&#8221;{}&#8221;]<\/p>\n<p>\u012e\u017eanga<\/p>\n<p>[\/et_pb_text][et_pb_divider color=&#8221;#333333&#8243; _builder_version=&#8221;4.16&#8243; _module_preset=&#8221;default&#8221; custom_margin=&#8221;||5px||false|false&#8221; global_colors_info=&#8221;{}&#8221;][\/et_pb_divider][et_pb_text _builder_version=&#8221;4.16&#8243; _module_preset=&#8221;default&#8221; text_font=&#8221;Georgia||||||||&#8221; text_text_color=&#8221;#333333&#8243; text_font_size=&#8221;18px&#8221; text_line_height=&#8221;1.6em&#8221; header_3_text_align=&#8221;center&#8221; header_3_font_size=&#8221;17px&#8221; custom_margin=&#8221;||16px||false|false&#8221; custom_css_main_element=&#8221;height:450px;||overflow:auto;&#8221; global_colors_info=&#8221;{}&#8221;]<\/p>\n<h4 style=\"text-align: center;\">VIETOJ PRATARM\u0116S!<\/h4>\n<p>&nbsp;<\/p>\n<p>Ateina prareg\u0117jimas ir tik\u0117jimas virsta \u012fsitikinimu. Tik \u012fsitikinime gl\u016bdi i\u0161sivadavimas ir i\u0161ganymas!<\/p>\n<p>Kalbu tik tiems, kurie rimtai ie\u0161ko. Jie privalo nor\u0117ti ir sugeb\u0117ti tiksliai patikrinti \u0161i\u0105 objektyvi\u0105 Ties\u0105! Religiniai fanatikai ir lengvab\u016bd\u017eiai svajotojai tegu laikosi nuo\u0161alyje; nes jie tiesai kenkia. Piktavaliai ir neobjektyv\u016bs \u0161iuose \u017eod\u017eiuose ras sau nuosprend\u012f.<\/p>\n<p>\u017dinia pasieks tik tuos, kurie savyje ne\u0161ioja tiesos kibirk\u0161t\u012f ir tro\u0161kim\u0105, i\u0161 tikr\u0173j\u0173 b\u016bti \u017emogumi. Tokiems \u0161i \u017einia taps \u017eibintu ir atrama. Ji be aplinkkeli\u0173 i\u0161ves juos i\u0161 dabartin\u0117s painiavos chaoso.<\/p>\n<p>Toliau i\u0161d\u0117styta \u017einia neatne\u0161 naujos religijos, ta\u010diau visiems rimtiems skaitytojams ir klausytojams bus fakelu, pad\u0117sian\u010diu rasti teising\u0105 keli\u0105, kuris juos ves \u012f i\u0161siilgtas auk\u0161tumas.<\/p>\n<p>Tik tas, kuris pats juda, gali dvasi\u0161kai tobul\u0117ti. Kvailys, besinaudojantis svetimomis, \u012f gatav\u0173 pa\u017ei\u016br\u0173 form\u0105 \u012fvilktomis pagalbin\u0117mis priemon\u0117mis, eina savuoju keliu lyg su ramentais, nors turi sveikas kojas. Ta\u010diau vos tik jis, kaip \u012frankius kilimui, dr\u0105siai panaudos visus sugeb\u0117jimus, snaudusius jame ir laukusius, kol juos pa\u0161auks, jis panaudos jam patik\u0117t\u0105 turt\u0105 pagal K\u016br\u0117jo vali\u0105 ir \u017eaismingai nugal\u0117s visas jo keli\u0105 kertan\u010dias kli\u016btis, kuri\u0173 tikslas \u2013 nukreipti nuo kelio.<\/p>\n<p>Tod\u0117l pabuskite! Tik \u012fsitikinime gl\u016bdi tikrasis tik\u0117jimas, o \u012fsitikinimas pasiekiamas beatodairi\u0161kai tikrinant ir svarstant! Nuostabioje savojo Dievo k\u016brinijoje gyvenkite kaip gyvieji!<\/p>\n<p style=\"text-align: right;\">Abd-ru-shin<\/p>\n<p>[\/et_pb_text][\/et_pb_column][et_pb_column type=&#8221;1_4&#8243; _builder_version=&#8221;4.16&#8243; _module_preset=&#8221;default&#8221; custom_css_main_element=&#8221;margin-top:auto;&#8221; global_colors_info=&#8221;{}&#8221;][\/et_pb_column][\/et_pb_row][\/et_pb_section]<\/p>\n","protected":false},"excerpt":{"rendered":"<p>\u012e\u017eangaVIETOJ PRATARM\u0116S! &nbsp; Ateina prareg\u0117jimas ir tik\u0117jimas virsta \u012fsitikinimu. Tik \u012fsitikinime gl\u016bdi i\u0161sivadavimas ir i\u0161ganymas! Kalbu tik tiems, kurie rimtai ie\u0161ko. Jie privalo nor\u0117ti ir sugeb\u0117ti tiksliai patikrinti \u0161i\u0105 objektyvi\u0105 Ties\u0105! Religiniai fanatikai ir lengvab\u016bd\u017eiai svajotojai tegu laikosi nuo\u0161alyje; nes jie tiesai kenkia. Piktavaliai ir neobjektyv\u016bs \u0161iuose \u017eod\u017eiuose ras sau nuosprend\u012f. \u017dinia pasieks tik tuos, [&hellip;]<\/p>\n","protected":false},"author":2,"featured_media":0,"parent":0,"menu_order":0,"comment_status":"closed","ping_status":"closed","template":"","meta":{"_et_pb_use_builder":"on","_et_pb_old_content":"","_et_gb_content_width":"","footnotes":""},"class_list":["post-854","page","type-page","status-publish","hentry"],"aioseo_notices":[],"_links":{"self":[{"href":"https:\/\/gralsbotschaft.net\/lt\/wp-json\/wp\/v2\/pages\/854","targetHints":{"allow":["GET"]}}],"collection":[{"href":"https:\/\/gralsbotschaft.net\/lt\/wp-json\/wp\/v2\/pages"}],"about":[{"href":"https:\/\/gralsbotschaft.net\/lt\/wp-json\/wp\/v2\/types\/page"}],"author":[{"embeddable":true,"href":"https:\/\/gralsbotschaft.net\/lt\/wp-json\/wp\/v2\/users\/2"}],"replies":[{"embeddable":true,"href":"https:\/\/gralsbotschaft.net\/lt\/wp-json\/wp\/v2\/comments?post=854"}],"version-history":[{"count":9,"href":"https:\/\/gralsbotschaft.net\/lt\/wp-json\/wp\/v2\/pages\/854\/revisions"}],"predecessor-version":[{"id":2191,"href":"https:\/\/gralsbotschaft.net\/lt\/wp-json\/wp\/v2\/pages\/854\/revisions\/2191"}],"wp:attachment":[{"href":"https:\/\/gralsbotschaft.net\/lt\/wp-json\/wp\/v2\/media?parent=854"}],"curies":[{"name":"wp","href":"https:\/\/api.w.org\/{rel}","templated":true}]}}