{"id":746,"date":"2021-03-28T12:11:18","date_gmt":"2021-03-28T12:11:18","guid":{"rendered":"https:\/\/gralsbotschaft.net\/kontaktas\/"},"modified":"2026-02-09T07:26:38","modified_gmt":"2026-02-09T07:26:38","slug":"kontaktas-gralio-zinia","status":"publish","type":"page","link":"https:\/\/gralsbotschaft.net\/lt\/kontaktas-gralio-zinia\/","title":{"rendered":"Kontaktai"},"content":{"rendered":"<p>[et_pb_section fb_built=&#8221;1&#8243; _builder_version=&#8221;4.16&#8243; _module_preset=&#8221;default&#8221; background_color=&#8221;RGBA(0,0,0,0)&#8221; height=&#8221;1002px&#8221; height_tablet=&#8221;&#8221; height_phone=&#8221;&#8221; height_last_edited=&#8221;on|phone&#8221; custom_padding=&#8221;21px|||||&#8221; custom_css_main_element=&#8221;display:flex;||align-items:center;&#8221; global_colors_info=&#8221;{}&#8221;][et_pb_row make_equal=&#8221;on&#8221; _builder_version=&#8221;4.16&#8243; _module_preset=&#8221;default&#8221; width=&#8221;85%&#8221; max_width=&#8221;85%&#8221; custom_padding=&#8221;16px||250px||false|false&#8221; global_colors_info=&#8221;{}&#8221;][et_pb_column type=&#8221;4_4&#8243; _builder_version=&#8221;4.16&#8243; _module_preset=&#8221;default&#8221; global_colors_info=&#8221;{}&#8221;][et_pb_image src=&#8221;https:\/\/gralsbotschaft.net\/wp-content\/uploads\/2023\/09\/Tiesos-Sviesoje-3.png&#8221; alt=&#8221;Tiesos Sviesoje, Gralio Zinia, Abd-ru-shin&#8221; title_text=&#8221;Tiesos Sviesoje 3&#8243; align=&#8221;center&#8221; _builder_version=&#8221;4.22.2&#8243; _module_preset=&#8221;default&#8221; width=&#8221;30%&#8221; max_width=&#8221;30%&#8221; module_alignment=&#8221;center&#8221; custom_margin=&#8221;||79px|||&#8221; global_colors_info=&#8221;{}&#8221;][\/et_pb_image][et_pb_text admin_label=&#8221;Text&#8221; _builder_version=&#8221;4.27.5&#8243; _module_preset=&#8221;default&#8221; text_font=&#8221;Georgia||||||||&#8221; text_text_color=&#8221;#333333&#8243; text_font_size=&#8221;16px&#8221; text_line_height=&#8221;1.8em&#8221; header_text_align=&#8221;center&#8221; text_orientation=&#8221;center&#8221; custom_margin=&#8221;||30px||false|false&#8221; custom_padding=&#8221;|||0px||&#8221; hover_enabled=&#8221;0&#8243; global_colors_info=&#8221;{}&#8221; sticky_enabled=&#8221;0&#8243;]<\/p>\n<blockquote type=\"cite\" class=\"\">\n<div class=\"\">\n<div class=\"WordSection1\">\n<div class=\"\"><\/div>\n<div class=\"\"><\/div>\n<div class=\"\"><\/div>\n<\/div>\n<\/div>\n<\/blockquote>\n<h4><strong><span class=\"\">Knygas galima \u012fsigyti Vilniaus knyg\u0173 mug\u0117je\u00a0 <\/span><\/strong><\/h4>\n<h4><strong><span class=\"\">2026 Vasario 26 &#8211; Kovo 01d., 3 Sal\u0117, 3.15 stendas.<\/span><\/strong><\/h4>\n<div class=\"\"><span class=\"\"><\/span><\/div>\n<div class=\"\"><span class=\"\"><\/span><\/div>\n<div class=\"\"><span class=\"\"><\/span><\/div>\n<p>&nbsp;<\/p>\n<p>\u201eTIESOS \u0160VIESOJE\u201c I tomas 216 <span>puslap<\/span><span>i<\/span><span>\u0173<\/span> EUR 15<\/p>\n<p>\u201eTIESOS \u0160VIESOJE\u201c II tomas 416 <span>puslap<\/span><span>i<\/span><span>\u0173<\/span> EUR 25<\/p>\n<p>\u201eTIESOS \u0160VIESOJE\u201c III tomas 448 <span>puslap<\/span><span>i<\/span><span>\u0173<\/span> EUR 30<\/p>\n<p>\u201eTIESOS \u0160VIESOJE\u201c Pirmos 7 paskaitos 59 <span>puslap<\/span><span>i<\/span><span>\u0173<\/span> EUR 5<\/p>\n<p>\u201eDE\u0160IMT DIEVO \u012eSAKYM\u0172\u201c 72 <span>puslap<\/span><span>i<\/span><span>\u0173<\/span> EUR 10<\/p>\n<p>[\/et_pb_text][et_pb_text _builder_version=&#8221;4.16&#8243; _module_preset=&#8221;default&#8221; text_font=&#8221;Georgia||||||||&#8221; text_text_color=&#8221;#333333&#8243; text_font_size=&#8221;18px&#8221; text_line_height=&#8221;1.8em&#8221; link_text_color=&#8221;#000000&#8243; header_text_align=&#8221;center&#8221; text_orientation=&#8221;center&#8221; global_colors_info=&#8221;{}&#8221;]<\/p>\n<p><a href=\"mailto:info@Gralio-Zinia.lt\"><strong>info@Gralio-Zinia.lt<\/strong><\/a><br \/><a href=\"mailto:Kontakt@Leserkreis-Gralsbotschaft.net\"><strong>Kontakt@Leserkreis-Gralsbotschaft.net<\/strong><\/a><\/p>\n<p>[\/et_pb_text][\/et_pb_column][\/et_pb_row][\/et_pb_section]<\/p>\n","protected":false},"excerpt":{"rendered":"<p>Knygas galima \u012fsigyti Vilniaus knyg\u0173 mug\u0117je\u00a0 2026 Vasario 26 &#8211; Kovo 01d., 3 Sal\u0117, 3.15 stendas. &nbsp; \u201eTIESOS \u0160VIESOJE\u201c I tomas 216 puslapi\u0173 EUR 15 \u201eTIESOS \u0160VIESOJE\u201c II tomas 416 puslapi\u0173 EUR 25 \u201eTIESOS \u0160VIESOJE\u201c III tomas 448 puslapi\u0173 EUR 30 \u201eTIESOS \u0160VIESOJE\u201c Pirmos 7 paskaitos 59 puslapi\u0173 EUR 5 \u201eDE\u0160IMT DIEVO \u012eSAKYM\u0172\u201c 72 puslapi\u0173 [&hellip;]<\/p>\n","protected":false},"author":2,"featured_media":0,"parent":0,"menu_order":0,"comment_status":"closed","ping_status":"closed","template":"","meta":{"_et_pb_use_builder":"on","_et_pb_old_content":"","_et_gb_content_width":"","footnotes":""},"class_list":["post-746","page","type-page","status-publish","hentry"],"aioseo_notices":[],"_links":{"self":[{"href":"https:\/\/gralsbotschaft.net\/lt\/wp-json\/wp\/v2\/pages\/746","targetHints":{"allow":["GET"]}}],"collection":[{"href":"https:\/\/gralsbotschaft.net\/lt\/wp-json\/wp\/v2\/pages"}],"about":[{"href":"https:\/\/gralsbotschaft.net\/lt\/wp-json\/wp\/v2\/types\/page"}],"author":[{"embeddable":true,"href":"https:\/\/gralsbotschaft.net\/lt\/wp-json\/wp\/v2\/users\/2"}],"replies":[{"embeddable":true,"href":"https:\/\/gralsbotschaft.net\/lt\/wp-json\/wp\/v2\/comments?post=746"}],"version-history":[{"count":21,"href":"https:\/\/gralsbotschaft.net\/lt\/wp-json\/wp\/v2\/pages\/746\/revisions"}],"predecessor-version":[{"id":2445,"href":"https:\/\/gralsbotschaft.net\/lt\/wp-json\/wp\/v2\/pages\/746\/revisions\/2445"}],"wp:attachment":[{"href":"https:\/\/gralsbotschaft.net\/lt\/wp-json\/wp\/v2\/media?parent=746"}],"curies":[{"name":"wp","href":"https:\/\/api.w.org\/{rel}","templated":true}]}}