{"id":721,"date":"2021-03-28T11:42:22","date_gmt":"2021-03-28T11:42:22","guid":{"rendered":"https:\/\/gralsbotschaft.net\/autorius\/"},"modified":"2023-09-30T16:32:54","modified_gmt":"2023-09-30T16:32:54","slug":"autorius-gralio-zinia","status":"publish","type":"page","link":"https:\/\/gralsbotschaft.net\/lt\/autorius-gralio-zinia\/","title":{"rendered":"Autorius"},"content":{"rendered":"<p>[et_pb_section fb_built=&#8221;1&#8243; _builder_version=&#8221;4.16&#8243; _module_preset=&#8221;default&#8221; use_background_color_gradient=&#8221;on&#8221; background_color_gradient_type=&#8221;circular&#8221; background_color_gradient_stops=&#8221;#ffffff 0%|#4b6f20 85%&#8221; background_color_gradient_start=&#8221;#ffffff&#8221; background_color_gradient_end=&#8221;#4b6f20&#8243; background_color_gradient_end_position=&#8221;85%&#8221; height=&#8221;1050px&#8221; height_tablet=&#8221;&#8221; height_phone=&#8221;&#8221; height_last_edited=&#8221;on|phone&#8221; global_colors_info=&#8221;{}&#8221;][et_pb_row column_structure=&#8221;1_4,1_2,1_4&#8243; make_equal=&#8221;on&#8221; _builder_version=&#8221;4.16&#8243; _module_preset=&#8221;default&#8221; width=&#8221;85%&#8221; max_width=&#8221;85%&#8221; custom_padding=&#8221;||150px||false|false&#8221; global_colors_info=&#8221;{}&#8221;][et_pb_column type=&#8221;1_4&#8243; _builder_version=&#8221;4.16&#8243; _module_preset=&#8221;default&#8221; global_colors_info=&#8221;{}&#8221;][\/et_pb_column][et_pb_column type=&#8221;1_2&#8243; _builder_version=&#8221;4.16&#8243; _module_preset=&#8221;default&#8221; global_colors_info=&#8221;{}&#8221;][et_pb_image src=&#8221;https:\/\/gralsbotschaft.net\/wp-content\/uploads\/2021\/03\/abd-ru-shin.png&#8221; title_text=&#8221;abd-ru-shin&#8221; align=&#8221;center&#8221; _builder_version=&#8221;4.16&#8243; _module_preset=&#8221;default&#8221; width=&#8221;35%&#8221; width_tablet=&#8221;&#8221; width_phone=&#8221;60%&#8221; width_last_edited=&#8221;on|phone&#8221; max_width=&#8221;35%&#8221; max_width_tablet=&#8221;&#8221; max_width_phone=&#8221;60%&#8221; max_width_last_edited=&#8221;on|phone&#8221; module_alignment=&#8221;center&#8221; global_colors_info=&#8221;{}&#8221; width__hover_enabled=&#8221;off|desktop&#8221;][\/et_pb_image][et_pb_divider color=&#8221;#333333&#8243; _builder_version=&#8221;4.16&#8243; _module_preset=&#8221;default&#8221; custom_margin=&#8221;||5px||false|false&#8221; global_colors_info=&#8221;{}&#8221;][\/et_pb_divider][et_pb_text module_class=&#8221;change-txt&#8221; _builder_version=&#8221;4.22.2&#8243; _module_preset=&#8221;default&#8221; text_font=&#8221;Georgia||||||||&#8221; text_text_color=&#8221;#333333&#8243; text_font_size=&#8221;18px&#8221; text_orientation=&#8221;center&#8221; custom_margin=&#8221;||16px||false|false&#8221; hover_enabled=&#8221;0&#8243; global_colors_info=&#8221;{}&#8221; sticky_enabled=&#8221;0&#8243;]<\/p>\n<h1 style=\"text-align: center;\"><a href=\"http:\/\/abdrushin-autor.net\/\">Abd-ru-shin<\/a><\/h1>\n<p>\u201cMano tikslas \u2013 dvasin\u0117s kilm\u0117s.<\/p>\n<p>Ta\u010diau a\u0161 neskleid\u017eiu jokios naujos religijos, nenoriu \u012fkurti jokios naujos ba\u017eny\u010dios, juo labiau \u2013 sektos. Visi\u0161kai paprastai noriu pateikti ai\u0161k\u0173 savaiminio, Dievo Vali\u0105 atspindin\u010dio K\u016brinijos vyksmo paveiksl\u0105, kad \u017emogus paj\u0117gt\u0173 atpa\u017einti, kokie keliai jam yra geri.\u201d<\/p>\n<p><a href=\"#\" class=\"nxt-btn\" style=\"color: #333300; font-size: 18px; border: 1px solid #000; padding: 5px 25px; display: none;\">Next<\/a><\/p>\n<p>[\/et_pb_text][et_pb_code _builder_version=&#8221;4.16&#8243; _module_preset=&#8221;default&#8221; global_colors_info=&#8221;{}&#8221;]<script><!-- [et_pb_line_break_holder] -->jQuery(document).ready(function(){<!-- [et_pb_line_break_holder] -->jQuery(\".nxt-btn\").click(function(){<!-- [et_pb_line_break_holder] -->\tjQuery(\".change-txt\").html('<\/p>\n<div class=\"et_pb_module et_pb_text et_pb_text_1 change-txt  et_pb_text_align_center et_pb_bg_layout_light\">\n<div class=\"et_pb_text_inner\">\n<h1 style=\"text-align: center;\"><a href=\"http:\/\/abdrushin-autor.net\/\">Abd-ru-shin<\/a><\/h1>\n<pee>My aim is of spiritual nature!<\/pee><pee>But I do not bring a new Religion, do not want to found a new church, just as little some kind of cult, rather I give in all simplicity a clear picture of the automatic working of Creation, which bears the Will of God, from which man can clearly recognize which paths are good for him.<\/pee><\/div>\n<\/div>\n<p>');<!-- [et_pb_line_break_holder] -->\tjQuery(\".nxt-btn\").hide();<!-- [et_pb_line_break_holder] -->})<!-- [et_pb_line_break_holder] -->});<!-- [et_pb_line_break_holder] --><\/script>[\/et_pb_code][\/et_pb_column][et_pb_column type=&#8221;1_4&#8243; _builder_version=&#8221;4.16&#8243; _module_preset=&#8221;default&#8221; custom_css_main_element=&#8221;margin-top:auto;&#8221; global_colors_info=&#8221;{}&#8221;][\/et_pb_column][\/et_pb_row][\/et_pb_section]<\/p>\n","protected":false},"excerpt":{"rendered":"<p>Abd-ru-shin \u201cMano tikslas \u2013 dvasin\u0117s kilm\u0117s. Ta\u010diau a\u0161 neskleid\u017eiu jokios naujos religijos, nenoriu \u012fkurti jokios naujos ba\u017eny\u010dios, juo labiau \u2013 sektos. Visi\u0161kai paprastai noriu pateikti ai\u0161k\u0173 savaiminio, Dievo Vali\u0105 atspindin\u010dio K\u016brinijos vyksmo paveiksl\u0105, kad \u017emogus paj\u0117gt\u0173 atpa\u017einti, kokie keliai jam yra geri.\u201d Next<\/p>\n","protected":false},"author":2,"featured_media":0,"parent":0,"menu_order":0,"comment_status":"closed","ping_status":"closed","template":"","meta":{"_et_pb_use_builder":"on","_et_pb_old_content":"","_et_gb_content_width":"","footnotes":""},"class_list":["post-721","page","type-page","status-publish","hentry"],"aioseo_notices":[],"_links":{"self":[{"href":"https:\/\/gralsbotschaft.net\/lt\/wp-json\/wp\/v2\/pages\/721","targetHints":{"allow":["GET"]}}],"collection":[{"href":"https:\/\/gralsbotschaft.net\/lt\/wp-json\/wp\/v2\/pages"}],"about":[{"href":"https:\/\/gralsbotschaft.net\/lt\/wp-json\/wp\/v2\/types\/page"}],"author":[{"embeddable":true,"href":"https:\/\/gralsbotschaft.net\/lt\/wp-json\/wp\/v2\/users\/2"}],"replies":[{"embeddable":true,"href":"https:\/\/gralsbotschaft.net\/lt\/wp-json\/wp\/v2\/comments?post=721"}],"version-history":[{"count":10,"href":"https:\/\/gralsbotschaft.net\/lt\/wp-json\/wp\/v2\/pages\/721\/revisions"}],"predecessor-version":[{"id":2333,"href":"https:\/\/gralsbotschaft.net\/lt\/wp-json\/wp\/v2\/pages\/721\/revisions\/2333"}],"wp:attachment":[{"href":"https:\/\/gralsbotschaft.net\/lt\/wp-json\/wp\/v2\/media?parent=721"}],"curies":[{"name":"wp","href":"https:\/\/api.w.org\/{rel}","templated":true}]}}