{"id":588,"date":"2021-03-27T18:55:57","date_gmt":"2021-03-27T18:55:57","guid":{"rendered":"https:\/\/gralsbotschaft.net\/namo\/"},"modified":"2023-09-29T18:40:53","modified_gmt":"2023-09-29T18:40:53","slug":"namo","status":"publish","type":"page","link":"https:\/\/gralsbotschaft.net\/lt\/","title":{"rendered":"Namo"},"content":{"rendered":"<p>[et_pb_section fb_built=&#8221;1&#8243; _builder_version=&#8221;4.16&#8243; _module_preset=&#8221;default&#8221; background_color=&#8221;RGBA(0,0,0,0)&#8221; module_alignment=&#8221;center&#8221; height_tablet=&#8221;auto&#8221; height_phone=&#8221;&#8221; height_last_edited=&#8221;on|phone&#8221; custom_margin=&#8221;0px||0px||false|false&#8221; custom_padding=&#8221;0px||0px||false|false&#8221; global_colors_info=&#8221;{}&#8221;][et_pb_row column_structure=&#8221;1_4,1_2,1_4&#8243; make_equal=&#8221;on&#8221; _builder_version=&#8221;4.16&#8243; _module_preset=&#8221;default&#8221; width=&#8221;85%&#8221; max_width=&#8221;85%&#8221; min_height_tablet=&#8221;&#8221; min_height_phone=&#8221;&#8221; min_height_last_edited=&#8221;on|tablet&#8221; height_tablet=&#8221;&#8221; height_phone=&#8221;&#8221; height_last_edited=&#8221;on|tablet&#8221; max_height_tablet=&#8221;&#8221; max_height_phone=&#8221;&#8221; max_height_last_edited=&#8221;on|tablet&#8221; custom_padding=&#8221;45px||135px||false|false&#8221; global_colors_info=&#8221;{}&#8221;][et_pb_column type=&#8221;1_4&#8243; _builder_version=&#8221;4.16&#8243; _module_preset=&#8221;default&#8221; global_colors_info=&#8221;{}&#8221;][\/et_pb_column][et_pb_column type=&#8221;1_2&#8243; _builder_version=&#8221;4.16&#8243; _module_preset=&#8221;default&#8221; global_colors_info=&#8221;{}&#8221;][et_pb_sidebar show_border=&#8221;off&#8221; _builder_version=&#8221;4.22.2&#8243; _module_preset=&#8221;default&#8221; header_font=&#8221;Georgia||||||||&#8221; header_text_color=&#8221;#00301b&#8221; header_font_size=&#8221;22px&#8221; body_font=&#8221;Georgia||||||||&#8221; body_text_color=&#8221;#FFFFFF&#8221; body_font_size=&#8221;20px&#8221; position_origin_a=&#8221;bottom_left&#8221; position_origin_f=&#8221;bottom_left&#8221; vertical_offset=&#8221;-180px&#8221; horizontal_offset=&#8221;600px&#8221; width=&#8221;100%&#8221; min_height=&#8221;263.3px&#8221; custom_margin=&#8221;-38px||0px||false|false&#8221; custom_padding=&#8221;0px||0px||false|false&#8221; hover_enabled=&#8221;0&#8243; global_colors_info=&#8221;{}&#8221; sticky_enabled=&#8221;0&#8243;][\/et_pb_sidebar][et_pb_image src=&#8221;https:\/\/gralsbotschaft.net\/wp-content\/uploads\/2021\/03\/Gralsbotschaft-litauisch-1.png&#8221; title_text=&#8221;Gralsbotschaft-litauisch-1&#8243; align=&#8221;center&#8221; _builder_version=&#8221;4.22.2&#8243; _module_preset=&#8221;default&#8221; width=&#8221;100%&#8221; custom_margin=&#8221;-175px||||false|false&#8221; hover_enabled=&#8221;0&#8243; global_colors_info=&#8221;{}&#8221; sticky_enabled=&#8221;0&#8243;][\/et_pb_image][et_pb_slider show_arrows=&#8221;off&#8221; show_pagination=&#8221;off&#8221; arrows_custom_color=&#8221;#000000&#8243; dot_nav_custom_color=&#8221;#000000&#8243; _builder_version=&#8221;4.16&#8243; _module_preset=&#8221;default&#8221; body_font=&#8221;Georgia||||||||&#8221; body_text_align=&#8221;center&#8221; body_text_color=&#8221;#000000&#8243; body_font_size=&#8221;18px&#8221; background_color=&#8221;RGBA(0,0,0,0)&#8221; custom_padding=&#8221;0px||0px||true|false&#8221; animation_style=&#8221;slide&#8221; auto=&#8221;on&#8221; auto_speed=&#8221;13000&#8243; global_colors_info=&#8221;{}&#8221;][et_pb_slide _builder_version=&#8221;4.16&#8243; _module_preset=&#8221;default&#8221; custom_padding=&#8221;|0px||0px|false|true&#8221; global_colors_info=&#8221;{}&#8221; sticky_transition=&#8221;on&#8221;]<\/p>\n<p style=\"text-align: center;\">\u017dinia pasieks tik tuos, kurie savyje ne\u0161ioja tiesos kibirk\u0161t\u012f ir tro\u0161kim\u0105, i\u0161 tikr\u0173j\u0173 b\u016bti \u017emogumi.<\/p>\n<p style=\"text-align: center;\">Abd-ru-shin<br \/>Gralio \u017dinia<\/p>\n<p>[\/et_pb_slide][et_pb_slide use_bg_overlay=&#8221;off&#8221; use_text_overlay=&#8221;off&#8221; arrows_custom_color=&#8221;RGBA(0,0,0,0)&#8221; dot_nav_custom_color=&#8221;RGBA(0,0,0,0)&#8221; _builder_version=&#8221;4.16&#8243; _module_preset=&#8221;default&#8221; custom_padding=&#8221;|0px||0px|false|true&#8221; global_colors_info=&#8221;{}&#8221; sticky_transition=&#8221;on&#8221;]<\/p>\n<p style=\"text-align: center;\">\u017dinia pasieks tik tuos, kurie savyje ne\u0161ioja tiesos kibirk\u0161t\u012f ir tro\u0161kim\u0105, i\u0161 tikr\u0173j\u0173 b\u016bti \u017emogumi.<\/p>\n<p style=\"text-align: center;\">Abd-ru-shin<br \/>Gralio \u017dinia<\/p>\n<p>[\/et_pb_slide][et_pb_slide use_bg_overlay=&#8221;off&#8221; use_text_overlay=&#8221;off&#8221; arrows_custom_color=&#8221;RGBA(0,0,0,0)&#8221; dot_nav_custom_color=&#8221;RGBA(0,0,0,0)&#8221; _builder_version=&#8221;4.16&#8243; _module_preset=&#8221;default&#8221; custom_padding=&#8221;|0px||0px|false|true&#8221; global_colors_info=&#8221;{}&#8221; sticky_transition=&#8221;on&#8221;]<\/p>\n<p style=\"text-align: center;\">\u017dinia pasieks tik tuos, kurie savyje ne\u0161ioja tiesos kibirk\u0161t\u012f ir tro\u0161kim\u0105, i\u0161 tikr\u0173j\u0173 b\u016bti \u017emogumi.<\/p>\n<p style=\"text-align: center;\">Abd-ru-shin<br \/>Gralio \u017dinia<\/p>\n<p>[\/et_pb_slide][et_pb_slide use_bg_overlay=&#8221;off&#8221; use_text_overlay=&#8221;off&#8221; arrows_custom_color=&#8221;RGBA(0,0,0,0)&#8221; dot_nav_custom_color=&#8221;RGBA(0,0,0,0)&#8221; _builder_version=&#8221;4.16&#8243; _module_preset=&#8221;default&#8221; custom_padding=&#8221;|0px||0px|false|true&#8221; global_colors_info=&#8221;{}&#8221; sticky_transition=&#8221;on&#8221;]<\/p>\n<p style=\"text-align: center;\">\u017dinia pasieks tik tuos, kurie savyje ne\u0161ioja tiesos kibirk\u0161t\u012f ir tro\u0161kim\u0105, i\u0161 tikr\u0173j\u0173 b\u016bti \u017emogumi.<\/p>\n<p style=\"text-align: center;\">Abd-ru-shin<br \/>Gralio \u017dinia<\/p>\n<p>[\/et_pb_slide][et_pb_slide use_bg_overlay=&#8221;off&#8221; use_text_overlay=&#8221;off&#8221; arrows_custom_color=&#8221;RGBA(0,0,0,0)&#8221; dot_nav_custom_color=&#8221;RGBA(0,0,0,0)&#8221; _builder_version=&#8221;4.16&#8243; _module_preset=&#8221;default&#8221; custom_padding=&#8221;|0px||0px|false|true&#8221; global_colors_info=&#8221;{}&#8221; sticky_transition=&#8221;on&#8221;]<\/p>\n<p style=\"text-align: center;\">\u017dinia pasieks tik tuos, kurie savyje ne\u0161ioja tiesos kibirk\u0161t\u012f ir tro\u0161kim\u0105, i\u0161 tikr\u0173j\u0173 b\u016bti \u017emogumi.<\/p>\n<p style=\"text-align: center;\">Abd-ru-shin<br \/>Gralio \u017dinia<\/p>\n<p>[\/et_pb_slide][\/et_pb_slider][\/et_pb_column][et_pb_column type=&#8221;1_4&#8243; _builder_version=&#8221;4.16&#8243; _module_preset=&#8221;default&#8221; custom_css_main_element=&#8221;margin-top:auto;&#8221; global_colors_info=&#8221;{}&#8221;][\/et_pb_column][\/et_pb_row][\/et_pb_section]<\/p>\n","protected":false},"excerpt":{"rendered":"<p>\u017dinia pasieks tik tuos, kurie savyje ne\u0161ioja tiesos kibirk\u0161t\u012f ir tro\u0161kim\u0105, i\u0161 tikr\u0173j\u0173 b\u016bti \u017emogumi. Abd-ru-shinGralio \u017dinia\u017dinia pasieks tik tuos, kurie savyje ne\u0161ioja tiesos kibirk\u0161t\u012f ir tro\u0161kim\u0105, i\u0161 tikr\u0173j\u0173 b\u016bti \u017emogumi. Abd-ru-shinGralio \u017dinia\u017dinia pasieks tik tuos, kurie savyje ne\u0161ioja tiesos kibirk\u0161t\u012f ir tro\u0161kim\u0105, i\u0161 tikr\u0173j\u0173 b\u016bti \u017emogumi. Abd-ru-shinGralio \u017dinia\u017dinia pasieks tik tuos, kurie savyje ne\u0161ioja [&hellip;]<\/p>\n","protected":false},"author":2,"featured_media":0,"parent":0,"menu_order":0,"comment_status":"closed","ping_status":"closed","template":"","meta":{"_et_pb_use_builder":"on","_et_pb_old_content":"","_et_gb_content_width":"","footnotes":""},"class_list":["post-588","page","type-page","status-publish","hentry"],"aioseo_notices":[],"_links":{"self":[{"href":"https:\/\/gralsbotschaft.net\/lt\/wp-json\/wp\/v2\/pages\/588","targetHints":{"allow":["GET"]}}],"collection":[{"href":"https:\/\/gralsbotschaft.net\/lt\/wp-json\/wp\/v2\/pages"}],"about":[{"href":"https:\/\/gralsbotschaft.net\/lt\/wp-json\/wp\/v2\/types\/page"}],"author":[{"embeddable":true,"href":"https:\/\/gralsbotschaft.net\/lt\/wp-json\/wp\/v2\/users\/2"}],"replies":[{"embeddable":true,"href":"https:\/\/gralsbotschaft.net\/lt\/wp-json\/wp\/v2\/comments?post=588"}],"version-history":[{"count":19,"href":"https:\/\/gralsbotschaft.net\/lt\/wp-json\/wp\/v2\/pages\/588\/revisions"}],"predecessor-version":[{"id":2322,"href":"https:\/\/gralsbotschaft.net\/lt\/wp-json\/wp\/v2\/pages\/588\/revisions\/2322"}],"wp:attachment":[{"href":"https:\/\/gralsbotschaft.net\/lt\/wp-json\/wp\/v2\/media?parent=588"}],"curies":[{"name":"wp","href":"https:\/\/api.w.org\/{rel}","templated":true}]}}