{"id":2243,"date":"2023-09-22T13:15:02","date_gmt":"2023-09-22T13:15:02","guid":{"rendered":"https:\/\/gralsbotschaft.net\/litauisch-video\/"},"modified":"2023-09-30T16:40:21","modified_gmt":"2023-09-30T16:40:21","slug":"lietuviu-video","status":"publish","type":"page","link":"https:\/\/gralsbotschaft.net\/lt\/lietuviu-video\/","title":{"rendered":"Vaizdo \u012fra\u0161ai"},"content":{"rendered":"<p>[et_pb_section fb_built=&#8221;1&#8243; _builder_version=&#8221;4.22.2&#8243; _module_preset=&#8221;default&#8221; background_color=&#8221;RGBA(0,0,0,0)&#8221; height=&#8221;1050px&#8221; height_tablet=&#8221;1050px&#8221; height_phone=&#8221;800px&#8221; height_last_edited=&#8221;on|phone&#8221; global_colors_info=&#8221;{}&#8221;][et_pb_row column_structure=&#8221;1_5,3_5,1_5&#8243; make_equal=&#8221;on&#8221; _builder_version=&#8221;4.22.2&#8243; _module_preset=&#8221;default&#8221; width=&#8221;85%&#8221; max_width=&#8221;85%&#8221; global_colors_info=&#8221;{}&#8221;][et_pb_column type=&#8221;1_5&#8243; _builder_version=&#8221;4.22.2&#8243; _module_preset=&#8221;default&#8221; global_colors_info=&#8221;{}&#8221;][\/et_pb_column][et_pb_column type=&#8221;3_5&#8243; _builder_version=&#8221;4.16&#8243; _module_preset=&#8221;default&#8221; custom_css_main_element=&#8221;margin-top:auto;&#8221; global_colors_info=&#8221;{}&#8221;][et_pb_text _builder_version=&#8221;4.22.2&#8243; _module_preset=&#8221;default&#8221; header_2_font_size=&#8221;20px&#8221; header_2_line_height=&#8221;1.5em&#8221; custom_margin=&#8221;||20px|||&#8221; text_font_size_tablet=&#8221;&#8221; text_font_size_phone=&#8221;10px&#8221; text_font_size_last_edited=&#8221;on|phone&#8221; header_font_size_tablet=&#8221;&#8221; header_font_size_phone=&#8221;14px&#8221; header_font_size_last_edited=&#8221;on|phone&#8221; header_line_height_last_edited=&#8221;off|desktop&#8221; header_2_font_size_tablet=&#8221;20px&#8221; header_2_font_size_phone=&#8221;14px&#8221; header_2_font_size_last_edited=&#8221;on|tablet&#8221; global_colors_info=&#8221;{}&#8221;]<\/p>\n<h2 style=\"text-align: center;\"><span>\u201cTIESOS \u0160VIESOJE\u201d pirmo, antro ir tre\u010dio tom\u0173 turinys.<\/span><\/h2>\n<p>[\/et_pb_text][et_pb_video src=&#8221;https:\/\/vimeo.com\/867203274&#8243; _builder_version=&#8221;4.22.2&#8243; _module_preset=&#8221;default&#8221; min_height=&#8221;70px&#8221; custom_margin=&#8221;40px||||false|false&#8221; global_colors_info=&#8221;{}&#8221;][\/et_pb_video][et_pb_text _builder_version=&#8221;4.22.2&#8243; _module_preset=&#8221;default&#8221; header_2_font_size=&#8221;20px&#8221; header_2_line_height=&#8221;1.4em&#8221; custom_margin=&#8221;||20px|||&#8221; header_2_text_color_tablet=&#8221;&#8221; header_2_text_color_phone=&#8221;&#8221; header_2_text_color_last_edited=&#8221;on|desktop&#8221; header_2_font_size_tablet=&#8221;20px&#8221; header_2_font_size_phone=&#8221;14px&#8221; header_2_font_size_last_edited=&#8221;on|phone&#8221; global_colors_info=&#8221;{}&#8221;]<\/p>\n<h2>Abd-ru-\u0161inas, Gralio \u017dinios &#8222;Tiesos \u0160viesoje&#8221; autorius.<\/h2>\n<h2>Koks jo tikslas?<\/h2>\n<h2>K\u0105 rimtai ie\u0161kantiems savo veikale pateikia Abd-ru-\u0161inas?<\/h2>\n<h2>\u0160iame video rasite trumpa atsakym\u0105 \u012f \u0161iuos klausimus.<\/h2>\n<p>[\/et_pb_text][et_pb_video src=&#8221;https:\/\/vimeo.com\/867165422?share=copy&#8221; _builder_version=&#8221;4.22.2&#8243; _module_preset=&#8221;default&#8221; min_height=&#8221;70px&#8221; custom_margin=&#8221;40px||||false|false&#8221; global_colors_info=&#8221;{}&#8221;][\/et_pb_video][\/et_pb_column][et_pb_column type=&#8221;1_5&#8243; _builder_version=&#8221;4.16&#8243; _module_preset=&#8221;default&#8221; custom_css_main_element=&#8221;margin-top:auto;&#8221; global_colors_info=&#8221;{}&#8221;][\/et_pb_column][\/et_pb_row][\/et_pb_section]<\/p>\n","protected":false},"excerpt":{"rendered":"<p>\u201cTIESOS \u0160VIESOJE\u201d pirmo, antro ir tre\u010dio tom\u0173 turinys.Abd-ru-\u0161inas, Gralio \u017dinios &#8222;Tiesos \u0160viesoje&#8221; autorius. Koks jo tikslas? K\u0105 rimtai ie\u0161kantiems savo veikale pateikia Abd-ru-\u0161inas? \u0160iame video rasite trumpa atsakym\u0105 \u012f \u0161iuos klausimus.<\/p>\n","protected":false},"author":2,"featured_media":0,"parent":0,"menu_order":0,"comment_status":"closed","ping_status":"closed","template":"","meta":{"_et_pb_use_builder":"on","_et_pb_old_content":"","_et_gb_content_width":"","footnotes":""},"class_list":["post-2243","page","type-page","status-publish","hentry"],"aioseo_notices":[],"_links":{"self":[{"href":"https:\/\/gralsbotschaft.net\/lt\/wp-json\/wp\/v2\/pages\/2243","targetHints":{"allow":["GET"]}}],"collection":[{"href":"https:\/\/gralsbotschaft.net\/lt\/wp-json\/wp\/v2\/pages"}],"about":[{"href":"https:\/\/gralsbotschaft.net\/lt\/wp-json\/wp\/v2\/types\/page"}],"author":[{"embeddable":true,"href":"https:\/\/gralsbotschaft.net\/lt\/wp-json\/wp\/v2\/users\/2"}],"replies":[{"embeddable":true,"href":"https:\/\/gralsbotschaft.net\/lt\/wp-json\/wp\/v2\/comments?post=2243"}],"version-history":[{"count":17,"href":"https:\/\/gralsbotschaft.net\/lt\/wp-json\/wp\/v2\/pages\/2243\/revisions"}],"predecessor-version":[{"id":2287,"href":"https:\/\/gralsbotschaft.net\/lt\/wp-json\/wp\/v2\/pages\/2243\/revisions\/2287"}],"wp:attachment":[{"href":"https:\/\/gralsbotschaft.net\/lt\/wp-json\/wp\/v2\/media?parent=2243"}],"curies":[{"name":"wp","href":"https:\/\/api.w.org\/{rel}","templated":true}]}}