{"id":963,"date":"2021-03-28T18:14:30","date_gmt":"2021-03-28T18:14:30","guid":{"rendered":"https:\/\/gralsbotschaft.net\/prova-di-lettura\/"},"modified":"2021-03-28T18:15:54","modified_gmt":"2021-03-28T18:15:54","slug":"prova-di-lettura","status":"publish","type":"page","link":"https:\/\/gralsbotschaft.net\/it\/prova-di-lettura\/","title":{"rendered":"Prova di lettura"},"content":{"rendered":"<p>[et_pb_section fb_built=&#8221;1&#8243; _builder_version=&#8221;4.9.2&#8243; _module_preset=&#8221;default&#8221; use_background_color_gradient=&#8221;on&#8221; background_color_gradient_start=&#8221;#ffffff&#8221; background_color_gradient_end=&#8221;#4b6f20&#8243; background_color_gradient_type=&#8221;radial&#8221; background_color_gradient_end_position=&#8221;85%&#8221;][et_pb_row column_structure=&#8221;1_4,1_2,1_4&#8243; make_equal=&#8221;on&#8221; _builder_version=&#8221;4.9.2&#8243; _module_preset=&#8221;default&#8221; width=&#8221;85%&#8221; max_width=&#8221;85%&#8221;][et_pb_column type=&#8221;1_4&#8243; _builder_version=&#8221;4.9.2&#8243; _module_preset=&#8221;default&#8221;][\/et_pb_column][et_pb_column type=&#8221;1_2&#8243; _builder_version=&#8221;4.9.2&#8243; _module_preset=&#8221;default&#8221;][et_pb_image src=&#8221;https:\/\/gralsbotschaft.net\/wp-content\/uploads\/2021\/03\/Messaggio-del-Gral-Nella-Luce-della-Verita-2.png&#8221; title_text=&#8221;Messaggio-del-Gral-Nella-Luce-della-Verit\u00e0 (2)&#8221; align=&#8221;center&#8221; _builder_version=&#8221;4.9.2&#8243; _module_preset=&#8221;default&#8221; width=&#8221;35%&#8221; max_width=&#8221;35%&#8221; module_alignment=&#8221;center&#8221; hover_enabled=&#8221;0&#8243; sticky_enabled=&#8221;0&#8243;][\/et_pb_image][et_pb_text _builder_version=&#8221;4.9.2&#8243; _module_preset=&#8221;default&#8221; text_font=&#8221;Georgia||||||||&#8221; text_text_color=&#8221;#333333&#8243; text_font_size=&#8221;18px&#8221; custom_margin=&#8221;||5px||false|false&#8221;]<\/p>\n<p>Prova di lettura<\/p>\n<p>[\/et_pb_text][et_pb_divider color=&#8221;#333333&#8243; _builder_version=&#8221;4.9.2&#8243; _module_preset=&#8221;default&#8221; custom_margin=&#8221;||5px||false|false&#8221;][\/et_pb_divider][et_pb_text _builder_version=&#8221;4.9.2&#8243; _module_preset=&#8221;default&#8221; text_font=&#8221;Georgia||||||||&#8221; text_text_color=&#8221;#333333&#8243; text_font_size=&#8221;18px&#8221; custom_margin=&#8221;||16px||false|false&#8221; custom_css_main_element=&#8221;height:450px;||overflow:auto;&#8221;]<\/p>\n<p style=\"text-align: center;\">DESTINO<\/p>\n<p class=\"indent2\"><span class=\"s1\">\u00a0 \u00a0 \u00a0 \u00a0 \u00a0 Gli uomini parlano di destino meritato e non meritato, di ricompensa e punizione, di ripagamento e karma.<\/span><\/p>\n<p class=\"indent2\"><span class=\"s1\">\u00a0 \u00a0 \u00a0 \u00a0 \u00a0 Queste espressioni sono soltanto concetti parziali per indicare una Legge immanente nella Creazione:\u00a0<i>La Legge dell\u2019effetto di ritorno!<\/i><\/span><\/p>\n<p class=\"indent2\"><span class=\"s1\">\u00a0 \u00a0 \u00a0 \u00a0 \u00a0 Una Legge esistente fin dalla prima origine della Creazione, solidamente intessuta nel grande inesauribile processo del divenire, di cui costituisce parte essenziale dell\u2019atto stesso della Creazione e della evoluzione. Come un gigantesco sistema di finissimi fili di nervi, esso sorregge e vivifica l\u2019immenso universo e promuove un movimento continuo, un eterno dare e ricevere!<\/span><\/p>\n<p class=\"indent2\"><span class=\"s1\">\u00a0 \u00a0 \u00a0 \u00a0 \u00a0 Schietto e semplice, e tuttavia cos\u00ec penetrante, Ges\u00f9 il Cristo l\u2019ha gi\u00e0 detto:\u00a0<i>\u00abCi\u00f3 che l\u2019uomo semina, raccoglier\u00e0!\u00bb<\/i><\/span><\/p>\n<p class=\"indent2\"><span class=\"s1\">\u00a0 \u00a0 \u00a0 \u00a0 \u00a0 Queste poche parole danno l\u2019immagine pi\u00f9 limpida dell\u2019operare e della vita di tutta la Creazione che appena si potrebbe dire altrimenti. Del loro senso \u00e9 saldamente intessuto tutto l\u2019essere. Irremovibile, intangibile, incorruttibile nel suo effetto continuo.<\/span><\/p>\n<p class=\"indent2\"><span class=\"s1\">\u00a0 \u00a0 \u00a0 \u00a0 \u00a0 Potete vederlo, se lo\u00a0<i>volete!<\/i>\u00a0Incominciate con l\u2019osservazione del vostro ambiente a voi ora visibile. Ci\u00f2 che voi chiamate Leggi della natura sono pure le Leggi divine, sono la Volont\u00e0 del Creatore. Riconoscerete presto la loro incessante attivit\u00e0; perch\u00e9 se seminate grano non raccoglierete segale e se seminate segale non pu\u00f2 nascere riso!<\/span><\/p>\n<p class=\"indent2\"><span class=\"s1\">\u00a0 \u00a0 \u00a0 \u00a0 \u00a0 Questo \u00e9 cos\u00ec naturale a tutti gli uomini che nessuno medita sul fatto in se stesso. Perci\u00f2 nessuno si rende conto della grande, severa Legge che vi riposa. Eppure si trova davanti alla soluzione d\u2019un enigma che per lui enigma non dovrebbe essere.<\/span><\/p>\n<p class=\"indent2\"><span class=\"s1\">\u00a0 \u00a0 \u00a0 \u00a0 \u00a0 Ora, la stessa Legge che qui avete potuto osservare, agisce con la medesima forza e sicurezza anche nelle cose pi\u00f9 minute che voi potete riconoscere solo con l\u2019aiuto di una lente d\u2019ingrandimento, e si estende anche continuando in quella parte molto pi\u00f9 vasta dell\u2019intera Creazione che \u00e9 la materialit\u00e0 eterea. Riposa inesorabilmente in\u00a0<i>qualunque<\/i>\u00a0evento, anche nel pi\u00f9 sottile sviluppo dei vostri pensieri, che hanno anche loro una certa materialit\u00e0.<\/span><\/p>\n<p class=\"indent2\"><span class=\"s1\">\u00a0 \u00a0 \u00a0 \u00a0 \u00a0 Come avete potuto immaginare che dovrebbe essere diverso proprio dove vi piacerebbe che lo fosse? I vostri dubbi sono in realt\u00e0 nient\u2019altro che un espressione dei vostri desideri intimi!<\/span><\/p>\n<p class=\"indent2\"><span class=\"s1\">\u00a0 \u00a0 \u00a0 \u00a0 \u00a0 In tutto l\u2019universo, vi sia esso visibile o no, ogni genere produce lo stesso genere, non importa di quale materia esso sia. A questo modo \u00e8 continuo anche il crescere e divenire, il portar frutto e il partorire ci\u00f2 che \u00e8 della stessa specie. E\u2019 dunque un processo\u00a0<i>univoco,<\/i>\u00a0non ammette distinzioni, non lascia lacune, non si ferma davanti a una parte diversa della Creazione, ma fa passare gli effetti ovunque senza smettere n\u00e9 interrompere, come un filo che non si spezza.<\/span><\/p>\n<p class=\"indent2\"><span class=\"s1\">\u00a0 \u00a0 \u00a0 \u00a0 \u00a0 Anche se la maggior parte dell\u2019umanit\u00e0 nella sua ottusit\u00e0 e presunzione si \u00e8 isolata dall\u2019universo, le Leggi divine o della natura non hanno per questo smesso di considerarli parte di esso e di continuare immutabili la loro opera calma e costante.<\/span><\/p>\n<p class=\"indent2\"><span class=\"s1\">\u00a0 \u00a0 \u00a0 \u00a0 \u00a0 Per\u00f2, la Legge dell\u2019effetto di ritorno stabilisce anche che di tutto ci\u00f2 che l\u2019uomo semina, cio\u00e8 quando egli \u00e8 la causa di una reazione o di un effetto, egli\u00a0<i>debba<\/i>\u00a0anche raccogliere il frutto!<\/span><\/p>\n<p class=\"indent2\"><span class=\"s1\">\u00a0 \u00a0 \u00a0 \u00a0 \u00a0 Solo all\u2019inizio di ogni azione l\u2019uomo pu\u00f2 decidere liberamente in quale direzione dev\u2019essere indirizzata la Forza onnipotente che passa attraverso di lui, per poi\u00a0<i>dover<\/i>\u00a0subire le conseguenze risultanti dall\u2019operare di quella Forza nella direzione da lui voluta. Ci\u00f2 nonostante molti insistono nel sostenere che l\u2019uomo non pu\u00f2 avere il libero arbitrio se \u00e8 soggetto ad un destino!<\/span><\/p>\n<p class=\"indent2\"><span class=\"s1\">\u00a0 \u00a0 \u00a0 \u00a0 \u00a0 Questa stoltezza non ha altro fine che l\u2019autoinganno, o \u00e8 intesa come un addattamento malcontento all\u2019inevitabile, una forzata rassegnazione dolente, ma soprattutto per giustificarsi; perch\u00e9 ognuna di queste conseguenze che ricadono su di lui hanno avuto\u00a0<i>origine<\/i>\u00a0in una sua\u00a0<i>libera decisione<\/i>\u00a0ad esse anteriore, e che ha provocato le conseguenze.<\/span><\/p>\n<p class=\"indent2\"><span class=\"s1\">\u00a0 \u00a0 \u00a0 \u00a0 \u00a0 Tale libera decisione ha preceduto\u00a0<i>ogni<\/i>\u00a0effetto di ritorno, dunque ogni destino! Con una volont\u00e0 iniziale l\u2019uomo ha in ogni caso generato, creato una condizione nella quale, prima o poi, egli stesso dovr\u00e0 vivere.\u00a0<i>Il tempo in cui<\/i>\u00a0questo accade varia molto. Pu\u00f2 avverarsi ancora nella stessa vita terrena nella quale la volont\u00e0 originale cre\u00f2 l\u2019inizio, come pu\u00f2 capitare nel mondo della materia eterea dopo che l\u2019uomo ha lasciato la sua spoglia terrena, oppure gli pu\u00f2 arrivare pi\u00f9 tardi in un\u2019altra esistenza materiale fisica sulla Terra.<\/span><\/p>\n<p class=\"indent2\"><span class=\"s1\">\u00a0 \u00a0 \u00a0 \u00a0 \u00a0 Non importa in quale condizione accada: esse non liberano l\u2019uomo dalle conseguenze. Egli porta sempre con s\u00e9 quei legami finch\u00e9 non ne sia affrancato; cio\u00e8 \u00absciolto\u00bb attraverso l\u2019ultimo effetto causato dalla Legge di ritorno.<\/span><\/p>\n<p class=\"indent2\"><span class=\"s1\"><i>\u00a0 \u00a0 \u00a0 \u00a0 \u00a0 L\u2019artefice \u00e8 legato alla sua opera anche se l\u2019aveva destinata ad altri!<\/i><\/span><\/p>\n<p class=\"indent2\"><span class=\"s1\">\u00a0 \u00a0 \u00a0 \u00a0 \u00a0 Insomma, se oggi un uomo decide di fare del male ad un\u2019altro, o nel pensiero o in parole o in fatti, egli ha cos\u00ec \u00abmesso al mondo\u00bb qualcosa, non importa se visibile a tutti o no, cio\u00e8 appartenente al mondo della materialit\u00e0 fisica o di quella eterea; esso contiene energia, cio\u00e8 vita, che si sviluppa e agisce nella direzione voluta.<\/span><\/p>\n<p class=\"indent2\"><span class=\"s1\">\u00a0 \u00a0 \u00a0 \u00a0 \u00a0 Quale sar\u00e0 il suo effetto sulla persona alla quale era destinato, dipende solo dallo stato della sua anima; gli pu\u00f2 portare grande o piccolo danno, magari anche diverso da quello voluto, oppure anche rimanere senza effetto; perch\u00e9 solo lo stato della sua anima \u00e9 decisivo per lui. Nessuno \u00e9 dunque esposto senza difesa alle influenze altrui.<\/span><\/p>\n<p class=\"indent2\"><span class=\"s1\">\u00a0 \u00a0 \u00a0 \u00a0 \u00a0 Diverso \u00e9 il caso di colui che con la sua decisione e la sua volont\u00e0 ha prodotto la causa di questo moto, cio\u00e8 colui che l\u2019ha generato. La sua opera rimane incondizionatamente legata a lui, gli ritorna dopo un viaggio pi\u00f9 o meno lungo nell\u2019universo, rafforzata, carica come un\u2019ape, per effetto dell\u2019attrazione degli affini.<\/span><\/p>\n<p class=\"indent2\"><span class=\"s1\">\u00a0 \u00a0 \u00a0 \u00a0 \u00a0 Con ci\u00f2 entra in azione la Legge degli effetti di ritorno, perch\u00e9 ogni cosa generata esercita o subisce un\u2019attrazione lungo il suo viaggio per l\u2019universo da parte di varie affinit\u00e0; e da questa unione nasce una fonte d\u2019energia che agisce da centrale, rimandando accresciuta energia dello stesso genere a tutti coloro che con ci\u00f2 che hanno generato sono collegati come da fili con il centro di raccoglimento degli affini.<\/span><\/p>\n<p class=\"indent2\"><span class=\"s1\">\u00a0 \u00a0 \u00a0 \u00a0 \u00a0 Questo rinforzo provoca anche una crescente condensazione, formando infine un sedimento di materialit\u00e0 fisica ove colui che \u00e9 stato la causa deve ormai vivere nel modo da lui voluto, e subendolo nell\u2019esperienza potr\u00e0 finalmente esserne liberato.<\/span><\/p>\n<p class=\"indent2\"><span class=\"s1\">\u00a0 \u00a0 \u00a0 \u00a0 \u00a0 Questa \u00e9 l\u2019origine e la formazione di quel tanto temuto e male inteso destino! \u00c8 giusto fino alle sue pi\u00f9 sottili gradazioni, perch\u00e9 in un attrazione che \u00e9\u00a0<i>soltanto tra elementi affini,<\/i>\u00a0non pu\u00f2 esserci per riflesso se non ci\u00f2 che fu realmente voluto all\u2019inizio.<\/span><\/p>\n<p class=\"indent2\"><span class=\"s1\">\u00a0 \u00a0 \u00a0 \u00a0 \u00a0 Non importa se esso era diretto verso una determinata persona o genericamente verso tutti; perch\u00e9 naturalmente lo stesso processo ha luogo anche se l\u2019uomo non dirige particolarmente la sua volont\u00e0 su una o pi\u00f9 persone, ma se egli vive secondo un particolare genere di volont\u00e0.<\/span><\/p>\n<p class=\"indent2\"><span class=\"s1\">\u00a0 \u00a0 \u00a0 \u00a0 \u00a0 Decisivo per il frutto che egli dovr\u00e0 raccogliere alla fine, \u00e9 il genere di volont\u00e0 per il quale egli si decide. Cos\u00ec dall\u2019uomo pendono innumerevoli fili di materia eterea oppure egli pende da essi che lasciano rifluire verso lui tutto ci\u00f2 che egli ha un tempo voluto. Queste correnti formano una mistura che ha un\u2019influenza forte e continua sulla formazione del carattere.<\/span><\/p>\n<p class=\"indent2\"><span class=\"s1\">\u00a0 \u00a0 \u00a0 \u00a0 \u00a0 Cosi ci sono molte cose nel possente meccanismo dell\u2019universo che contribuiscono alle \u00abvicende\u00bb dell\u2019uomo, ma non c\u2019\u00e8 niente che non fosse stato prima causato dall\u2019uomo stesso.<\/span><\/p>\n<p class=\"indent2\"><span class=\"s1\">\u00a0 \u00a0 \u00a0 \u00a0 \u00a0 \u00c8 lui che fornisce i fili con i quali sull\u2019infaticabile telaio dell\u2019esistenza viene tessuto il mantello che dovr\u00e0 portare.<\/span><\/p>\n<p class=\"indent2\"><span class=\"s1\">\u00a0 \u00a0 \u00a0 \u00a0 \u00a0 Cristo l\u2019espresse chiaramente e severamente quando disse: \u00abCi\u00f2 che l\u2019uomo semina,\u00a0<i>raccoglier\u00e0.\u00bb<\/i>\u00a0Egli non disse \u00abpotr\u00e0\u00bb raccogliere, ma\u00a0<i>\u00abraccoglier\u00e0\u00bb.<\/i>\u00a0E\u2019 lo stesso che:\u00a0<i>dovr\u00e0<\/i>\u00a0raccogliere ci\u00f2 che semina.<\/span><\/p>\n<p class=\"indent2\"><span class=\"s1\">\u00a0 \u00a0 \u00a0 \u00a0 \u00a0 Quante volte si sente dire da persone altrimenti molto ragionevoli: \u00abNon concepisco come Dio possa permettere questo!\u00bb<\/span><\/p>\n<p class=\"indent2\"><span class=\"s1\">\u00a0 \u00a0 \u00a0 \u00a0 \u00a0 E invece \u00e9 inconcepibile come si possa parlare cos\u00ec! Che piccolo Dio mostrano di immaginare, con questa uscita. E danno prova che lo credono un \u00abDio che agisce\u00a0<i>arbitrariamente\u00bb.<\/i><\/span><\/p>\n<p class=\"indent2\"><span class=\"s1\">\u00a0 \u00a0 \u00a0 \u00a0 \u00a0 Ma Dio non interviene per nulla direttamente in tutte queste ansiet\u00e0 piccole o grandi degli uomini, le guerre, le miserie ed altri affari terreni! Fin dall\u2019origine Egli ha tessuto nella Creazione le Sue Leggi perfette: esse operano automaticamente e incorruttibilmente cos\u00ec che tutto s\u2019avvera con esattezza, con reazione eternamente uniforme, escludendo cos\u00ec sia il privilegio che la trascuratezza, rendendo impossibile qualsiasi ingiustizia.<\/span><\/p>\n<p class=\"indent2\"><span class=\"s1\">\u00a0 \u00a0 \u00a0 \u00a0 \u00a0 Dio non ha bisogno di occuparsi particolarmente di queste vicende poich\u00e9 la Sua Opera \u00e9 senza lacune.<\/span><\/p>\n<p class=\"indent2\"><span class=\"s1\">\u00a0 \u00a0 \u00a0 \u00a0 \u00a0 \u00c8 errore essenziale in molti uomini giudicare soltanto dal punto di vista della materia fisica, della quale si considerano come centro; inoltre fanno affidamento in\u00a0<i>una<\/i>\u00a0sola vita terrena, mentre in realt\u00e0 ne hanno gi\u00e0 vissute\u00a0<i>altre.<\/i>\u00a0Queste vite, come anche il tempo intermedio, passato nel mondo della materia eterea, costituiscono un\u2019esistenza\u00a0<i>unica,<\/i>\u00a0senza interruzione percorsa da fili ben tesi, cos\u00ec che nelle reazioni provocate in una vita terrena si pu\u00f2 scorgere soltanto una piccola parte di questi fili.<\/span><\/p>\n<p class=\"indent2\"><span class=\"s1\">\u00a0 \u00a0 \u00a0 \u00a0 \u00a0 Perci\u00f2 \u00e9 grande errore credere che con la nascita s\u2019inizi una vita completamente nuova, che il bambino sia un \u00abinnocente\u00bb e che tutti gli avvenimenti siano da considerarsi solo in riferimento ad una singola esistenza terrena. Se fosse cos\u00ec, la Giustizia richiederebbe naturalmente che cause, effetti e reazioni fossero inclusi nel breve periodo d\u2019una esistenza terrena.<\/span><\/p>\n<p class=\"indent2\"><span class=\"s1\">\u00a0 \u00a0 \u00a0 \u00a0 \u00a0 Staccatevi da questo errore. Scoprirete ben presto in tutte le vicende quella logica, quella Giustizia che tante volte non avete trovato!<\/span><\/p>\n<p class=\"indent2\"><span class=\"s1\">\u00a0 \u00a0 \u00a0 \u00a0 \u00a0 Molti si spaventano allora e hanno paura di ci\u00f2 che spetta loro ancora dal passato in conseguenza di queste Leggi di ritorno.<\/span><\/p>\n<p class=\"indent2\"><span class=\"s1\">\u00a0 \u00a0 \u00a0 \u00a0 \u00a0 Ma sono preoccupazioni inutili per coloro la cui buona volont\u00e0 \u00e9 sincera;\u00a0<i>l\u2019azione automatica delle Leggi \u00e9 allo stesso tempo garanzia per la grazia e il perdono!<\/i><\/span><\/p>\n<p class=\"indent2\"><span class=\"s1\">\u00a0 \u00a0 \u00a0 \u00a0 \u00a0 A prescindere dal fatto che con un sicuro inizio della buona volont\u00e0 viene subito stabilito un limite alla catena delle reazioni negative, dove essa dovr\u00e0 finire, e s\u2019inizia un altro processo d\u2019un valore prodigioso:<\/span><\/p>\n<p class=\"indent2\"><span class=\"s1\">\u00a0 \u00a0 \u00a0 \u00a0 \u00a0 Una continuata buona volont\u00e0 nel pensiero e nell\u2019azione provoca anche la rifluenza continua di rinforzo proveniente dall\u2019omogeneo centro d\u2019energia, cos\u00ec che nell\u2019uomo stesso il bene acquista forza sempre crescente; emanando da lui, esso forma prima un ambiente omogeneo nel piano della materia eterea che avvolge l\u2019uomo come un manto protettivo simile all\u2019atmosfera che protegge la Terra.<\/span><\/p>\n<p class=\"indent2\"><span class=\"s1\">\u00a0 \u00a0 \u00a0 \u00a0 \u00a0 Quando reazioni negative delle sue azioni ritornano, per risolversi, verso l\u2019uomo dal passato, esse vengono deviate dalla purezza del manto che lo circonda.<\/span><\/p>\n<p class=\"indent2\"><span class=\"s1\">\u00a0 \u00a0 \u00a0 \u00a0 \u00a0 Se per\u00f2 dovessero penetrare questo involucro, le radiazioni negative vengono o immediatamente disintegrate oppure molto affievolite, per cui la loro influenza nociva sar\u00e0 minima o nulla.<\/span><\/p>\n<p class=\"indent2\"><span class=\"s1\">\u00a0 \u00a0 \u00a0 \u00a0 \u00a0 Inoltre, la trasformazione avvenuta ha anche reso l\u2019intima realt\u00e0 dell\u2019uomo, al quale le radiazioni di riflesso sono indirizzate, molto pi\u00f9 fine e leggera a causa della sua continua aspirazione al bene, e non ha pi\u00f9 alcuna affinit\u00e0 omogenea con la pi\u00f9 grande densit\u00e0 delle correnti nefaste o basse. \u00c8 come nella radiotelegrafia quando l\u2019apparecchio ricevente non \u00e9 sincronizzato sulla lunghezza d\u2019onda del trasmittente.<\/span><\/p>\n<p class=\"indent2\"><span class=\"s1\">\u00a0 \u00a0 \u00a0 \u00a0 \u00a0 La conseguenza naturale \u00e9 che le correnti pi\u00f9 dense, essendo d\u2019altra specie, non possono far presa ma devono passarlo innocue, senza effetto negativo, mentre la redenzione viene provocata da un\u2019azione simbolica inconscia; un\u2019altra volta parler\u00f2 dei suoi vari tipi.<\/span><\/p>\n<p class=\"indent2\"><span class=\"s1\">\u00a0 \u00a0 \u00a0 \u00a0 \u00a0 Al lavoro dunque senz\u2019indugio! Il Creatore vi ha provveduto di tutto nella Creazione. Fate uso del tempo! Ogni attimo porta per voi la perdizione o il beneficio!<\/span><\/p>\n<p class=\"indent2\" style=\"text-align: right;\"><span class=\"s1\">(Nella Luce della Verit\u00e0, conferenza \u201cDestino\u201d)<\/span><\/p>\n<p>[\/et_pb_text][\/et_pb_column][et_pb_column type=&#8221;1_4&#8243; _builder_version=&#8221;4.9.2&#8243; _module_preset=&#8221;default&#8221; custom_css_main_element=&#8221;margin-top:auto;&#8221;][\/et_pb_column][\/et_pb_row][\/et_pb_section]<\/p>\n","protected":false},"excerpt":{"rendered":"<p>Prova di letturaDESTINO \u00a0 \u00a0 \u00a0 \u00a0 \u00a0 Gli uomini parlano di destino meritato e non meritato, di ricompensa e punizione, di ripagamento e karma. \u00a0 \u00a0 \u00a0 \u00a0 \u00a0 Queste espressioni sono soltanto concetti parziali per indicare una Legge immanente nella Creazione:\u00a0La Legge dell\u2019effetto di ritorno! \u00a0 \u00a0 \u00a0 \u00a0 \u00a0 Una Legge esistente [&hellip;]<\/p>\n","protected":false},"author":2,"featured_media":0,"parent":0,"menu_order":0,"comment_status":"closed","ping_status":"closed","template":"","meta":{"_et_pb_use_builder":"on","_et_pb_old_content":"","_et_gb_content_width":"","footnotes":""},"class_list":["post-963","page","type-page","status-publish","hentry"],"aioseo_notices":[],"_links":{"self":[{"href":"https:\/\/gralsbotschaft.net\/it\/wp-json\/wp\/v2\/pages\/963","targetHints":{"allow":["GET"]}}],"collection":[{"href":"https:\/\/gralsbotschaft.net\/it\/wp-json\/wp\/v2\/pages"}],"about":[{"href":"https:\/\/gralsbotschaft.net\/it\/wp-json\/wp\/v2\/types\/page"}],"author":[{"embeddable":true,"href":"https:\/\/gralsbotschaft.net\/it\/wp-json\/wp\/v2\/users\/2"}],"replies":[{"embeddable":true,"href":"https:\/\/gralsbotschaft.net\/it\/wp-json\/wp\/v2\/comments?post=963"}],"version-history":[{"count":3,"href":"https:\/\/gralsbotschaft.net\/it\/wp-json\/wp\/v2\/pages\/963\/revisions"}],"predecessor-version":[{"id":974,"href":"https:\/\/gralsbotschaft.net\/it\/wp-json\/wp\/v2\/pages\/963\/revisions\/974"}],"wp:attachment":[{"href":"https:\/\/gralsbotschaft.net\/it\/wp-json\/wp\/v2\/media?parent=963"}],"curies":[{"name":"wp","href":"https:\/\/api.w.org\/{rel}","templated":true}]}}