{"id":933,"date":"2021-03-28T17:52:09","date_gmt":"2021-03-28T17:52:09","guid":{"rendered":"https:\/\/gralsbotschaft.net\/indice-delle-conferenze\/"},"modified":"2023-03-18T18:03:25","modified_gmt":"2023-03-18T18:03:25","slug":"indice-delle-conferenze","status":"publish","type":"page","link":"https:\/\/gralsbotschaft.net\/it\/indice-delle-conferenze\/","title":{"rendered":"Indice delle conferenze"},"content":{"rendered":"<p>[et_pb_section fb_built=&#8221;1&#8243; _builder_version=&#8221;4.16&#8243; _module_preset=&#8221;default&#8221; use_background_color_gradient=&#8221;on&#8221; background_color_gradient_type=&#8221;circular&#8221; background_color_gradient_stops=&#8221;#ffffff 0%|#4b6f20 85%&#8221; background_color_gradient_start=&#8221;#ffffff&#8221; background_color_gradient_end=&#8221;#4b6f20&#8243; background_color_gradient_end_position=&#8221;85%&#8221; global_colors_info=&#8221;{}&#8221;][et_pb_row column_structure=&#8221;1_4,1_2,1_4&#8243; make_equal=&#8221;on&#8221; _builder_version=&#8221;4.16&#8243; _module_preset=&#8221;default&#8221; width=&#8221;85%&#8221; max_width=&#8221;85%&#8221; global_colors_info=&#8221;{}&#8221;][et_pb_column type=&#8221;1_4&#8243; _builder_version=&#8221;4.16&#8243; _module_preset=&#8221;default&#8221; global_colors_info=&#8221;{}&#8221;][\/et_pb_column][et_pb_column type=&#8221;1_2&#8243; _builder_version=&#8221;4.16&#8243; _module_preset=&#8221;default&#8221; global_colors_info=&#8221;{}&#8221;][et_pb_image src=&#8221;https:\/\/gralsbotschaft.net\/wp-content\/uploads\/2021\/03\/Messaggio-del-Gral-Nella-Luce-della-Verita-3.png&#8221; title_text=&#8221;Messaggio-del-Gral-Nella-Luce-della-Verit\u00e0&#8221; _builder_version=&#8221;4.16&#8243; _module_preset=&#8221;default&#8221; width=&#8221;35%&#8221; max_width=&#8221;35%&#8221; module_alignment=&#8221;center&#8221; global_colors_info=&#8221;{}&#8221;][\/et_pb_image][et_pb_text _builder_version=&#8221;4.16&#8243; _module_preset=&#8221;default&#8221; text_font=&#8221;Georgia||||||||&#8221; text_text_color=&#8221;#333333&#8243; text_font_size=&#8221;18px&#8221; custom_margin=&#8221;||5px||false|false&#8221; global_colors_info=&#8221;{}&#8221;]<\/p>\n<p>Indice delle conferenze<\/p>\n<p>[\/et_pb_text][et_pb_divider color=&#8221;#333333&#8243; _builder_version=&#8221;4.16&#8243; _module_preset=&#8221;default&#8221; custom_margin=&#8221;||5px||false|false&#8221; global_colors_info=&#8221;{}&#8221;][\/et_pb_divider][et_pb_text _builder_version=&#8221;4.20.2&#8243; _module_preset=&#8221;default&#8221; text_font=&#8221;Georgia||||||||&#8221; text_text_color=&#8221;#333333&#8243; text_font_size=&#8221;18px&#8221; header_2_line_height=&#8221;1.5em&#8221; custom_margin=&#8221;||16px||false|false&#8221; hover_enabled=&#8221;0&#8243; custom_css_main_element=&#8221;height:450px;||overflow:auto;&#8221; global_colors_info=&#8221;{}&#8221; sticky_enabled=&#8221;0&#8243;]<\/p>\n<h2>Nella Luce della Verit\u00e0<\/h2>\n<h2>VOLUME I<\/h2>\n<p>Questa sia la vostra guida!<\/p>\n<ol class=\"iv\">\n<li class=\"iv\">Che cercate?<\/li>\n<li class=\"iv\">Invocazione alla guida<\/li>\n<li class=\"iv\">L\u2019Anticristo<\/li>\n<li class=\"iv\">Moralit\u00e0<\/li>\n<li class=\"iv\">Destatevi!<\/li>\n<li class=\"iv\">Il silenzio<\/li>\n<li class=\"iv\">Ascesa<\/li>\n<li class=\"iv\">Culto<\/li>\n<li class=\"iv\">Irrigidimento<\/li>\n<li class=\"iv\">Candore<\/li>\n<li class=\"iv\">Castit\u00e0<\/li>\n<li class=\"iv\">Il primo passo<\/li>\n<li class=\"iv\">L\u2019Universo<\/li>\n<li class=\"iv\">La stella di Betlemme<\/li>\n<li class=\"iv\">La lotta<\/li>\n<li class=\"iv\">Le moderne scienze dello spirito<\/li>\n<li class=\"iv\">False vie<\/li>\n<li class=\"iv\">Che cosa separa oggi tanti uomini dalla Luce?<\/li>\n<li class=\"iv\">C\u2019era una volta\u2026!<\/li>\n<li class=\"iv\">Deviazioni<\/li>\n<li class=\"iv\">La parola umana<\/li>\n<li class=\"iv\">La donna della Creazione posteriore<\/li>\n<li class=\"iv\">Sottomissione<\/li>\n<li class=\"iv\">Pigrizia spirituale<\/li>\n<li class=\"iv\">L\u2019uomo terreno dinanzi al suo Dio<\/li>\n<li class=\"iv\">Tutto ci\u00f2 che \u00e8 morto nella Creazione deve essere risvegliato affinch\u00e9 si giudichi!<\/li>\n<li class=\"iv\">Il libro della Vita<\/li>\n<li class=\"iv\">Il Regno dei mille anni<\/li>\n<li class=\"iv\">Una parola necessaria<\/li>\n<li class=\"iv\">La grande cometa<\/li>\n<li class=\"iv\">Colui che insegna la dottrina dei Mondi<\/li>\n<li class=\"iv\">Lo Straniero<\/li>\n<li class=\"iv\">Salvezza! Redenzione!<\/li>\n<li class=\"iv\">Il linguaggio del Signore<\/li>\n<\/ol>\n<h2>VOLUME II<\/h2>\n<ol class=\"iv\">\n<li class=\"iv\">Responsabilit\u00e0<\/li>\n<li class=\"iv\">Destino<\/li>\n<li class=\"iv\">La creazione dell\u2019uomo<\/li>\n<li class=\"iv\">L\u2019uomo nella Creazione<\/li>\n<li class=\"iv\">Il peccato originale<\/li>\n<li class=\"iv\">Dio<\/li>\n<li class=\"iv\">La voce interiore<\/li>\n<li class=\"iv\">La religione dell\u2019Amore<\/li>\n<li class=\"iv\">Il Redentore<\/li>\n<li class=\"iv\">Il mistero della nascita<\/li>\n<li class=\"iv\">\u00c8 consigliabile l\u2019iniziazione occulta?<\/li>\n<li class=\"iv\">Spiritismo<\/li>\n<li class=\"iv\">Legati alla Terra<\/li>\n<li class=\"iv\">La continenza sessuale promuove lo sviluppo spirituale?<\/li>\n<li class=\"iv\">Forme di pensiero<\/li>\n<li class=\"iv\">Veglia e prega!<\/li>\n<li class=\"iv\">Il matrimonio<\/li>\n<li class=\"iv\">Il diritto del figlio verso i genitori<\/li>\n<li class=\"iv\">La preghiera<\/li>\n<li class=\"iv\">Il Padre Nostro<\/li>\n<li class=\"iv\">Adorazione di Dio<\/li>\n<li class=\"iv\">L\u2019uomo e il suo libero arbitrio<\/li>\n<li class=\"iv\">Uomini idealisti<\/li>\n<li class=\"iv\">Rigettate su di Lui ogni colpa<\/li>\n<li class=\"iv\">Il crimine dell\u2019ipnosi<\/li>\n<li class=\"iv\">Astrologia<\/li>\n<li class=\"iv\">Simbolismo nel destino umano<\/li>\n<li class=\"iv\">Fede<\/li>\n<li class=\"iv\">Beni terreni<\/li>\n<li class=\"iv\">La morte<\/li>\n<li class=\"iv\">Trapassato<\/li>\n<li class=\"iv\">Miracolo<\/li>\n<li class=\"iv\">Il battesimo<\/li>\n<li class=\"iv\">Il Santo Gral<\/li>\n<li class=\"iv\">Il mistero di Lucifero<\/li>\n<li class=\"iv\">Le regioni delle tenebre e la dannazione<\/li>\n<li class=\"iv\">Le regioni della Luce e il Paradiso<\/li>\n<li class=\"iv\">Eventi universali<\/li>\n<li class=\"iv\">La differenza d\u2019origine nell\u2019uomo e nell\u2019animale<\/li>\n<li class=\"iv\">La separazione fra umanit\u00e0 e scienza<\/li>\n<li class=\"iv\">Spirito<\/li>\n<li class=\"iv\">L\u2019evoluzione della Creazione<\/li>\n<li class=\"iv\">Io sono il Signore Dio tuo!<\/li>\n<li class=\"iv\">L\u2019immacolata concezione e la nascita del Figlio di Dio<\/li>\n<li class=\"iv\">La morte sulla croce del Figlio di Dio e l\u2019Ultima Cena<\/li>\n<li class=\"iv\">Scendi dalla croce!<\/li>\n<li class=\"iv\">Questa \u00e8 la mia carne! Questo \u00e8 il mio sangue!<\/li>\n<li class=\"iv\">Resurrezione del corpo terreno di Cristo<\/li>\n<li class=\"iv\">Concetti umani e Volont\u00e0 divina nella Legge del ritorno<\/li>\n<li class=\"iv\">Il Figlio dell\u2019Uomo<\/li>\n<li class=\"iv\">L\u2019energia sessuale e il suo significato per un\u2019ascesa spirituale<\/li>\n<li class=\"iv\">Io sono la Resurrezione e la Vita, nessuno giunge al Padre senza di me!<\/li>\n<li class=\"iv\">Materia fisica, materia eterea, irradiazioni, spazio e tempo<\/li>\n<li class=\"iv\">L\u2019errore della chiaroveggenza<\/li>\n<li class=\"iv\">Forme di chiaroveggenza<\/li>\n<li class=\"iv\">Nel regno dei demoni e dei fantasmi<\/li>\n<li class=\"iv\">Iniziazione occulta, cibo carneo o vegetale<\/li>\n<li class=\"iv\">Magnetismo terapeutico<\/li>\n<li class=\"iv\">Vivete nel presente!<\/li>\n<li class=\"iv\">Che cosa deve fare l\u2019uomo per poter entrare nel Regno di Dio?<\/li>\n<li class=\"iv\">Scorgi il fuscello nell\u2019occhio del fratello tuo e non ti accorgi della trave che \u00e8 nel tuo occhio!<\/li>\n<li class=\"iv\">La lotta nella natura<\/li>\n<li class=\"iv\">La discesa dello Spirito Santo<\/li>\n<li class=\"iv\">Sesso<\/li>\n<li class=\"iv\">La vecchiaia pu\u00f2 costituire un ostacolo all\u2019ascesa spirituale?<\/li>\n<li class=\"iv\">Padre, perdona loro; perch\u00e9 non sanno quello che fanno!<\/li>\n<li class=\"iv\">Dei \u2013 Olimpo \u2013 Walhalla<\/li>\n<li class=\"iv\">La creatura \u00abuomo\u00bb<\/li>\n<li class=\"iv\">E mille anni sono come un giorno!<\/li>\n<li class=\"iv\">L\u2019intuizione spirituale<\/li>\n<li class=\"iv\">La Vita<\/li>\n<\/ol>\n<h2>VOLUME III<\/h2>\n<ol class=\"iv\">\n<li class=\"iv\">Nella terra del crepuscolo<\/li>\n<li class=\"iv\">Almanaccatori<\/li>\n<li class=\"iv\">Martiri volontari, fanatici religiosi<\/li>\n<li class=\"iv\">Servi di Dio<\/li>\n<li class=\"iv\">Istinto degli animali<\/li>\n<li class=\"iv\">Il bacio dell\u2019amicizia<\/li>\n<li class=\"iv\">Lo strumento distorto<\/li>\n<li class=\"iv\">Il fanciullo<\/li>\n<li class=\"iv\">Il compito della femminilit\u00e0 umana<\/li>\n<li class=\"iv\">Onnipresenza<\/li>\n<li class=\"iv\">Cristo ha detto\u2026!<\/li>\n<li class=\"iv\">Il \u00abmovimento\u00bb come Legge della Creazione<\/li>\n<li class=\"iv\">Il corpo terreno<\/li>\n<li class=\"iv\">Il mistero del sangue<\/li>\n<li class=\"iv\">Il temperamento<\/li>\n<li class=\"iv\">Veglia, o uomo, nel tuo cammino attraverso la Creazione, affinch\u00e9 la trama del destino non freni ma stimoli la tua ascesa!<\/li>\n<li class=\"iv\">Una nuova Legge<\/li>\n<li class=\"iv\">Dovere e fedelt\u00e0<\/li>\n<li class=\"iv\">Bellezza dei popoli<\/li>\n<li class=\"iv\">\u00c8 compiuto!<\/li>\n<li class=\"iv\">Al limite della materia fisica<\/li>\n<li class=\"iv\">Riconoscere Dio<\/li>\n<li class=\"iv\">Il nome<\/li>\n<li class=\"iv\">L\u2019Essenzialit\u00e0<\/li>\n<li class=\"iv\">Le Essenze minori<\/li>\n<li class=\"iv\">Nella fucina materiale fisica delle Essenze<\/li>\n<li class=\"iv\">Un\u2019anima cammina . . .<\/li>\n<li class=\"iv\">Donna e uomo<\/li>\n<li class=\"iv\">Anime distorte<\/li>\n<li class=\"iv\">La guida spirituale dell\u2019uomo<\/li>\n<li class=\"iv\">Fili di Luce su di voi!<\/li>\n<li class=\"iv\">La Regina originaria<\/li>\n<li class=\"iv\">Il circuito delle radiazioni<\/li>\n<li class=\"iv\">Guardatevi dai farisei!<\/li>\n<li class=\"iv\">Posseduti<\/li>\n<li class=\"iv\">Pregate, e vi sar\u00e0 dato!<\/li>\n<li class=\"iv\">Ringraziamento<\/li>\n<li class=\"iv\">Sia fatta la Luce!<\/li>\n<li class=\"iv\">Insostanziale<\/li>\n<li class=\"iv\">Natale<\/li>\n<li class=\"iv\">Non <em>cadete<\/em> in tentazione!<\/li>\n<li class=\"iv\">Il senso della famiglia<\/li>\n<li class=\"iv\">L\u2019intimit\u00e0 della casa<\/li>\n<li class=\"iv\">Credenti abituali<\/li>\n<li class=\"iv\">Guarda, che cosa ti giova!<\/li>\n<li class=\"iv\">Onniscienza<\/li>\n<li class=\"iv\">Il sesso debole<\/li>\n<li class=\"iv\">Il ponte distrutto<\/li>\n<li class=\"iv\">La protettrice della fiamma<\/li>\n<li class=\"iv\">Visione d\u2019insieme del Creato<\/li>\n<li class=\"iv\">Anima<\/li>\n<li class=\"iv\">Natura<\/li>\n<li class=\"iv\">Germi dello spirito<\/li>\n<li class=\"iv\">Germi dell\u2019Essenzialit\u00e0<\/li>\n<li class=\"iv\">Il cerchio dell\u2019Essenzialit\u00e0<\/li>\n<li class=\"iv\">I piani della Spiritualit\u00e0 Originaria I<\/li>\n<li class=\"iv\">I piani della Spiritualit\u00e0 Originaria II<\/li>\n<li class=\"iv\">I piani della Spiritualit\u00e0 Originaria III<\/li>\n<li class=\"iv\">I piani della Spiritualit\u00e0 Originaria IV<\/li>\n<li class=\"iv\">I piani della Spiritualit\u00e0 Originaria V<\/li>\n<li class=\"iv\">I piani della Spiritualit\u00e0 Originaria VI<\/li>\n<li class=\"iv\">I piani della Spiritualit\u00e0 Originaria VII<\/li>\n<li class=\"iv\">Epilogo: Come accogliere il Messaggio.<\/li>\n<\/ol>\n<p>[\/et_pb_text][\/et_pb_column][et_pb_column type=&#8221;1_4&#8243; _builder_version=&#8221;4.16&#8243; _module_preset=&#8221;default&#8221; custom_css_main_element=&#8221;margin-top:auto;&#8221; global_colors_info=&#8221;{}&#8221;][\/et_pb_column][\/et_pb_row][\/et_pb_section]<\/p>\n","protected":false},"excerpt":{"rendered":"<p>Indice delle conferenzeNella Luce della Verit\u00e0 VOLUME I Questa sia la vostra guida! Che cercate? Invocazione alla guida L\u2019Anticristo Moralit\u00e0 Destatevi! Il silenzio Ascesa Culto Irrigidimento Candore Castit\u00e0 Il primo passo L\u2019Universo La stella di Betlemme La lotta Le moderne scienze dello spirito False vie Che cosa separa oggi tanti uomini dalla Luce? C\u2019era una [&hellip;]<\/p>\n","protected":false},"author":2,"featured_media":0,"parent":0,"menu_order":0,"comment_status":"closed","ping_status":"closed","template":"","meta":{"_et_pb_use_builder":"on","_et_pb_old_content":"","_et_gb_content_width":"","footnotes":""},"class_list":["post-933","page","type-page","status-publish","hentry"],"aioseo_notices":[],"_links":{"self":[{"href":"https:\/\/gralsbotschaft.net\/it\/wp-json\/wp\/v2\/pages\/933","targetHints":{"allow":["GET"]}}],"collection":[{"href":"https:\/\/gralsbotschaft.net\/it\/wp-json\/wp\/v2\/pages"}],"about":[{"href":"https:\/\/gralsbotschaft.net\/it\/wp-json\/wp\/v2\/types\/page"}],"author":[{"embeddable":true,"href":"https:\/\/gralsbotschaft.net\/it\/wp-json\/wp\/v2\/users\/2"}],"replies":[{"embeddable":true,"href":"https:\/\/gralsbotschaft.net\/it\/wp-json\/wp\/v2\/comments?post=933"}],"version-history":[{"count":4,"href":"https:\/\/gralsbotschaft.net\/it\/wp-json\/wp\/v2\/pages\/933\/revisions"}],"predecessor-version":[{"id":2209,"href":"https:\/\/gralsbotschaft.net\/it\/wp-json\/wp\/v2\/pages\/933\/revisions\/2209"}],"wp:attachment":[{"href":"https:\/\/gralsbotschaft.net\/it\/wp-json\/wp\/v2\/media?parent=933"}],"curies":[{"name":"wp","href":"https:\/\/api.w.org\/{rel}","templated":true}]}}