{"id":833,"date":"2021-03-28T17:00:22","date_gmt":"2021-03-28T17:00:22","guid":{"rendered":"https:\/\/gralsbotschaft.net\/prefazione\/"},"modified":"2021-03-28T17:02:16","modified_gmt":"2021-03-28T17:02:16","slug":"prefazione","status":"publish","type":"page","link":"https:\/\/gralsbotschaft.net\/it\/prefazione\/","title":{"rendered":"Prefazione"},"content":{"rendered":"<p>[et_pb_section fb_built=&#8221;1&#8243; _builder_version=&#8221;4.9.2&#8243; _module_preset=&#8221;default&#8221; background_color=&#8221;RGBA(0,0,0,0)&#8221; module_alignment=&#8221;center&#8221; custom_margin=&#8221;0px||0px||false|false&#8221; custom_padding=&#8221;0px||0px||false|false&#8221;][et_pb_row column_structure=&#8221;1_4,1_2,1_4&#8243; make_equal=&#8221;on&#8221; _builder_version=&#8221;4.9.2&#8243; _module_preset=&#8221;default&#8221; width=&#8221;85%&#8221; max_width=&#8221;85%&#8221; custom_padding=&#8221;60px||101px||false|false&#8221;][et_pb_column type=&#8221;1_4&#8243; _builder_version=&#8221;4.9.2&#8243; _module_preset=&#8221;default&#8221;][\/et_pb_column][et_pb_column type=&#8221;1_2&#8243; _builder_version=&#8221;4.9.2&#8243; _module_preset=&#8221;default&#8221;][et_pb_image src=&#8221;https:\/\/gralsbotschaft.net\/wp-content\/uploads\/2021\/03\/Messaggio-del-Gral-Nella-Luce-della-Verita-1.png&#8221; title_text=&#8221;Messaggio-del-Gral-Nella-Luce-della-Verit\u00e0 (1)&#8221; align=&#8221;center&#8221; _builder_version=&#8221;4.9.2&#8243; _module_preset=&#8221;default&#8221; width=&#8221;35%&#8221; max_width=&#8221;35%&#8221; module_alignment=&#8221;center&#8221; hover_enabled=&#8221;0&#8243; sticky_enabled=&#8221;0&#8243;][\/et_pb_image][et_pb_text _builder_version=&#8221;4.9.2&#8243; _module_preset=&#8221;default&#8221; text_font=&#8221;Georgia||||||||&#8221; text_text_color=&#8221;#333333&#8243; text_font_size=&#8221;18px&#8221; custom_margin=&#8221;||5px||false|false&#8221;]<\/p>\n<p>Prefazione<\/p>\n<p>[\/et_pb_text][et_pb_divider color=&#8221;#333333&#8243; _builder_version=&#8221;4.9.2&#8243; _module_preset=&#8221;default&#8221; custom_margin=&#8221;||5px||false|false&#8221;][\/et_pb_divider][et_pb_text _builder_version=&#8221;4.9.2&#8243; _module_preset=&#8221;default&#8221; text_font=&#8221;Georgia||||||||&#8221; text_text_color=&#8221;#333333&#8243; text_font_size=&#8221;18px&#8221; text_line_height=&#8221;1.6em&#8221; header_3_text_align=&#8221;center&#8221; header_3_font_size=&#8221;17px&#8221; custom_margin=&#8221;||16px||false|false&#8221; custom_css_main_element=&#8221;height:450px;||overflow:auto;&#8221;]<\/p>\n<h3>LIBERATI DA TUTTA LA TENEBRA!<\/h3>\n<p>&nbsp;<\/p>\n<h4>QUESTA SIA LA VOSTRA GUIDA<\/h4>\n<p>&nbsp;<\/p>\n<p>La benda cade, la fede si fa convincimento. Solo in esso riposano la liberazione, la Redenzione!<\/p>\n<p>Mi rivolgo soltanto a coloro che cercano con sincerit\u00e0. Bisogna che abbiano la disposizione e la volont\u00e0 di studiare obiettivamente questa opera obiettiva. I fanatici religiosi e i sognatori senza princ\u00ecpi ci siano lontani, perch\u00e9 sono di danno alla Verit\u00e0. In quanto agli uomini di cattiva volont\u00e0 e agli avversari di ogni verit\u00e0 oggettiva, troveranno qui anche il loro giudizio.<\/p>\n<p>Il Messaggio raggiunger\u00e0 solo coloro che recano ancora in s\u00e9 una scintilla di Verit\u00e0 e il desiderio di essere veramente uomini. Per tutti questi, sar\u00e0 la loro guida e la loro luce. Li condurr\u00e0, senza deviazioni, fuori del caos e dello smarrimento del nostro tempo.<\/p>\n<p>La Parola che vi presento non porta una religione nuova. Essa deve essere, per tutti gli ascoltatori e lettori sinceri, la fiaccola che porta a trovare il vero cammino verso altitudini tanto bramate.<\/p>\n<p>Avviarsi: questo \u00e9 il solo mezzo per progredire spiritualmente. Lo stolto che fa uso di concezioni estranee, gi\u00e0 precostituite, percorre la sua via come sulle grucce, quando le sue membra, che pure sono sane, restano inattive.<\/p>\n<p>Ma come fa uso arditamente, \u2013perch\u00e9 sono le armi della sua ascesa\u2013, dei doni che sono sopiti in lui, e che attendono una voce di richiamo, egli sfrutta, seguendo la Volont\u00e0 del suo Creatore, il pegno che gli fu affidato; e superer\u00e0 con arte tutti gli ostacoli che si frapporranno sul suo cammino per sviarlo.<\/p>\n<p>Destatevi dunque! Non c\u2019\u00e8 fede vera che nel perfetto convincimento, ed esso non pu\u00f2 nascere che da una riflessione e dall\u2019esame pi\u00f9 spregiudicato. Siate viventi nella meravigliosa Creazione del vostro Dio!<\/p>\n<p>Abd-ru-shin<\/p>\n<p>[\/et_pb_text][\/et_pb_column][et_pb_column type=&#8221;1_4&#8243; _builder_version=&#8221;4.9.2&#8243; _module_preset=&#8221;default&#8221; custom_css_main_element=&#8221;margin-top:auto;&#8221;][\/et_pb_column][\/et_pb_row][\/et_pb_section]<\/p>\n","protected":false},"excerpt":{"rendered":"<p>PrefazioneLIBERATI DA TUTTA LA TENEBRA! &nbsp; QUESTA SIA LA VOSTRA GUIDA &nbsp; La benda cade, la fede si fa convincimento. Solo in esso riposano la liberazione, la Redenzione! Mi rivolgo soltanto a coloro che cercano con sincerit\u00e0. Bisogna che abbiano la disposizione e la volont\u00e0 di studiare obiettivamente questa opera obiettiva. I fanatici religiosi e [&hellip;]<\/p>\n","protected":false},"author":2,"featured_media":0,"parent":0,"menu_order":0,"comment_status":"closed","ping_status":"closed","template":"","meta":{"_et_pb_use_builder":"on","_et_pb_old_content":"","_et_gb_content_width":"","footnotes":""},"class_list":["post-833","page","type-page","status-publish","hentry"],"aioseo_notices":[],"_links":{"self":[{"href":"https:\/\/gralsbotschaft.net\/it\/wp-json\/wp\/v2\/pages\/833","targetHints":{"allow":["GET"]}}],"collection":[{"href":"https:\/\/gralsbotschaft.net\/it\/wp-json\/wp\/v2\/pages"}],"about":[{"href":"https:\/\/gralsbotschaft.net\/it\/wp-json\/wp\/v2\/types\/page"}],"author":[{"embeddable":true,"href":"https:\/\/gralsbotschaft.net\/it\/wp-json\/wp\/v2\/users\/2"}],"replies":[{"embeddable":true,"href":"https:\/\/gralsbotschaft.net\/it\/wp-json\/wp\/v2\/comments?post=833"}],"version-history":[{"count":3,"href":"https:\/\/gralsbotschaft.net\/it\/wp-json\/wp\/v2\/pages\/833\/revisions"}],"predecessor-version":[{"id":844,"href":"https:\/\/gralsbotschaft.net\/it\/wp-json\/wp\/v2\/pages\/833\/revisions\/844"}],"wp:attachment":[{"href":"https:\/\/gralsbotschaft.net\/it\/wp-json\/wp\/v2\/media?parent=833"}],"curies":[{"name":"wp","href":"https:\/\/api.w.org\/{rel}","templated":true}]}}