{"id":718,"date":"2021-03-28T11:39:26","date_gmt":"2021-03-28T11:39:26","guid":{"rendered":"https:\/\/gralsbotschaft.net\/autore\/"},"modified":"2021-03-30T17:14:04","modified_gmt":"2021-03-30T17:14:04","slug":"autore","status":"publish","type":"page","link":"https:\/\/gralsbotschaft.net\/it\/autore\/","title":{"rendered":"Autore"},"content":{"rendered":"<p>[et_pb_section fb_built=&#8221;1&#8243; _builder_version=&#8221;4.9.2&#8243; _module_preset=&#8221;default&#8221; use_background_color_gradient=&#8221;on&#8221; background_color_gradient_start=&#8221;#ffffff&#8221; background_color_gradient_end=&#8221;#4b6f20&#8243; background_color_gradient_type=&#8221;radial&#8221; background_color_gradient_end_position=&#8221;85%&#8221; height=&#8221;1050px&#8221; height_tablet=&#8221;&#8221; height_phone=&#8221;&#8221; height_last_edited=&#8221;on|phone&#8221; hover_enabled=&#8221;0&#8243; sticky_enabled=&#8221;0&#8243;][et_pb_row column_structure=&#8221;1_4,1_2,1_4&#8243; make_equal=&#8221;on&#8221; _builder_version=&#8221;4.9.2&#8243; _module_preset=&#8221;default&#8221; width=&#8221;85%&#8221; max_width=&#8221;85%&#8221; hover_enabled=&#8221;0&#8243; custom_padding=&#8221;||150px||false|false&#8221; sticky_enabled=&#8221;0&#8243;][et_pb_column type=&#8221;1_4&#8243; _builder_version=&#8221;4.9.2&#8243; _module_preset=&#8221;default&#8221;][\/et_pb_column][et_pb_column type=&#8221;1_2&#8243; _builder_version=&#8221;4.9.2&#8243; _module_preset=&#8221;default&#8221;][et_pb_image src=&#8221;https:\/\/gralsbotschaft.net\/wp-content\/uploads\/2021\/03\/abd-ru-shin.png&#8221; title_text=&#8221;abd-ru-shin&#8221; align=&#8221;center&#8221; _builder_version=&#8221;4.9.2&#8243; _module_preset=&#8221;default&#8221; width=&#8221;35%&#8221; max_width=&#8221;35%&#8221; module_alignment=&#8221;center&#8221; hover_enabled=&#8221;0&#8243; width_last_edited=&#8221;on|phone&#8221; sticky_enabled=&#8221;0&#8243; max_width_last_edited=&#8221;on|phone&#8221; width_phone=&#8221;60%&#8221; max_width_phone=&#8221;60%&#8221;][\/et_pb_image][et_pb_divider color=&#8221;#333333&#8243; _builder_version=&#8221;4.9.2&#8243; _module_preset=&#8221;default&#8221; custom_margin=&#8221;||5px||false|false&#8221;][\/et_pb_divider][et_pb_text module_class=&#8221;change-txt&#8221; _builder_version=&#8221;4.9.2&#8243; _module_preset=&#8221;default&#8221; text_font=&#8221;Georgia||||||||&#8221; text_text_color=&#8221;#333333&#8243; text_font_size=&#8221;18px&#8221; text_orientation=&#8221;center&#8221; custom_margin=&#8221;||16px||false|false&#8221;]<\/p>\n<h1 style=\"text-align: center;\"><a href=\"http:\/\/abdrushin-autor.net\/\">Abd-ru-shin<\/a><\/h1>\n<p>Il nome civile di<br \/>era Oskar Ernst Bernhardt.<\/p>\n<p>Negli anni che vanno dal 1923 al 1938 tenne molte conferenze,<br \/>che raccolse successivamente nell\u2019opera in tre volumi:<\/p>\n<h3>\u201cNella Luce della Verit\u00e0 \u2013 Messaggio del Gral\u201d<\/h3>\n<p>Egli indirizz\u00f2 le seguenti parole ai lettori della sua opera:<br \/>\ngi\u00e0 nel 1927 ho indicato ai lettori di badare solo alla Parola e non all\u2019autore. Il mio caloroso consiglio \u00e8, perch\u00e9 solo su questa base potr\u00e0 trarne vantaggio, di esaminare seriamente le opere e accettare di esse solo ci\u00f2 che ognuno \u00e8 in grado riconoscere come giusto per se stesso con vera convinzione.<\/p>\n<p><a href=\"#\" class=\"nxt-btn\" style=\"color: #333300; font-size: 18px; border: 1px solid #000; padding: 5px 25px;\">avanti<\/a><\/p>\n<p>[\/et_pb_text][et_pb_code _builder_version=&#8221;4.9.2&#8243; _module_preset=&#8221;default&#8221;]<script><!-- [et_pb_line_break_holder] -->jQuery(document).ready(function(){<!-- [et_pb_line_break_holder] -->jQuery(\".nxt-btn\").click(function(){<!-- [et_pb_line_break_holder] -->\tjQuery(\".change-txt\").html('<\/p>\n<div class=\"et_pb_module et_pb_text et_pb_text_1 change-txt  et_pb_text_align_center et_pb_bg_layout_light\">\n<div class=\"et_pb_text_inner\">\n<h1 style=\"text-align: center;\"><a href=\"http:\/\/abdrushin-autor.net\/\">Abd-ru-shin<\/a><\/h1>\n<pee>Il mio obiettivo \u00e8 di natura spirituale!<\/pee><pee>Ma non porto una nuova religione, non voglio fondare una nuova chiesa, tantomeno una qualche setta, bens\u00ec do in tutta semplicit\u00e0 un quadro chiaro dell\u2019attivit\u00e0 autonoma della creazione, che regge la volont\u00e0 di Dio, dal quale l\u2019uomo pu\u00f2 riconoscere in modo distinto , quali Vie sono buone per lui.<\/pee><\/div>\n<\/div>\n<p>');<!-- [et_pb_line_break_holder] -->\tjQuery(\".nxt-btn\").hide();<!-- [et_pb_line_break_holder] -->})<!-- [et_pb_line_break_holder] -->});<!-- [et_pb_line_break_holder] --><\/script>[\/et_pb_code][\/et_pb_column][et_pb_column type=&#8221;1_4&#8243; _builder_version=&#8221;4.9.2&#8243; _module_preset=&#8221;default&#8221; custom_css_main_element=&#8221;margin-top:auto;&#8221;][\/et_pb_column][\/et_pb_row][\/et_pb_section]<\/p>\n","protected":false},"excerpt":{"rendered":"<p>Abd-ru-shin Il nome civile diera Oskar Ernst Bernhardt. Negli anni che vanno dal 1923 al 1938 tenne molte conferenze,che raccolse successivamente nell\u2019opera in tre volumi: \u201cNella Luce della Verit\u00e0 \u2013 Messaggio del Gral\u201d Egli indirizz\u00f2 le seguenti parole ai lettori della sua opera: gi\u00e0 nel 1927 ho indicato ai lettori di badare solo alla Parola [&hellip;]<\/p>\n","protected":false},"author":2,"featured_media":0,"parent":0,"menu_order":0,"comment_status":"closed","ping_status":"closed","template":"","meta":{"_et_pb_use_builder":"on","_et_pb_old_content":"","_et_gb_content_width":"","footnotes":""},"class_list":["post-718","page","type-page","status-publish","hentry"],"aioseo_notices":[],"_links":{"self":[{"href":"https:\/\/gralsbotschaft.net\/it\/wp-json\/wp\/v2\/pages\/718","targetHints":{"allow":["GET"]}}],"collection":[{"href":"https:\/\/gralsbotschaft.net\/it\/wp-json\/wp\/v2\/pages"}],"about":[{"href":"https:\/\/gralsbotschaft.net\/it\/wp-json\/wp\/v2\/types\/page"}],"author":[{"embeddable":true,"href":"https:\/\/gralsbotschaft.net\/it\/wp-json\/wp\/v2\/users\/2"}],"replies":[{"embeddable":true,"href":"https:\/\/gralsbotschaft.net\/it\/wp-json\/wp\/v2\/comments?post=718"}],"version-history":[{"count":6,"href":"https:\/\/gralsbotschaft.net\/it\/wp-json\/wp\/v2\/pages\/718\/revisions"}],"predecessor-version":[{"id":1423,"href":"https:\/\/gralsbotschaft.net\/it\/wp-json\/wp\/v2\/pages\/718\/revisions\/1423"}],"wp:attachment":[{"href":"https:\/\/gralsbotschaft.net\/it\/wp-json\/wp\/v2\/media?parent=718"}],"curies":[{"name":"wp","href":"https:\/\/api.w.org\/{rel}","templated":true}]}}