{"id":1098,"date":"2021-03-28T19:06:51","date_gmt":"2021-03-28T19:06:51","guid":{"rendered":"https:\/\/gralsbotschaft.net\/citazioni-su-diversi-temi\/"},"modified":"2021-03-28T19:34:39","modified_gmt":"2021-03-28T19:34:39","slug":"citazioni-su-diversi-temi","status":"publish","type":"page","link":"https:\/\/gralsbotschaft.net\/it\/citazioni-su-diversi-temi\/","title":{"rendered":"Citazioni su diversi temi"},"content":{"rendered":"<p>[et_pb_section fb_built=&#8221;1&#8243; _builder_version=&#8221;4.9.2&#8243; _module_preset=&#8221;default&#8221; use_background_color_gradient=&#8221;on&#8221; background_color_gradient_start=&#8221;#ffffff&#8221; background_color_gradient_end=&#8221;#4b6f20&#8243; background_color_gradient_type=&#8221;radial&#8221; background_color_gradient_end_position=&#8221;85%&#8221;][et_pb_row column_structure=&#8221;1_4,1_2,1_4&#8243; make_equal=&#8221;on&#8221; _builder_version=&#8221;4.9.2&#8243; _module_preset=&#8221;default&#8221; width=&#8221;85%&#8221; max_width=&#8221;85%&#8221;][et_pb_column type=&#8221;1_4&#8243; _builder_version=&#8221;4.9.2&#8243; _module_preset=&#8221;default&#8221;][\/et_pb_column][et_pb_column type=&#8221;1_2&#8243; _builder_version=&#8221;4.9.2&#8243; _module_preset=&#8221;default&#8221;][et_pb_image src=&#8221;https:\/\/gralsbotschaft.net\/wp-content\/uploads\/2021\/03\/Messaggio-del-Gral-Nella-Luce-della-Verita-1-1.png&#8221; title_text=&#8221;Messaggio-del-Gral-Nella-Luce-della-Verit\u00e0 (1)&#8221; _builder_version=&#8221;4.9.2&#8243; _module_preset=&#8221;default&#8221; width=&#8221;38%&#8221; max_width=&#8221;38%&#8221; module_alignment=&#8221;center&#8221; hover_enabled=&#8221;0&#8243; sticky_enabled=&#8221;0&#8243;][\/et_pb_image][et_pb_text _builder_version=&#8221;4.9.2&#8243; _module_preset=&#8221;default&#8221; text_font=&#8221;Georgia||||||||&#8221; text_text_color=&#8221;#333333&#8243; text_font_size=&#8221;18px&#8221; custom_margin=&#8221;||5px||false|false&#8221;]<\/p>\n<p>Citazioni su diversi temi<\/p>\n<p>[\/et_pb_text][et_pb_divider color=&#8221;#333333&#8243; _builder_version=&#8221;4.9.2&#8243; _module_preset=&#8221;default&#8221; custom_margin=&#8221;||5px||false|false&#8221;][\/et_pb_divider][et_pb_text _builder_version=&#8221;4.9.2&#8243; _module_preset=&#8221;default&#8221; text_font=&#8221;Georgia||||||||&#8221; text_text_color=&#8221;#333333&#8243; text_font_size=&#8221;18px&#8221; custom_margin=&#8221;||16px||false|false&#8221; custom_css_main_element=&#8221;height:450px;||overflow:auto;&#8221;]<\/p>\n<p class=\"quote\">\u00a0 \u00a0 \u00a0 \u00a0 \u00a0<strong>\u00a0L\u2019<\/strong>ascoltatore e il lettore delle mie conferenze lavori sempre in s\u00e9, getti scandagli e ponti da una conferenza all\u2019altra, come anche fuori nelle grandi e piccole vicende universali!\u00a0<em>Soltanto allora<\/em>\u00a0potr\u00e0 capire il Messaggio del Gral, e trover\u00e0 che col tempo si chiude in un tutto completo, senza lasciar lacune.<\/p>\n<p style=\"text-align: right;\">(Conferenza:\u201d La creatura Uomo\u201d)<\/p>\n<p class=\"quote\">\u00a0 \u00a0 \u00a0 \u00a0 \u00a0<strong>\u00a0\u2026\u2026.i<\/strong> vostri pensieri sono dei messi che voi inviate e che vi tornano sovraccarichi di ci\u00f2 che avete pensato, in bene come in male. Cos\u00ec avviene. Se riflettete come i vostri pensieri siano una realt\u00e0 oggettiva, di forma spirituale, che spesso diventano entit\u00e0 capaci di sopravvivere all\u2019esistenza del vostro corpo, molte cose vi saranno chiare.<br \/>Anche per questo \u00e9 giusto il detto: \u00ab Le vostre opere vi seguiranno. \u00bb Le creazioni del pensiero sono opere che vi aspetteranno un giorno! Esse formano intorno a voi cerchi luminosi o oscuri entro i quali dovrete passare per penetrare nel mondo dello spirito. Nessuna difesa e nessun intervento d\u2019altri vi pu\u00f2 aiutare, perch\u00e9 il libero arbitrio \u00e9 tutto vostro. Il primo passo, in ogni cosa, dovete farlo voi. Non \u00e9 difficile; dipende dal vostro volere, che si manifesta nel pensiero. Cos\u00ec portate in voi stessi il Cielo e l\u2019Inferno.<\/p>\n<p style=\"text-align: right;\">(Conferenza: Destatevi!)<\/p>\n<p class=\"quote\">\u00a0 \u00a0 \u00a0 \u00a0 \u00a0\u00a0<strong>L<\/strong>e parole che formate, le proposizioni, determinano il vostro destino esteriore su questa terra. Cadono come semenza in un giardino che\u00a0<em>vi<\/em>\u00a0costruite intorno; giacch\u00e9 ogni parola umana appartiene a ci\u00f2 che di pi\u00f9 vivo vi sia possibile operare per voi in questa Creazione.<\/p>\n<p style=\"text-align: right;\">(Conferenza: La parola umana)<\/p>\n<p class=\"quote\">\u00a0 \u00a0 \u00a0 \u00a0<strong> \u00a0\u00a0\u00abQ<\/strong>uello che l\u2019uomo seminer\u00e0, raccoglier\u00e0 in larga misura!\u00bb<br \/>Queste poche parole racchiudono un significato molto pi\u00f9 profondo che non paia a tanti. Esse corrispondono in modo rigoroso e preciso all\u2019effettivo procedimento dell\u2019azione della reciprocit\u00e0, inerente alla Creazione. Non si potrebbe trovare espressione pi\u00f9 adatta. All\u2019uomo ritorna in misura moltiplicata tutto ci\u00f2 che egli emette e suscita nelle proprie intuizioni, secondo il modo del suo volere, alla stessa maniera appunto che il raccolto del campo moltiplica il seme.<br \/>L\u2019uomo porta dunque la responsabilit\u00e0 spirituale di tutto ci\u00f2 che fa. Questa responsabilit\u00e0 ha inizio gi\u00e0 con l\u2019atto della decisione e non soltanto dopo il fatto compiuto che \u00e9 soltanto la conseguenza di quella decisione. E la risoluzione \u00e9 il destarsi d\u2019una volont\u00e0 impegnata!<\/p>\n<p style=\"text-align: right;\">(Conferenza: Responsabilit\u00e0)<\/p>\n<p class=\"quote\">\u00a0 \u00a0 \u00a0 \u00a0 <strong>\u00a0\u00a0G<\/strong>li uomini parlano di destino meritato e non meritato, di ricompensa e punizione, di ripagamento e karma.<br \/>Queste espressioni sono soltanto concetti parziali per indicare una Legge immanente nella Creazione:\u00a0<em>La Legge dell\u2019effetto di ritorno!<\/em><br \/>Una Legge esistente fin dalla prima origine della Creazione, solidamente intessuta nel grande inesauribile processo del divenire, di cui costituisce parte essenziale dell\u2019atto stesso della Creazione e della evoluzione. Come un gigantesco sistema di finissimi fili di nervi, esso sorregge e vivifica l\u2019immenso universo e promuove un movimento continuo, un eterno dare e ricevere!<br \/>Schietto e semplice, e tuttavia cos\u00ec penetrante, Ges\u00f9 il Cristo l\u2019ha gi\u00e0 detto:\u00abCi\u00f3 che l\u2019uomo semina, raccoglier\u00e0!\u00bb<\/p>\n<p style=\"text-align: right;\">(Conferenza: Destino)<\/p>\n<p class=\"quote\">\u00a0 \u00a0 \u00a0 <strong>\u00a0 \u00a0\u00a0P<\/strong>erci\u00f2 \u00e9 grande errore credere che con la nascita s\u2019inizi una vita completamente nuova, che il bambino sia un \u00abinnocente\u00bb e che tutti gli avvenimenti siano da considerarsi solo in riferimento ad una singola esistenza terrena. Se fosse cos\u00ec, la Giustizia richiederebbe naturalmente che cause, effetti e reazioni fossero inclusi nel breve periodo d\u2019una esistenza terrena.<\/p>\n<p style=\"text-align: right;\">(Conferenza: Destino)<\/p>\n<p class=\"quote\">\u00a0 \u00a0 \u00a0 \u00a0 <strong>\u00a0\u00a0N<\/strong>on c\u2019\u00e9 quasi altro avvenimento che nonostante la sua inevitabilit\u00e0 sia sempre messo cos\u00ec da parte dal pensiero, come la morte. Ma \u00e9 anche difficile trovare un evento cos\u00ec importante nella vita terrena, se si esclude la nascita. \u00c8 veramente sorprendente che l\u2019uomo voglia occuparsi cos\u00ec poco proprio dell\u2019inizio e della fine della sua esistenza terrena, mentre cerca di attribuire a tutti gli altri eventi, anche a cose del tutto secondarie, un significato profondo.<\/p>\n<p style=\"text-align: right;\">(Conferenza: La Morte)<\/p>\n<p class=\"quote\">\u00a0 \u00a0 \u00a0 \u00a0 <strong>\u00a0\u00a0C<\/strong>hi presume che con la sua sepoltura tutto sia compiuto e ogni conto appianato, volti le spalle e vada per la sua via: non vuole che ingannare se stesso.<\/p>\n<p style=\"text-align: right;\">(Conferenza: Ascesa)<\/p>\n<p class=\"quote\">\u00a0 \u00a0 \u00a0 \u00a0 \u00a0<strong>\u00a0P<\/strong>ensate che ogni percorso terreno \u00e9 una scuola breve, e che abbandonando le vostre spoglie mortali la vostra fine non \u00e9 venuta.<\/p>\n<p style=\"text-align: right;\">(Conferenza: Ascesa)<\/p>\n<p class=\"quote\">\u00a0 \u00a0 \u00a0 \u00a0<strong> \u00a0\u00a0L<\/strong>o stesso trapasso mortale non \u00e9 se non la nascita al mondo etereo. Simile al processo della nascita nel mondo fisico.<\/p>\n<p style=\"text-align: right;\">(Conferenza: La Morte)<\/p>\n<p>[\/et_pb_text][\/et_pb_column][et_pb_column type=&#8221;1_4&#8243; _builder_version=&#8221;4.9.2&#8243; _module_preset=&#8221;default&#8221; custom_css_main_element=&#8221;margin-top:auto;&#8221;][\/et_pb_column][\/et_pb_row][\/et_pb_section]<\/p>\n","protected":false},"excerpt":{"rendered":"<p>Citazioni su diversi temi\u00a0 \u00a0 \u00a0 \u00a0 \u00a0\u00a0L\u2019ascoltatore e il lettore delle mie conferenze lavori sempre in s\u00e9, getti scandagli e ponti da una conferenza all\u2019altra, come anche fuori nelle grandi e piccole vicende universali!\u00a0Soltanto allora\u00a0potr\u00e0 capire il Messaggio del Gral, e trover\u00e0 che col tempo si chiude in un tutto completo, senza lasciar lacune. [&hellip;]<\/p>\n","protected":false},"author":2,"featured_media":0,"parent":0,"menu_order":0,"comment_status":"closed","ping_status":"closed","template":"","meta":{"_et_pb_use_builder":"on","_et_pb_old_content":"","_et_gb_content_width":"","footnotes":""},"class_list":["post-1098","page","type-page","status-publish","hentry"],"aioseo_notices":[],"_links":{"self":[{"href":"https:\/\/gralsbotschaft.net\/it\/wp-json\/wp\/v2\/pages\/1098","targetHints":{"allow":["GET"]}}],"collection":[{"href":"https:\/\/gralsbotschaft.net\/it\/wp-json\/wp\/v2\/pages"}],"about":[{"href":"https:\/\/gralsbotschaft.net\/it\/wp-json\/wp\/v2\/types\/page"}],"author":[{"embeddable":true,"href":"https:\/\/gralsbotschaft.net\/it\/wp-json\/wp\/v2\/users\/2"}],"replies":[{"embeddable":true,"href":"https:\/\/gralsbotschaft.net\/it\/wp-json\/wp\/v2\/comments?post=1098"}],"version-history":[{"count":3,"href":"https:\/\/gralsbotschaft.net\/it\/wp-json\/wp\/v2\/pages\/1098\/revisions"}],"predecessor-version":[{"id":1197,"href":"https:\/\/gralsbotschaft.net\/it\/wp-json\/wp\/v2\/pages\/1098\/revisions\/1197"}],"wp:attachment":[{"href":"https:\/\/gralsbotschaft.net\/it\/wp-json\/wp\/v2\/media?parent=1098"}],"curies":[{"name":"wp","href":"https:\/\/api.w.org\/{rel}","templated":true}]}}