{"id":945,"date":"2021-03-28T18:05:40","date_gmt":"2021-03-28T18:05:40","guid":{"rendered":"https:\/\/gralsbotschaft.net\/contenido\/"},"modified":"2023-03-18T18:12:08","modified_gmt":"2023-03-18T18:12:08","slug":"contenido","status":"publish","type":"page","link":"https:\/\/gralsbotschaft.net\/es\/contenido\/","title":{"rendered":"Contenido"},"content":{"rendered":"<p>[et_pb_section fb_built=\u00bb1&#8243; _builder_version=\u00bb4.16&#8243; _module_preset=\u00bbdefault\u00bb use_background_color_gradient=\u00bbon\u00bb background_color_gradient_type=\u00bbcircular\u00bb background_color_gradient_stops=\u00bb#ffffff 0%|#4b6f20 85%\u00bb background_color_gradient_start=\u00bb#ffffff\u00bb background_color_gradient_end=\u00bb#4b6f20&#8243; background_color_gradient_end_position=\u00bb85%\u00bb global_colors_info=\u00bb{}\u00bb][et_pb_row column_structure=\u00bb1_4,1_2,1_4&#8243; make_equal=\u00bbon\u00bb _builder_version=\u00bb4.16&#8243; _module_preset=\u00bbdefault\u00bb width=\u00bb85%\u00bb max_width=\u00bb85%\u00bb global_colors_info=\u00bb{}\u00bb][et_pb_column type=\u00bb1_4&#8243; _builder_version=\u00bb4.16&#8243; _module_preset=\u00bbdefault\u00bb global_colors_info=\u00bb{}\u00bb][\/et_pb_column][et_pb_column type=\u00bb1_2&#8243; _builder_version=\u00bb4.16&#8243; _module_preset=\u00bbdefault\u00bb global_colors_info=\u00bb{}\u00bb][et_pb_image src=\u00bbhttps:\/\/gralsbotschaft.net\/wp-content\/uploads\/2021\/03\/En-la-Luz-de-la-Verdad-Mensaje-del-Grial-e1571265858772-3.png\u00bb title_text=\u00bbEn-la-Luz-de-la-Verdad-Mensaje-del-Grial-e1571265858772&#8243; _builder_version=\u00bb4.16&#8243; _module_preset=\u00bbdefault\u00bb width=\u00bb35%\u00bb max_width=\u00bb35%\u00bb module_alignment=\u00bbcenter\u00bb global_colors_info=\u00bb{}\u00bb][\/et_pb_image][et_pb_text _builder_version=\u00bb4.16&#8243; _module_preset=\u00bbdefault\u00bb text_font=\u00bbGeorgia||||||||\u00bb text_text_color=\u00bb#333333&#8243; text_font_size=\u00bb18px\u00bb custom_margin=\u00bb||5px||false|false\u00bb global_colors_info=\u00bb{}\u00bb]<\/p>\n<p>Contenido<\/p>\n<p>[\/et_pb_text][et_pb_divider color=\u00bb#333333&#8243; _builder_version=\u00bb4.16&#8243; _module_preset=\u00bbdefault\u00bb custom_margin=\u00bb||5px||false|false\u00bb global_colors_info=\u00bb{}\u00bb][\/et_pb_divider][et_pb_text _builder_version=\u00bb4.20.2&#8243; _module_preset=\u00bbdefault\u00bb text_font=\u00bbGeorgia||||||||\u00bb text_text_color=\u00bb#333333&#8243; text_font_size=\u00bb18px\u00bb header_2_line_height=\u00bb1.5em\u00bb custom_margin=\u00bb||16px||false|false\u00bb hover_enabled=\u00bb0&#8243; custom_css_main_element=\u00bbheight:450px;||overflow:auto;\u00bb global_colors_info=\u00bb{}\u00bb sticky_enabled=\u00bb0&#8243;]<\/p>\n<h2>En la Luz de la Verdad<\/h2>\n<h3>TOMO I<\/h3>\n<p>Exordio<\/p>\n<ol class=\"iv\">\n<li class=\"iv\">\u00bfQu\u00e9 busc\u00e1is?<\/li>\n<li class=\"iv\">El clamor por el Remediador<\/li>\n<li class=\"iv\">El Anticristo<\/li>\n<li class=\"iv\">Moralidad<\/li>\n<li class=\"iv\">!Despertad!<\/li>\n<li class=\"iv\">El silencio<\/li>\n<li class=\"iv\">Ascensi\u00f3n<\/li>\n<li class=\"iv\">Culto<\/li>\n<li class=\"iv\">Paralizaci\u00f3n<\/li>\n<li class=\"iv\">Candor infantil<\/li>\n<li class=\"iv\">Castidad<\/li>\n<li class=\"iv\">El primer paso<\/li>\n<li class=\"iv\">El universo<\/li>\n<li class=\"iv\">La Estrella de Bel\u00e9n<\/li>\n<li class=\"iv\">La lucha<\/li>\n<li class=\"iv\">La ciencia moderna del esp\u00edritu<\/li>\n<li class=\"iv\">Caminos falsos<\/li>\n<li class=\"iv\">\u00bfQu\u00e9 es lo que actualmente separa de la Luz a tantos seres humanos?<\/li>\n<li class=\"iv\">\u00c9rase una vez<\/li>\n<li class=\"iv\">Errores<\/li>\n<li class=\"iv\">La palabra humana<\/li>\n<li class=\"iv\">La mujer de la Poscreaci\u00f3n<\/li>\n<li class=\"iv\">Sumisi\u00f3n<\/li>\n<li class=\"iv\">Pereza de esp\u00edritu<\/li>\n<li class=\"iv\">El hombre terrenal ante su Dios<\/li>\n<li class=\"iv\">\u00a1Es preciso que todo lo que est\u00e1 muerto en la Creaci\u00f3n sea despertado para que se juzgue!<\/li>\n<li class=\"iv\">El Libro de la Vida<\/li>\n<li class=\"iv\">El Reino de los Mil A\u00f1os<\/li>\n<li class=\"iv\">Unas palabras necesarias<\/li>\n<li class=\"iv\">El gran Cometa<\/li>\n<li class=\"iv\">El Maestro universal<\/li>\n<li class=\"iv\">El Extrano<\/li>\n<li class=\"iv\">\u00a1Salvaci\u00f3n! \u00a1Redenci\u00f3n!<\/li>\n<li class=\"iv\">El Lenguaje del Se\u00f1or<\/li>\n<\/ol>\n<h3>TOMO II<\/h3>\n<ol class=\"iv\">\n<li class=\"iv\">La responsabilidad<\/li>\n<li class=\"iv\">El destino<\/li>\n<li class=\"iv\">La creaci\u00f3n del hombre<\/li>\n<li class=\"iv\">El hombre en la Creaci\u00f3n<\/li>\n<li class=\"iv\">El pecado original<\/li>\n<li class=\"iv\">Dios<\/li>\n<li class=\"iv\">La voz interior<\/li>\n<li class=\"iv\">La religi\u00f3n del amor<\/li>\n<li class=\"iv\">El redentor<\/li>\n<li class=\"iv\">El misterio del nacimiento<\/li>\n<li class=\"iv\">\u00bfEs aconsejable practicar el ocultismo?<\/li>\n<li class=\"iv\">Espiritismo<\/li>\n<li class=\"iv\">Atado a lo terrenal<\/li>\n<li class=\"iv\">\u00bfFavorece la continencia sexual el desarrollo espiritual?<\/li>\n<li class=\"iv\">Formas mentales<\/li>\n<li class=\"iv\">\u00a1Vela y ora!<\/li>\n<li class=\"iv\">El matrimonio<\/li>\n<li class=\"iv\">Los derechos de los hijos respecto a los padres<\/li>\n<li class=\"iv\">La oraci\u00f3n<\/li>\n<li class=\"iv\">El Padrenuestro<\/li>\n<li class=\"iv\">La adoraci\u00f3n a Dios<\/li>\n<li class=\"iv\">El hombre y su libre albedr\u00edo<\/li>\n<li class=\"iv\">Hombres ideales<\/li>\n<li class=\"iv\">\u00a1Echad sobre \u00c9l toda culpa!<\/li>\n<li class=\"iv\">El crimen de la hipnosis<\/li>\n<li class=\"iv\">Astrolog\u00eda<\/li>\n<li class=\"iv\">El simbolismo en el destino humano<\/li>\n<li class=\"iv\">La fe<\/li>\n<li class=\"iv\">Bienes terrenales<\/li>\n<li class=\"iv\">La muerte<\/li>\n<li class=\"iv\">Fallecido<\/li>\n<li class=\"iv\">Milagros<\/li>\n<li class=\"iv\">El bautismo<\/li>\n<li class=\"iv\">El Santo Grial<\/li>\n<li class=\"iv\">El misterio de Lucifer<\/li>\n<li class=\"iv\">Las regiones de las tinieblas y la condenaci\u00f3n<\/li>\n<li class=\"iv\">Las regiones de la Luz y el Para\u00edso<\/li>\n<li class=\"iv\">Sucesos c\u00f3smicos<\/li>\n<li class=\"iv\">La diferencia entre el origen del hombre y el del animal<\/li>\n<li class=\"iv\">La separaci\u00f3n entre la humanidad y la ciencia<\/li>\n<li class=\"iv\">Esp\u00edritu<\/li>\n<li class=\"iv\">La evoluci\u00f3n de la Creaci\u00f3n<\/li>\n<li class=\"iv\">\u00a1Yo soy el Se\u00f1or, tu Dios!<\/li>\n<li class=\"iv\">La concepci\u00f3n inmaculada y el nacimiento del Hijo de Dios<\/li>\n<li class=\"iv\">La crucifixi\u00f3n del Hijo de Dios y la \u00daltima Cena<\/li>\n<li class=\"iv\">\u00a1Desciende de la cruz!<\/li>\n<li class=\"iv\">\u00a1\u00c9ste es mi cuerpo! \u00a1\u00c9sta es mi sangre!<\/li>\n<li class=\"iv\">La resurrecci\u00f3n del cuerpo terrenal de Cristo<\/li>\n<li class=\"iv\">La mentalidad humana y la Voluntad divina en la Ley del efecto rec\u00edproco<\/li>\n<li class=\"iv\">El Hijo del Hombre<\/li>\n<li class=\"iv\">La fuerza sexual y su importancia para la ascensi\u00f3n espiritual<\/li>\n<li class=\"iv\">\u00a1Yo soy la Resurrecci\u00f3n y la Vida; nadie viene al Padre, sino por m\u00ed!<\/li>\n<li class=\"iv\">Materialidad densa, materialidad et\u00e9rea, radiaciones, espacio y tiempo<\/li>\n<li class=\"iv\">El error de la clarividencia<\/li>\n<li class=\"iv\">Clases de clarividencia<\/li>\n<li class=\"iv\">En el reino de los demonios y de los fantasmas<\/li>\n<li class=\"iv\">Pr\u00e1cticas ocultas, alimentaci\u00f3n en base a carne o vegetales<\/li>\n<li class=\"iv\">Magnetismo terap\u00e9utico<\/li>\n<li class=\"iv\">\u00a1Vivid el presente!<\/li>\n<li class=\"iv\">\u00bfQu\u00e9 debe hacer el hombre para poder entrar en el Reino de Dios?<\/li>\n<li class=\"iv\">\u00a1Miras la paja que est\u00e1 en el ojo de tu hermano y no echas de ver la viga que est\u00e1 en tu propio ojo!<\/li>\n<li class=\"iv\">La lucha en la naturaleza<\/li>\n<li class=\"iv\">La venida del Esp\u00edritu Santo<\/li>\n<li class=\"iv\">El sexo<\/li>\n<li class=\"iv\">\u00bfPuede ser la vejez un obst\u00e1culo para la elevaci\u00f3n espiritual?<\/li>\n<li class=\"iv\">\u00a1Padre, perd\u00f3nalos porque no saben lo que hacen!<\/li>\n<li class=\"iv\">Dioses \u2013 Olimpo \u2013 Walhalla<\/li>\n<li class=\"iv\">La criatura humana<\/li>\n<li class=\"iv\">\u00a1Y mil a\u00f1os son como un d\u00eda!<\/li>\n<li class=\"iv\">Intuici\u00f3n<\/li>\n<li class=\"iv\">La Vida<\/li>\n<\/ol>\n<h3>TOMO III<\/h3>\n<ol class=\"iv\">\n<li class=\"iv\">En el pa\u00eds del crep\u00fasculo<\/li>\n<li class=\"iv\">El hombre que cavila<\/li>\n<li class=\"iv\">M\u00e1rtires voluntarios, fan\u00e1ticos religiosos<\/li>\n<li class=\"iv\">Siervos de Dios<\/li>\n<li class=\"iv\">El instinto de los animales<\/li>\n<li class=\"iv\">El beso de la amistad<\/li>\n<li class=\"iv\">El instrumento deformado<\/li>\n<li class=\"iv\">El ni\u00f1o<\/li>\n<li class=\"iv\">La misi\u00f3n de la feminidad humana<\/li>\n<li class=\"iv\">Omnipresencia<\/li>\n<li class=\"iv\">\u00a1Cristo dijo \u2026!<\/li>\n<li class=\"iv\">\u201cEl movimiento\u201d, ley de la Creaci\u00f3n<\/li>\n<li class=\"iv\">El cuerpo terrenal<\/li>\n<li class=\"iv\">El misterio de la sangre<\/li>\n<li class=\"iv\">El temperamento<\/li>\n<li class=\"iv\">Mira, \u00a1oh hombre!, c\u00f3mo has de recorrer esta Creaci\u00f3n para que los hilos del destino no obstaculicen tu ascensi\u00f3n, sino que la favorezcan<\/li>\n<li class=\"iv\">Una nueva ley<\/li>\n<li class=\"iv\">El deber y la fidelidad<\/li>\n<li class=\"iv\">La belleza de los pueblos<\/li>\n<li class=\"iv\">\u00a1Consumado es!<\/li>\n<li class=\"iv\">En los l\u00edmites de la materialidad densa<\/li>\n<li class=\"iv\">Reconocer a Dios<\/li>\n<li class=\"iv\">El nombre<\/li>\n<li class=\"iv\">Lo sustancial<\/li>\n<li class=\"iv\">Los peque\u00f1os seres sustanciales<\/li>\n<li class=\"iv\">En los talleres f\u00edsicos de los seres sustanciales<\/li>\n<li class=\"iv\">Un alma migra\u2026<\/li>\n<li class=\"iv\">La mujer y el hombre<\/li>\n<li class=\"iv\">Almas deformadas<\/li>\n<li class=\"iv\">El gu\u00eda espiritual del hombre<\/li>\n<li class=\"iv\">\u00a1Hilos luminosos sobre vosotros!<\/li>\n<li class=\"iv\">La Reina Originaria<\/li>\n<li class=\"iv\">El ciclo de las radiaciones<\/li>\n<li class=\"iv\">\u00a1Desechad a los fariseos!<\/li>\n<li class=\"iv\">Posesos<\/li>\n<li class=\"iv\">\u00a1Pedid y recibir\u00e9is!<\/li>\n<li class=\"iv\">Gratitud<\/li>\n<li class=\"iv\">\u00a1H\u00e1gase la Luz!<\/li>\n<li class=\"iv\">Insustancial<\/li>\n<li class=\"iv\">Navidad<\/li>\n<li class=\"iv\">\u00a1No\u00a0<em>caig\u00e1is<\/em>\u00a0en la tentaci\u00f3n!<\/li>\n<li class=\"iv\">El sentido de la familiar<\/li>\n<li class=\"iv\">El dulce hogar<\/li>\n<li class=\"iv\">Los que creen por costumbre<\/li>\n<li class=\"iv\">\u00a1Considera lo que te es de utilidad!<\/li>\n<li class=\"iv\">La suprema Sabidur\u00eda<\/li>\n<li class=\"iv\">El sexo d\u00e9bil<\/li>\n<li class=\"iv\">El puente destruido<\/li>\n<li class=\"iv\">La guardiana de la llama<\/li>\n<li class=\"iv\">Visi\u00f3n general de la Creaci\u00f3n<\/li>\n<li class=\"iv\">El alma<\/li>\n<li class=\"iv\">La naturaleza<\/li>\n<li class=\"iv\">G\u00e9rmenes espirituales<\/li>\n<li class=\"iv\">G\u00e9rmenes sustanciales<\/li>\n<li class=\"iv\">El c\u00edrculo de la sustancialidad<\/li>\n<li class=\"iv\">Las esferas espirituales primordiales I<\/li>\n<li class=\"iv\">Las esferas espirituales primordiales II<\/li>\n<li class=\"iv\">Las esferas espirituales primordiales III<\/li>\n<li class=\"iv\">Las esferas espirituales primordiales IV<\/li>\n<li class=\"iv\">Las esferas espirituales primordiales V<\/li>\n<li class=\"iv\">Las esferas espirituales primordiales VI<\/li>\n<li class=\"iv\">Las esferas espirituales primordiales VII<\/li>\n<li class=\"iv\">Ep\u00edlogo: C\u00f3mo ha de ser acogido el Mensaje<\/li>\n<\/ol>\n<p>[\/et_pb_text][\/et_pb_column][et_pb_column type=\u00bb1_4&#8243; _builder_version=\u00bb4.16&#8243; _module_preset=\u00bbdefault\u00bb custom_css_main_element=\u00bbmargin-top:auto;\u00bb global_colors_info=\u00bb{}\u00bb][\/et_pb_column][\/et_pb_row][\/et_pb_section]<\/p>\n","protected":false},"excerpt":{"rendered":"<p>ContenidoEn la Luz de la Verdad TOMO I Exordio \u00bfQu\u00e9 busc\u00e1is? El clamor por el Remediador El Anticristo Moralidad !Despertad! El silencio Ascensi\u00f3n Culto Paralizaci\u00f3n Candor infantil Castidad El primer paso El universo La Estrella de Bel\u00e9n La lucha La ciencia moderna del esp\u00edritu Caminos falsos \u00bfQu\u00e9 es lo que actualmente separa de la Luz [&hellip;]<\/p>\n","protected":false},"author":2,"featured_media":0,"parent":0,"menu_order":0,"comment_status":"closed","ping_status":"closed","template":"","meta":{"_et_pb_use_builder":"on","_et_pb_old_content":"","_et_gb_content_width":"","footnotes":""},"class_list":["post-945","page","type-page","status-publish","hentry"],"aioseo_notices":[],"_links":{"self":[{"href":"https:\/\/gralsbotschaft.net\/es\/wp-json\/wp\/v2\/pages\/945","targetHints":{"allow":["GET"]}}],"collection":[{"href":"https:\/\/gralsbotschaft.net\/es\/wp-json\/wp\/v2\/pages"}],"about":[{"href":"https:\/\/gralsbotschaft.net\/es\/wp-json\/wp\/v2\/types\/page"}],"author":[{"embeddable":true,"href":"https:\/\/gralsbotschaft.net\/es\/wp-json\/wp\/v2\/users\/2"}],"replies":[{"embeddable":true,"href":"https:\/\/gralsbotschaft.net\/es\/wp-json\/wp\/v2\/comments?post=945"}],"version-history":[{"count":7,"href":"https:\/\/gralsbotschaft.net\/es\/wp-json\/wp\/v2\/pages\/945\/revisions"}],"predecessor-version":[{"id":2211,"href":"https:\/\/gralsbotschaft.net\/es\/wp-json\/wp\/v2\/pages\/945\/revisions\/2211"}],"wp:attachment":[{"href":"https:\/\/gralsbotschaft.net\/es\/wp-json\/wp\/v2\/media?parent=945"}],"curies":[{"name":"wp","href":"https:\/\/api.w.org\/{rel}","templated":true}]}}