{"id":903,"date":"2021-03-28T17:39:50","date_gmt":"2021-03-28T17:39:50","guid":{"rendered":"https:\/\/gralsbotschaft.net\/prologo\/"},"modified":"2021-03-28T17:41:22","modified_gmt":"2021-03-28T17:41:22","slug":"prologo","status":"publish","type":"page","link":"https:\/\/gralsbotschaft.net\/es\/prologo\/","title":{"rendered":"Pr\u00f3logo"},"content":{"rendered":"<p>[et_pb_section fb_built=\u00bb1&#8243; _builder_version=\u00bb4.9.2&#8243; _module_preset=\u00bbdefault\u00bb background_color=\u00bbRGBA(0,0,0,0)\u00bb module_alignment=\u00bbcenter\u00bb custom_margin=\u00bb0px||0px||false|false\u00bb custom_padding=\u00bb0px||0px||false|false\u00bb][et_pb_row column_structure=\u00bb1_4,1_2,1_4&#8243; make_equal=\u00bbon\u00bb _builder_version=\u00bb4.9.2&#8243; _module_preset=\u00bbdefault\u00bb width=\u00bb85%\u00bb max_width=\u00bb85%\u00bb custom_padding=\u00bb60px||101px||false|false\u00bb][et_pb_column type=\u00bb1_4&#8243; _builder_version=\u00bb4.9.2&#8243; _module_preset=\u00bbdefault\u00bb][\/et_pb_column][et_pb_column type=\u00bb1_2&#8243; _builder_version=\u00bb4.9.2&#8243; _module_preset=\u00bbdefault\u00bb][et_pb_image src=\u00bbhttps:\/\/gralsbotschaft.net\/wp-content\/uploads\/2021\/03\/En-la-Luz-de-la-Verdad-Mensaje-del-Grial-e1571265858772-1.png\u00bb title_text=\u00bbEn-la-Luz-de-la-Verdad-Mensaje-del-Grial-e1571265858772 (1)\u00bb align=\u00bbcenter\u00bb _builder_version=\u00bb4.9.2&#8243; _module_preset=\u00bbdefault\u00bb width=\u00bb35%\u00bb max_width=\u00bb35%\u00bb module_alignment=\u00bbcenter\u00bb hover_enabled=\u00bb0&#8243; sticky_enabled=\u00bb0&#8243;][\/et_pb_image][et_pb_text _builder_version=\u00bb4.9.2&#8243; _module_preset=\u00bbdefault\u00bb text_font=\u00bbGeorgia||||||||\u00bb text_text_color=\u00bb#333333&#8243; text_font_size=\u00bb18px\u00bb custom_margin=\u00bb||5px||false|false\u00bb]<\/p>\n<p>Pr\u00f3logo<\/p>\n<p>[\/et_pb_text][et_pb_divider color=\u00bb#333333&#8243; _builder_version=\u00bb4.9.2&#8243; _module_preset=\u00bbdefault\u00bb custom_margin=\u00bb||5px||false|false\u00bb][\/et_pb_divider][et_pb_text _builder_version=\u00bb4.9.2&#8243; _module_preset=\u00bbdefault\u00bb text_font=\u00bbGeorgia||||||||\u00bb text_text_color=\u00bb#333333&#8243; text_font_size=\u00bb18px\u00bb text_line_height=\u00bb1.6em\u00bb header_3_text_align=\u00bbcenter\u00bb header_3_font_size=\u00bb17px\u00bb custom_margin=\u00bb||16px||false|false\u00bb custom_css_main_element=\u00bbheight:450px;||overflow:auto;\u00bb]<\/p>\n<h3>\u00a1DESPRENDETE DE TODA OSCURIDAD!<\/h3>\n<p>&nbsp;<\/p>\n<h4>EXORDIO<\/h4>\n<p>&nbsp;<\/p>\n<p>LA VENDA cae y la fe se torna convicci\u00f3n. \u00a1S\u00f3lo en la convicci\u00f3n reside la liberaci\u00f3n y la redenci\u00f3n!<\/p>\n<p>Mis palabras van dirigidas solamente a quienes buscan con seriedad. Ellos deben estar dotados de capacidad y voluntad para estudiar con objetividad esta objetiva obra. Los fan\u00e1ticos religiosos y los entusiastas inconstantes que desistan de ello, pues s\u00f3lo perjudican a la Verdad. Los malintencionados y los que prejuzgan habr\u00e1n de encontrar por s\u00ed mismos su juicio en las palabras.<\/p>\n<p>El Mensaje alcanzar\u00e1 solamente a quienes todav\u00eda conserven en s\u00ed una chispa de Verdad y el ardiente deseo de ser realmente hombres. A todos ellos servir\u00e1 de faro y b\u00e1culo. Sin rodeos los sacar\u00e1 del caos de la actual confusi\u00f3n.<\/p>\n<p>La Palabra que viene a continuaci\u00f3n no pretende aportar una nueva religi\u00f3n sino ser para todos los oyentes y lectores sinceros la antorcha con que encontrar el camino recto que los conduzca a las anheladas Alturas.<\/p>\n<p>S\u00f3lo quien se mueve por s\u00ed mismo puede avanzar espiritualmente. El necio que se vale para ello de recursos ajenos en forma de concepciones hechas, recorre su senda no de otra suerte que el que se apoya en muletas en tanto que sus propios miembros sanos permanecen inactivos.<\/p>\n<p>M\u00e1s en cuanto recurre a todas las facultades que, dormitando en \u00e9l esperan su llamada y resueltamente las emplea para la ascensi\u00f3n, aprovecha seg\u00fan la Voluntad de su Creador el \u201ctalento\u201d que le fue confiado. As\u00ed podr\u00e1 superar f\u00e1cilmente cuantos obst\u00e1culos se crucen en su camino con \u00e1nimo de descarriarle.<\/p>\n<p>\u00a1Despertad, pues! S\u00f3lo en la convicci\u00f3n reside la fe aut\u00e9ntica, y la convicci\u00f3n s\u00f3lo se logra mediante un estudio y un examen implacables. \u00a1Ergu\u00edos como seres vivientes en la maravillosa Creaci\u00f3n de vuestro Dios!<\/p>\n<p>Abd-ru-shin<\/p>\n<p>[\/et_pb_text][\/et_pb_column][et_pb_column type=\u00bb1_4&#8243; _builder_version=\u00bb4.9.2&#8243; _module_preset=\u00bbdefault\u00bb custom_css_main_element=\u00bbmargin-top:auto;\u00bb][\/et_pb_column][\/et_pb_row][\/et_pb_section]<\/p>\n","protected":false},"excerpt":{"rendered":"<p>Pr\u00f3logo\u00a1DESPRENDETE DE TODA OSCURIDAD! &nbsp; EXORDIO &nbsp; LA VENDA cae y la fe se torna convicci\u00f3n. \u00a1S\u00f3lo en la convicci\u00f3n reside la liberaci\u00f3n y la redenci\u00f3n! Mis palabras van dirigidas solamente a quienes buscan con seriedad. Ellos deben estar dotados de capacidad y voluntad para estudiar con objetividad esta objetiva obra. Los fan\u00e1ticos religiosos y [&hellip;]<\/p>\n","protected":false},"author":2,"featured_media":0,"parent":0,"menu_order":0,"comment_status":"closed","ping_status":"closed","template":"","meta":{"_et_pb_use_builder":"on","_et_pb_old_content":"","_et_gb_content_width":"","footnotes":""},"class_list":["post-903","page","type-page","status-publish","hentry"],"aioseo_notices":[],"_links":{"self":[{"href":"https:\/\/gralsbotschaft.net\/es\/wp-json\/wp\/v2\/pages\/903","targetHints":{"allow":["GET"]}}],"collection":[{"href":"https:\/\/gralsbotschaft.net\/es\/wp-json\/wp\/v2\/pages"}],"about":[{"href":"https:\/\/gralsbotschaft.net\/es\/wp-json\/wp\/v2\/types\/page"}],"author":[{"embeddable":true,"href":"https:\/\/gralsbotschaft.net\/es\/wp-json\/wp\/v2\/users\/2"}],"replies":[{"embeddable":true,"href":"https:\/\/gralsbotschaft.net\/es\/wp-json\/wp\/v2\/comments?post=903"}],"version-history":[{"count":3,"href":"https:\/\/gralsbotschaft.net\/es\/wp-json\/wp\/v2\/pages\/903\/revisions"}],"predecessor-version":[{"id":914,"href":"https:\/\/gralsbotschaft.net\/es\/wp-json\/wp\/v2\/pages\/903\/revisions\/914"}],"wp:attachment":[{"href":"https:\/\/gralsbotschaft.net\/es\/wp-json\/wp\/v2\/media?parent=903"}],"curies":[{"name":"wp","href":"https:\/\/api.w.org\/{rel}","templated":true}]}}