{"id":734,"date":"2021-03-28T11:55:11","date_gmt":"2021-03-28T11:55:11","guid":{"rendered":"https:\/\/gralsbotschaft.net\/autor\/"},"modified":"2021-03-30T17:24:30","modified_gmt":"2021-03-30T17:24:30","slug":"autor","status":"publish","type":"page","link":"https:\/\/gralsbotschaft.net\/es\/autor\/","title":{"rendered":"Autor"},"content":{"rendered":"<p>[et_pb_section fb_built=\u00bb1&#8243; _builder_version=\u00bb4.9.2&#8243; _module_preset=\u00bbdefault\u00bb use_background_color_gradient=\u00bbon\u00bb background_color_gradient_start=\u00bb#ffffff\u00bb background_color_gradient_end=\u00bb#4b6f20&#8243; background_color_gradient_type=\u00bbradial\u00bb background_color_gradient_end_position=\u00bb85%\u00bb height=\u00bb1050px\u00bb height_tablet=\u00bb\u00bb height_phone=\u00bb\u00bb height_last_edited=\u00bbon|phone\u00bb hover_enabled=\u00bb0&#8243; sticky_enabled=\u00bb0&#8243;][et_pb_row column_structure=\u00bb1_4,1_2,1_4&#8243; make_equal=\u00bbon\u00bb _builder_version=\u00bb4.9.2&#8243; _module_preset=\u00bbdefault\u00bb width=\u00bb85%\u00bb max_width=\u00bb85%\u00bb hover_enabled=\u00bb0&#8243; custom_padding=\u00bb||150px||false|false\u00bb sticky_enabled=\u00bb0&#8243;][et_pb_column type=\u00bb1_4&#8243; _builder_version=\u00bb4.9.2&#8243; _module_preset=\u00bbdefault\u00bb][\/et_pb_column][et_pb_column type=\u00bb1_2&#8243; _builder_version=\u00bb4.9.2&#8243; _module_preset=\u00bbdefault\u00bb][et_pb_image src=\u00bbhttps:\/\/gralsbotschaft.net\/wp-content\/uploads\/2021\/03\/abd-ru-shin.png\u00bb title_text=\u00bbabd-ru-shin\u00bb align=\u00bbcenter\u00bb _builder_version=\u00bb4.9.2&#8243; _module_preset=\u00bbdefault\u00bb width=\u00bb35%\u00bb max_width=\u00bb35%\u00bb module_alignment=\u00bbcenter\u00bb hover_enabled=\u00bb0&#8243; width_last_edited=\u00bbon|phone\u00bb sticky_enabled=\u00bb0&#8243; width_phone=\u00bb60%\u00bb max_width_last_edited=\u00bbon|phone\u00bb max_width_phone=\u00bb60%\u00bb][\/et_pb_image][et_pb_divider color=\u00bb#333333&#8243; _builder_version=\u00bb4.9.2&#8243; _module_preset=\u00bbdefault\u00bb custom_margin=\u00bb||5px||false|false\u00bb][\/et_pb_divider][et_pb_text module_class=\u00bbchange-txt\u00bb _builder_version=\u00bb4.9.2&#8243; _module_preset=\u00bbdefault\u00bb text_font=\u00bbGeorgia||||||||\u00bb text_text_color=\u00bb#333333&#8243; text_font_size=\u00bb18px\u00bb text_orientation=\u00bbcenter\u00bb custom_margin=\u00bb||16px||false|false\u00bb]<\/p>\n<h1 style=\"text-align: center;\"><a href=\"http:\/\/abdrushin-autor.net\/\">El autor<\/a><\/h1>\n<p>El verdadero nombre de<br \/>Abd-ru-shin es Oskar Ernst Bernhardt.<\/p>\n<p>Durante los a\u00f1os 1923-1938 dio conferencias que<br \/>m\u00e1s adelante recopil\u00f3 en su obra<\/p>\n<h3>\u201cEn la Luz de la Verdad\u201d.<\/h3>\n<p>Las siguientes palabras las ha dirigido a los lectores de su obra:<br \/>\n\u201cQuiero que se examinen las palabras y que sean asimiladas por uno mismo, siempre que sea posible, porque sin la propia convicci\u00f3n de cada individuo, \u00e9stas no tendr\u00e1n valor para \u00e9l. \u00a1Pero la convicci\u00f3n no debe venir de aqu\u00e9l que aporta la palabra, sino que debe surgir de la concordancia interior con la palabra!<br \/>\nMencion\u00e9 esto expresamente al principio de mis conferencias, por la misma raz\u00f3n, hago hincapi\u00e9 en ello\u201d.<\/p>\n<p><a href=\"#\" class=\"nxt-btn\" style=\"color: #333300; font-size: 18px; border: 1px solid #000; padding: 5px 25px;\">continuar<\/a><\/p>\n<p>[\/et_pb_text][et_pb_code _builder_version=\u00bb4.9.2&#8243; _module_preset=\u00bbdefault\u00bb]<script><!-- [et_pb_line_break_holder] -->jQuery(document).ready(function(){<!-- [et_pb_line_break_holder] -->jQuery(\".nxt-btn\").click(function(){<!-- [et_pb_line_break_holder] -->\tjQuery(\".change-txt\").html('<\/p>\n<div class=\"et_pb_module et_pb_text et_pb_text_1 change-txt  et_pb_text_align_center et_pb_bg_layout_light\">\n<div class=\"et_pb_text_inner\">\n<h1 style=\"text-align: center;\"><a href=\"http:\/\/abdrushin-autor.net\/\">Abd-ru-shin<\/a><\/h1>\n<pee>\u00a1Mi meta es de car\u00e1cter espiritual!<\/pee><pee>Pero yo no aporto una nueva religi\u00f3n, no quiero fundar una nueva iglesia, tampoco una secta; por el contrario yo doy con toda sencillez una clara imagen de la autoactividad de la Creaci\u00f3n, una actividad que lleva en s\u00ed la Voluntad de Dios. As\u00ed el ser humano puede reconocer claramente cu\u00e1les son los caminos que le son favorables.<\/pee><\/div>\n<\/div>\n<p>');<!-- [et_pb_line_break_holder] -->\tjQuery(\".nxt-btn\").hide();<!-- [et_pb_line_break_holder] -->})<!-- [et_pb_line_break_holder] -->});<!-- [et_pb_line_break_holder] --><\/script>[\/et_pb_code][\/et_pb_column][et_pb_column type=\u00bb1_4&#8243; _builder_version=\u00bb4.9.2&#8243; _module_preset=\u00bbdefault\u00bb custom_css_main_element=\u00bbmargin-top:auto;\u00bb][\/et_pb_column][\/et_pb_row][\/et_pb_section]<\/p>\n","protected":false},"excerpt":{"rendered":"<p>El autor El verdadero nombre deAbd-ru-shin es Oskar Ernst Bernhardt. Durante los a\u00f1os 1923-1938 dio conferencias quem\u00e1s adelante recopil\u00f3 en su obra \u201cEn la Luz de la Verdad\u201d. Las siguientes palabras las ha dirigido a los lectores de su obra: \u201cQuiero que se examinen las palabras y que sean asimiladas por uno mismo, siempre que [&hellip;]<\/p>\n","protected":false},"author":2,"featured_media":0,"parent":0,"menu_order":0,"comment_status":"closed","ping_status":"closed","template":"","meta":{"_et_pb_use_builder":"on","_et_pb_old_content":"","_et_gb_content_width":"","footnotes":""},"class_list":["post-734","page","type-page","status-publish","hentry"],"aioseo_notices":[],"_links":{"self":[{"href":"https:\/\/gralsbotschaft.net\/es\/wp-json\/wp\/v2\/pages\/734","targetHints":{"allow":["GET"]}}],"collection":[{"href":"https:\/\/gralsbotschaft.net\/es\/wp-json\/wp\/v2\/pages"}],"about":[{"href":"https:\/\/gralsbotschaft.net\/es\/wp-json\/wp\/v2\/types\/page"}],"author":[{"embeddable":true,"href":"https:\/\/gralsbotschaft.net\/es\/wp-json\/wp\/v2\/users\/2"}],"replies":[{"embeddable":true,"href":"https:\/\/gralsbotschaft.net\/es\/wp-json\/wp\/v2\/comments?post=734"}],"version-history":[{"count":3,"href":"https:\/\/gralsbotschaft.net\/es\/wp-json\/wp\/v2\/pages\/734\/revisions"}],"predecessor-version":[{"id":1438,"href":"https:\/\/gralsbotschaft.net\/es\/wp-json\/wp\/v2\/pages\/734\/revisions\/1438"}],"wp:attachment":[{"href":"https:\/\/gralsbotschaft.net\/es\/wp-json\/wp\/v2\/media?parent=734"}],"curies":[{"name":"wp","href":"https:\/\/api.w.org\/{rel}","templated":true}]}}