{"id":1155,"date":"2021-03-28T19:30:15","date_gmt":"2021-03-28T19:30:15","guid":{"rendered":"https:\/\/gralsbotschaft.net\/citas-sobre-diversos-temas\/"},"modified":"2021-03-28T19:38:58","modified_gmt":"2021-03-28T19:38:58","slug":"citas-sobre-diversos-temas","status":"publish","type":"page","link":"https:\/\/gralsbotschaft.net\/es\/citas-sobre-diversos-temas\/","title":{"rendered":"Citas sobre diversos temas"},"content":{"rendered":"<p>[et_pb_section fb_built=\u00bb1&#8243; _builder_version=\u00bb4.9.2&#8243; _module_preset=\u00bbdefault\u00bb use_background_color_gradient=\u00bbon\u00bb background_color_gradient_start=\u00bb#ffffff\u00bb background_color_gradient_end=\u00bb#4b6f20&#8243; background_color_gradient_type=\u00bbradial\u00bb background_color_gradient_end_position=\u00bb85%\u00bb][et_pb_row column_structure=\u00bb1_4,1_2,1_4&#8243; make_equal=\u00bbon\u00bb _builder_version=\u00bb4.9.2&#8243; _module_preset=\u00bbdefault\u00bb width=\u00bb85%\u00bb max_width=\u00bb85%\u00bb][et_pb_column type=\u00bb1_4&#8243; _builder_version=\u00bb4.9.2&#8243; _module_preset=\u00bbdefault\u00bb][\/et_pb_column][et_pb_column type=\u00bb1_2&#8243; _builder_version=\u00bb4.9.2&#8243; _module_preset=\u00bbdefault\u00bb][et_pb_image src=\u00bbhttps:\/\/gralsbotschaft.net\/wp-content\/uploads\/2021\/03\/En-la-Luz-de-la-Verdad-Mensaje-del-Grial-e1571265858772-1-1.png\u00bb title_text=\u00bbEn-la-Luz-de-la-Verdad-Mensaje-del-Grial-e1571265858772 (1)\u00bb _builder_version=\u00bb4.9.2&#8243; _module_preset=\u00bbdefault\u00bb width=\u00bb38%\u00bb max_width=\u00bb38%\u00bb module_alignment=\u00bbcenter\u00bb hover_enabled=\u00bb0&#8243; sticky_enabled=\u00bb0&#8243;][\/et_pb_image][et_pb_text _builder_version=\u00bb4.9.2&#8243; _module_preset=\u00bbdefault\u00bb text_font=\u00bbGeorgia||||||||\u00bb text_text_color=\u00bb#333333&#8243; text_font_size=\u00bb18px\u00bb custom_margin=\u00bb||5px||false|false\u00bb]<\/p>\n<p>Citas sobre diversos temas<\/p>\n<p>[\/et_pb_text][et_pb_divider color=\u00bb#333333&#8243; _builder_version=\u00bb4.9.2&#8243; _module_preset=\u00bbdefault\u00bb custom_margin=\u00bb||5px||false|false\u00bb][\/et_pb_divider][et_pb_text _builder_version=\u00bb4.9.2&#8243; _module_preset=\u00bbdefault\u00bb text_font=\u00bbGeorgia||||||||\u00bb text_text_color=\u00bb#333333&#8243; text_font_size=\u00bb18px\u00bb custom_margin=\u00bb||16px||false|false\u00bb custom_css_main_element=\u00bbheight:450px;||overflow:auto;\u00bb]<\/p>\n<p class=\"quote\"><em>\u00a0 \u00a0 \u00a0 \u00a0 \u00a0<strong>\u00a0L<\/strong>a senda que conduce hacia el Alt\u00edsimo est\u00e1 abierta para todos los hombres. \u00a1La erudici\u00f3n no es la puerta de acceso!<\/em><\/p>\n<p class=\"quote\">\u00a0 \u00a0 \u00a0 \u00a0 \u00a0<strong>\u00a0Q<\/strong>ui\u00e9n lleva en s\u00ed la firme voluntad de hacer el bien y se esfuerza en investir de pureza sus pensamientos,<em>ya ha encontrado la senda que conduce hacia el Alt\u00edsimo.<\/em><\/p>\n<p class=\"quote\">\u00a0 \u00a0 \u00a0 \u00a0 \u00a0<strong>\u00a0E<\/strong>l hombre capaz de pensar con seriedad reconocer\u00e1 bien pronto que precisamente<em>en la exigencia rigurosa e implacable<\/em>\u00a0de una reflexi\u00f3n detenida reside la mejor ayuda para la salvaci\u00f3n de la humanidad, tan enmara\u00f1ada ya en su pereza espiritual.<\/p>\n<p class=\"quote\">\u00a0 \u00a0 \u00a0 \u00a0 <strong>\u00a0\u00a0L<\/strong>a mujer siempre ser\u00e1 el reflejo fiel de aquel mundo de las formas de pensamiento que pesa sobre su pueblo.<\/p>\n<p class=\"quote\">\u00a0 \u00a0 \u00a0 \u00a0 \u00a0\u00a0<strong>E<\/strong>l camino hacia la Luz ha de experimentarlo cada uno en su interior, ha de descubrirlo\u00a0<em>\u00e9l mismo<\/em>\u00a0si es que desea ir por \u00e9l con pie seguro. S\u00f3lo lo que el hombre ha vivido en su interior, lo que ha sentido intuitivamente en todas sus variaciones, es lo que ha captado \u00edntegramente.<\/p>\n<p class=\"quote\"><em>\u00a0 \u00a0 \u00a0 \u00a0 \u00a0\u00a0<strong>\u201c\u00a1<\/strong>Conservad puro el hogar de vuestros pensamientos, as\u00ed sembrar\u00e9is paz y ser\u00e9is felices!\u201d<\/em><\/p>\n<p class=\"quote\"><em>\u00a0 \u00a0 \u00a0 \u00a0 <strong>\u00a0\u00a0\u00a1<\/strong>El hombre puede decidir y pensar lo bueno o lo malo, o, lo que es lo mismo, puede guiar la Fuerza divina hacia el bien como hacia el mal!<\/em><\/p>\n<p class=\"quote\">\u00a0 \u00a0 \u00a0 \u00a0 <strong>\u00a0\u00a0D<\/strong>ios es la Fuerza propulsora de las leyes de la naturaleza; la Fuerza que ning\u00fan ser humano ha visto ni ha podido llegar a comprender, pero cuyos efectos todo el mundo tiene que ver por necesidad, percibir intuitivamente.<\/p>\n<p class=\"quote\">\u00a0 \u00a0 \u00a0 \u00a0 <strong>\u00a0\u00a0L<\/strong>a vida terrenal actual no es m\u00e1s que una breve etapa de tu existencia verdadera.<\/p>\n<p class=\"quote\">\u00a0 \u00a0 \u00a0 \u00a0 \u00a0<strong>\u00a0\u00a1<\/strong>Con vuestro\u00a0<em>ser<\/em>, vuestra naturaleza, deb\u00e9is dar a vuestro pr\u00f3jimo! No necesariamente en dinero o en bienes.<\/p>\n<p>[\/et_pb_text][\/et_pb_column][et_pb_column type=\u00bb1_4&#8243; _builder_version=\u00bb4.9.2&#8243; _module_preset=\u00bbdefault\u00bb custom_css_main_element=\u00bbmargin-top:auto;\u00bb][\/et_pb_column][\/et_pb_row][\/et_pb_section]<\/p>\n","protected":false},"excerpt":{"rendered":"<p>Citas sobre diversos temas\u00a0 \u00a0 \u00a0 \u00a0 \u00a0\u00a0La senda que conduce hacia el Alt\u00edsimo est\u00e1 abierta para todos los hombres. \u00a1La erudici\u00f3n no es la puerta de acceso! \u00a0 \u00a0 \u00a0 \u00a0 \u00a0\u00a0Qui\u00e9n lleva en s\u00ed la firme voluntad de hacer el bien y se esfuerza en investir de pureza sus pensamientos,ya ha encontrado la [&hellip;]<\/p>\n","protected":false},"author":2,"featured_media":0,"parent":0,"menu_order":0,"comment_status":"closed","ping_status":"closed","template":"","meta":{"_et_pb_use_builder":"on","_et_pb_old_content":"","_et_gb_content_width":"","footnotes":""},"class_list":["post-1155","page","type-page","status-publish","hentry"],"aioseo_notices":[],"_links":{"self":[{"href":"https:\/\/gralsbotschaft.net\/es\/wp-json\/wp\/v2\/pages\/1155","targetHints":{"allow":["GET"]}}],"collection":[{"href":"https:\/\/gralsbotschaft.net\/es\/wp-json\/wp\/v2\/pages"}],"about":[{"href":"https:\/\/gralsbotschaft.net\/es\/wp-json\/wp\/v2\/types\/page"}],"author":[{"embeddable":true,"href":"https:\/\/gralsbotschaft.net\/es\/wp-json\/wp\/v2\/users\/2"}],"replies":[{"embeddable":true,"href":"https:\/\/gralsbotschaft.net\/es\/wp-json\/wp\/v2\/comments?post=1155"}],"version-history":[{"count":3,"href":"https:\/\/gralsbotschaft.net\/es\/wp-json\/wp\/v2\/pages\/1155\/revisions"}],"predecessor-version":[{"id":1234,"href":"https:\/\/gralsbotschaft.net\/es\/wp-json\/wp\/v2\/pages\/1155\/revisions\/1234"}],"wp:attachment":[{"href":"https:\/\/gralsbotschaft.net\/es\/wp-json\/wp\/v2\/media?parent=1155"}],"curies":[{"name":"wp","href":"https:\/\/api.w.org\/{rel}","templated":true}]}}